{"id":126,"date":"2013-07-19T08:13:02","date_gmt":"2013-07-19T06:13:02","guid":{"rendered":"https:\/\/franziskanergymnasium-kreuzburg.de\/cms\/?page_id=126"},"modified":"2026-03-01T16:49:18","modified_gmt":"2026-03-01T15:49:18","slug":"stellenausschreibungen","status":"publish","type":"page","link":"https:\/\/franziskanergymnasium-kreuzburg.de\/cms\/stellenausschreibungen\/","title":{"rendered":"Stellenausschreibungen"},"content":{"rendered":"<!--<h3 class=\"gdl-header-title\" style=\"margin-bottom:20px;\">Stellenausschreibung Schulleiter \/ Schulleiterin (m\/w\/d)<\/h3>\r\n<p>Zum Schuljahr 2026-27 suchen wir f\u00fcr das Franziskanergymnasium Kreuzburg einen Schulleiter \/ eine Schulleiterin (m\/w\/d). Bitte beachten Sie die folgende PDF-Datei f\u00fcr weitere Informationen.<\/p>\r\n\r\n[wpdm_package id='43125']\r\n<br> -->\r\n<h3 class=\"gdl-header-title\" style=\"margin-bottom:20px;\">Stellenangebote f\u00fcr Lehrkr\u00e4fte<\/h3>\r\n\r\n<p>Zur Verst\u00e4rkung unseres Kollegiums suchen wir Lehrkr\u00e4fte zum Unterricht in den Sekundarstufen I und II, insbesondere mit den F\u00e4chern <strong>Spanisch, Englisch, Deutsch, Sport, Chemie, Physik und Politik und Wirtschaft<\/strong>.<\/p><p>\r\n\r\nAls Arbeitgeber bieten wir:\r\n<ul>\r\n\r\n\t<li>ein offenes und motiviertes Kollegium mit vielf\u00e4ltigen M\u00f6glichkeiten zur Teamarbeit und zur Schulentwicklung <\/li>\r\n\r\n\t<li>intensiven p\u00e4dagogischen und psychologischen Austausch mit interdisziplin\u00e4ren Ansprechpartnern (z. B. Schulpsychologin, Schulseelsorger, P\u00e4dagogische Stufenleiterinnen und -leiter, Medienp\u00e4dagoginnen und -p\u00e4dagogen, Kooperation mit dem <a href=\"https:\/\/fbw.kreuzburg.de\/fbw\/\" target=\"_blank\" rel=\"noopener\">Franziskanischen Bildungswerk)<\/a><\/li>\r\n\r\n\t<li>zeitgem\u00e4\u00dfes digitales Lehren und Lernen \u2013 jede Sch\u00fclerin \/ jeder Sch\u00fcler sowie jede Lehrkraft verf\u00fcgt \u00fcber ein digitales Endger\u00e4t<\/li>\r\n\r\n\t<li>umfassende Fort- und Weiterbildungsm\u00f6glichkeiten <\/li>\r\n\r\n\t<li>Bezahlung und Zusatzversorgung in Anlehnung an beamtenrechtliche Vorgaben des Landes Hessen<\/li>\r\n<\/ul>\r\n<br>\r\n<p>\r\nAls Privatschule k\u00f6nnen wir Freir\u00e4ume nutzen, um auf Interessen und Neigungen unserer Sch\u00fclerinnen und Sch\u00fcler in vielf\u00e4ltiger Weise einzugehen. Dies spiegelt sich auch in unseren Leits\u00e4tzen sowie unserem p\u00e4dagogischen Konzept wider. Weitere Informationen dazu finden Sie <a href=\"https:\/\/franziskanergymnasium-kreuzburg.de\/schulprogramm\/#1\" target=\"_blank\" rel=\"noopener\">hier<\/a>.<\/p><p>\r\n\r\n\r\n<\/p>\r\n\r\n<p>Bei Interesse richten Sie bitte Ihre Bewerbung an die Schulleitung. <\/p><p>\r\nPostalisch: <br>\r\nFranziskanergymnasium Kreuzburg<br>\r\n&#8211; Schulleitung &#8211;<br>\r\nNiederwaldstr. 1<br> \r\n63538 Gro\u00dfkrotzenburg<\/p><p>\r\noder per Mail:<br>\r\n<a href=\"mailto:schulleitung@kreuzburg.de\">schulleitung@kreuzburg.de<\/a><\/p>\r\n\r\n<p>Die vertrauliche Behandlung Ihrer Bewerbung ist selbstverst\u00e4ndlich.<br>\r\nDatenschutzrechtliche Hinweise f\u00fcr Bewerberinnen und Bewerber k\u00f6nnen <a attid=\"34996\"  href=\"https:\/\/franziskanergymnasium-kreuzburg.de\/cms\/wp-content\/uploads\/2022\/12\/Datenschutzinfo-fuer-BewerberInnen.pdf\">hier<\/a> nachgelesen werden.\r\n\r\n<!--\r\n<br><br>\r\n<h3 class=\"gdl-header-title\" style=\"margin-bottom:20px;\" id=\"sekretariat\">Schulsekret\u00e4r \/ Schulsekret\u00e4rin (m\/w\/d) zum 01.01.2025<\/h3>\r\n\r\n<p>F\u00fcr das Sekretariat des Franziskanergymnasiums Kreuzburg gGmbH in Gro\u00dfkrotzenburg suchen wir zum 01.01.2025 f\u00fcr 16 Stunden in der Woche an zwei oder drei Tagen einen Schulsekret\u00e4r bzw. eine Schulsekret\u00e4rin. Die gesamte Stellenausschreibung k\u00f6nnen Sie hier herunterladen: [wpdm_package id='41729']<\/p>\r\n\r\n<br><br>\r\n<h3 class=\"gdl-header-title\" style=\"margin-bottom:20px;\" id=\"schulseelsorge\">Schulseelsorge (m\/w\/d) zum 01.02.2025<\/h3>\r\n\r\n<p>Ab dem 01.02.2025 suchen wir eine engagierte Pers\u00f6nlichkeit f\u00fcr die Aufgabe der Schulseelsorge am Franziskanergymnasium Kreuzburg. Die gesamte Stellenausschreibung k\u00f6nnen Sie hier herunterladen: [wpdm_package id='41588']<\/p>\r\n\r\n-->\r\n\r\n<br>\r\n<h3 class=\"gdl-header-title\" style=\"margin-bottom:20px;\">U-Plus-Kr\u00e4fte<\/h3>\r\n\r\n<p>Gesucht werden motivierte Studentinnen und Studenten (bevorzugt mit Studienfach Lehramt und absolviertem Praktikum), die tageweise auf Honorarbasis Vertretungsunterricht bzw. Aufsicht bei Klausuren und Klassenarbeiten \u00fcbernehmen. Bewerbungen bitte mit den \u00fcblichen Unterlagen an <a href=\"mailto:vertretungsplan@kreuzburg.de\">vertretungsplan@kreuzburg.de<\/a>\r\nAnsprechpartner ist Frau B\u00e4uscher<\/p>\r\n\r\n<br><br>\r\n\r\n<!--<h3 class=\"gdl-header-title\" style=\"margin-bottom:20px;\">K\u00fcchenhilfe f\u00fcr die Schulcafeteria gesucht<\/h3> <p>\r\n<strong>Stellenausschreibung<\/strong>\r\n<br><br>\r\nDas Franziskanergymnasium Kreuzburg ist ein staatlich anerkanntes Gymnasium in kirchlicher Tr\u00e4gerschaft. An unserer Schule lernen und arbeiten derzeit ca. 1.250 Sch\u00fclerinnen und Sch\u00fcler und ca. 120 Lehrkr\u00e4fte. Die Erziehung und Bildung auf der Grundlage franziskanischer Spiritualit\u00e4t sowie die intensive Zusammenarbeit zwischen Sch\u00fclerinnen und Sch\u00fclern, Lehrkr\u00e4ften und Eltern geh\u00f6ren zu unserem Schulprofil.\r\n<br><br>\r\nF\u00fcr die Cafeteria an unserer Schule in Gro\u00dfkrotzenburg suchen wir zum 01.09.2024 eine<br><br>\r\n\r\n<strong>K\u00fcchenhilfe (m\/w\/d)<\/strong>\r\n<br><br>\r\nUnsere Schulcafeteria bietet einen t\u00e4glichen Verkauf von wechselnden warmen und kalten Speisen. Zu unserem Angebot geh\u00f6ren u.a. eine Salattheke, Nudeltheke, belegte Br\u00f6tchen, Obst, Geb\u00e4ck und S\u00fc\u00dfwaren. Wir verwenden regionale Produkte und achten auf fair trade. Unsere Cafeteria ist ein Aufenthaltsort, ein Ort zum Ausruhen, Austausch und Ort der Begegnung.<br>\r\n\r\nT\u00e4glich bewirten wir rund 600 Sch\u00fclerinnen und Sch\u00fcler und Lehrkr\u00e4fte. Unser hauptamtliches Cafeteria-Team wird von Eltern unterst\u00fctzt. Teamorientiertes Arbeiten und ein freundlicher, respektvoller Umgang gegen\u00fcber allen Menschen an unserer Schule sind uns sehr wichtig.<br><br>\r\n\r\nIhre Aufgabe bei uns:<br>\r\n\r\n- Geschirrversorgung (Sp\u00fclk\u00fcche), Essensausgabe sowie Vor- und Zubereitung der Speisen<br>\r\n\r\n- Umsetzung und Einhaltung s\u00e4mtlicher lebensmittelrechtlicher Vorgaben und Hygienevorschriften sowie Qualit\u00e4tsstandards<br>\r\n\r\n- Bedienen verschiedener K\u00fcchenmaschinen und -ger\u00e4ten nach Anweisung<br>\r\n\r\n- Ausf\u00fchren von Reinigungsarbeiten nach HACCP<br><br>\r\n\r\nIhr Profil<br>\r\n\r\n- Idealerweise bringen Sie Berufserfahrung aus dem Bereich K\u00fcche oder Gastronomie mit.<br>\r\n\r\n- Sie sind aufgeschlossen und zuverl\u00e4ssig und Sie sind bereit dazuzulernen.<br>\r\n\r\n- Der Umgang mit Lebensmitteln macht Ihnen Spa\u00df, dabei arbeiten Sie stets sorgf\u00e4ltig.<br>\r\n\r\n- Sie packen gerne mit an und k\u00f6rperliche Arbeit liegt Ihnen.<br>\r\n\r\n- Sie haben Freude daran, mit Kindern und auch Erwachsenen im Kontakt zu stehen und sind freundlich und hilfsbereit.<br>\r\n\r\n- Wenn es mal hektisch wird, behalten Sie die Ruhe, den \u00dcberblick und den Humor.<br>\r\n\r\n- Sie sind zeitlich flexibel und k\u00f6nnen auch mal einspringen, wenn jemand aus dem Team krank wird.<br><br>\r\n\r\nDas bieten wir Ihnen:<br>\r\n\r\n- Teilzeitstelle im Umfang bis 20 Std. pro Woche<br>\r\n\r\n- eine unbefristete Anstellung<br>\r\n\r\n- 30 Tage Urlaub im Jahr<br>\r\n\r\n- Betriebliche Altersvorsorge<br>\r\n\r\n- regelm\u00e4\u00dfige Arbeitszeiten<br>\r\n\r\n- eine gute Einarbeitung<br>\r\n\r\n- ein freundliches Team, das Wert auf ein wertsch\u00e4tzendes Miteinander legt.<br><br>\r\n\r\nDie Verg\u00fctung richtet sich nach Arbeitsvertragsordnung (AVO) des Bistums Fulda.<br><br>\r\n\r\nWenn Sie Interesse an dieser T\u00e4tigkeit haben, dann richten Sie Ihre schriftliche Bewerbung bis 31.05.2024 an die Gesch\u00e4ftsf\u00fchrung des Franziskanergymnasium Kreuzburg gGmbH, Frau Elke Hohmann, Niederwaldstra\u00dfe 1, 63538 Gro\u00dfkrotzenburg, hohmann@kreuzburg.de, Tel. 06186 \/ 916 601.<br><br>\r\n\r\nBei Interesse erm\u00f6glichen wir eine Hospitation in unserer Cafeteria. F\u00fcr eine Terminvereinbarung wenden Sie sich an die Cafeterialeitung, Frau Himmelein-Hildebrand, cafeteria@kreuzburg.de, Tel. 06186 \/ 916 751.<br><br>\r\nHier k\u00f6nnen Sie die \r\n\r\n<a attid=\"38821\"  href=\"https:\/\/franziskanergymnasium-kreuzburg.de\/cms\/wp-content\/uploads\/2024\/05\/2024-04-30_Stellenausschreibung-Kuechenhilfe.pdf\">Stellenausschreibung<\/a> herunterladen.-->\r\n\r\n<!--\r\n[divider  ][space height=\"20\"]\r\n<p>Voraussetzung f\u00fcr eine unterrichtliche T\u00e4tigkeit ist das erste und zweite Staatsexamen f\u00fcr das Lehramt an Gymnasien.<\/p>\r\n<p>Wir suchen zum 1. Mai 2022 eine voll ausgebildete Gymnasiallehrerin \/ einen voll ausgebildeten Gymnasiallehrer mit dem Fach Schulpsychologie in Kombination mit mindestens einem weiteren Fach, vorzugsweise Mathematik oder Englisch. Auch andere F\u00e4cherkombinationen und Psychologie als Erweiterungsfach sind m\u00f6glich. <\/p>\r\n\r\nGenaueres kann in der Stellenausschreibung <a attid=\"31113\" href=\"https:\/\/franziskanergymnasium-kreuzburg.de\/cms\/wp-content\/uploads\/2021\/10\/2021Ausschreibung-Schulpsychologie.pdf\" target=\"_blank\" rel=\"noopener\">hier<\/a> nachgelesen werden.<\/p>\r\nWir melden uns bei Ihnen, sobald sich der Bedarf konkretisiert.--!>\r\n","protected":false},"excerpt":{"rendered":"Stellenangebote f\u00fcr Lehrkr\u00e4fte Zur Verst\u00e4rkung unseres Kollegiums suchen wir Lehrkr\u00e4fte zum Unterricht in den Sekundarstufen I und II, insbesondere mit den F\u00e4chern Spanisch, Englisch, Deutsch, Sport, Chemie, Physik und Politik und Wirtschaft. Als Arbeitgeber bieten wir: ein offenes und motiviertes Kollegium mit vielf\u00e4ltigen M\u00f6glichkeiten zur Teamarbeit und zur Schulentwicklung intensiven p\u00e4dagogischen und psychologischen Austausch mit interdisziplin\u00e4ren Ansprechpartnern (z. B. Schulpsychologin, Schulseelsorger, P\u00e4dagogische Stufenleiterinnen und -leiter, Medienp\u00e4dagoginnen und -p\u00e4dagogen, Kooperation mit dem Franziskanischen Bildungswerk) zeitgem\u00e4\u00dfes digitales Lehren und Lernen \u2013 jede Sch\u00fclerin \/ jeder Sch\u00fcler sowie jede Lehrkraft verf\u00fcgt \u00fcber ein digitales Endger\u00e4t umfassende Fort- und Weiterbildungsm\u00f6glichkeiten Bezahlung und Zusatzversorgung in Anlehnung an beamtenrechtliche Vorgaben des Landes Hessen Als Privatschule k\u00f6nnen wir Freir\u00e4ume nutzen, um auf Interessen und Neigungen unserer Sch\u00fclerinnen und Sch\u00fcler in vielf\u00e4ltiger Weise einzugehen. Dies spiegelt sich auch in unseren Leits\u00e4tzen sowie unserem p\u00e4dagogischen Konzept wider. Weitere Informationen dazu finden Sie hier. Bei Interesse richten Sie bitte Ihre Bewerbung an die Schulleitung. Postalisch: Franziskanergymnasium Kreuzburg &#8211; Schulleitung &#8211; Niederwaldstr. 1 63538 Gro\u00dfkrotzenburg oder per Mail: schulleitung@kreuzburg.de Die vertrauliche Behandlung Ihrer Bewerbung ist selbstverst\u00e4ndlich. Datenschutzrechtliche Hinweise f\u00fcr Bewerberinnen und Bewerber k\u00f6nnen hier nachgelesen werden. U-Plus-Kr\u00e4fte Gesucht werden motivierte Studentinnen und Studenten (bevorzugt mit Studienfach Lehramt und absolviertem Praktikum), die tageweise auf Honorarbasis Vertretungsunterricht bzw. Aufsicht bei Klausuren und Klassenarbeiten \u00fcbernehmen. Bewerbungen bitte mit den \u00fcblichen Unterlagen an vertretungsplan@kreuzburg.de Ansprechpartner ist Frau B\u00e4uscher","protected":false},"author":1,"featured_media":0,"parent":0,"menu_order":0,"comment_status":"open","ping_status":"open","template":"","meta":{"ngg_post_thumbnail":0,"footnotes":""},"class_list":["post-126","page","type-page","status-publish","hentry"],"publishpress_future_action":{"enabled":false,"date":"2026-05-04 17:01:14","action":"change-status","newStatus":"draft","terms":[],"taxonomy":"","extraData":[]},"publishpress_future_workflow_manual_trigger":{"enabledWorkflows":[]},"_links":{"self":[{"href":"https:\/\/franziskanergymnasium-kreuzburg.de\/cms\/wp-json\/wp\/v2\/pages\/126","targetHints":{"allow":["GET"]}}],"collection":[{"href":"https:\/\/franziskanergymnasium-kreuzburg.de\/cms\/wp-json\/wp\/v2\/pages"}],"about":[{"href":"https:\/\/franziskanergymnasium-kreuzburg.de\/cms\/wp-json\/wp\/v2\/types\/page"}],"author":[{"embeddable":true,"href":"https:\/\/franziskanergymnasium-kreuzburg.de\/cms\/wp-json\/wp\/v2\/users\/1"}],"replies":[{"embeddable":true,"href":"https:\/\/franziskanergymnasium-kreuzburg.de\/cms\/wp-json\/wp\/v2\/comments?post=126"}],"version-history":[{"count":79,"href":"https:\/\/franziskanergymnasium-kreuzburg.de\/cms\/wp-json\/wp\/v2\/pages\/126\/revisions"}],"predecessor-version":[{"id":43445,"href":"https:\/\/franziskanergymnasium-kreuzburg.de\/cms\/wp-json\/wp\/v2\/pages\/126\/revisions\/43445"}],"wp:attachment":[{"href":"https:\/\/franziskanergymnasium-kreuzburg.de\/cms\/wp-json\/wp\/v2\/media?parent=126"}],"curies":[{"name":"wp","href":"https:\/\/api.w.org\/{rel}","templated":true}]}}