{"id":15866,"date":"2017-12-12T19:44:26","date_gmt":"2017-12-12T18:44:26","guid":{"rendered":"https:\/\/franziskanergymnasium-kreuzburg.de\/cms\/?page_id=15866"},"modified":"2024-04-21T22:57:25","modified_gmt":"2024-04-21T20:57:25","slug":"unser-schulprogramm","status":"publish","type":"page","link":"https:\/\/franziskanergymnasium-kreuzburg.de\/cms\/unser-schulprogramm\/","title":{"rendered":"Unser Schulprogramm"},"content":{"rendered":"<p>Unser <a href=\"\/cms\/schulprofil\/\">Schulprofil<\/a> mit den Leitbegriffen zur franziskanischen Spiritualit\u00e4t bildet das Fundament unserer schulischen Arbeit und konkretisiert unseren Bildungs- und Erziehungsauftrag. Das unten stehende Schulprogramm informiert nicht nur dar\u00fcber, wie wir diesen Auftrag konkret umsetzen, sondern stellt auch dar, was unsere Sch\u00fclerinnen und Sch\u00fcler in neun Jahren Schulzeit erwartet.<\/p>","protected":false},"excerpt":{"rendered":"Unser Schulprofil mit den Leitbegriffen zur franziskanischen Spiritualit\u00e4t bildet das Fundament unserer schulischen Arbeit und konkretisiert unseren Bildungs- und Erziehungsauftrag. Das unten stehende Schulprogramm informiert nicht nur dar\u00fcber, wie wir diesen Auftrag konkret umsetzen, sondern stellt auch dar, was unsere Sch\u00fclerinnen und Sch\u00fcler in neun Jahren Schulzeit erwartet.","protected":false},"author":1,"featured_media":0,"parent":0,"menu_order":0,"comment_status":"closed","ping_status":"closed","template":"","meta":{"ngg_post_thumbnail":0,"footnotes":""},"class_list":["post-15866","page","type-page","status-publish","hentry"],"publishpress_future_action":{"enabled":false,"date":"2026-05-04 16:56:27","action":"change-status","newStatus":"draft","terms":[],"taxonomy":"","extraData":[]},"publishpress_future_workflow_manual_trigger":{"enabledWorkflows":[]},"_links":{"self":[{"href":"https:\/\/franziskanergymnasium-kreuzburg.de\/cms\/wp-json\/wp\/v2\/pages\/15866","targetHints":{"allow":["GET"]}}],"collection":[{"href":"https:\/\/franziskanergymnasium-kreuzburg.de\/cms\/wp-json\/wp\/v2\/pages"}],"about":[{"href":"https:\/\/franziskanergymnasium-kreuzburg.de\/cms\/wp-json\/wp\/v2\/types\/page"}],"author":[{"embeddable":true,"href":"https:\/\/franziskanergymnasium-kreuzburg.de\/cms\/wp-json\/wp\/v2\/users\/1"}],"replies":[{"embeddable":true,"href":"https:\/\/franziskanergymnasium-kreuzburg.de\/cms\/wp-json\/wp\/v2\/comments?post=15866"}],"version-history":[{"count":11,"href":"https:\/\/franziskanergymnasium-kreuzburg.de\/cms\/wp-json\/wp\/v2\/pages\/15866\/revisions"}],"predecessor-version":[{"id":38737,"href":"https:\/\/franziskanergymnasium-kreuzburg.de\/cms\/wp-json\/wp\/v2\/pages\/15866\/revisions\/38737"}],"wp:attachment":[{"href":"https:\/\/franziskanergymnasium-kreuzburg.de\/cms\/wp-json\/wp\/v2\/media?parent=15866"}],"curies":[{"name":"wp","href":"https:\/\/api.w.org\/{rel}","templated":true}]}}