{"id":17040,"date":"2018-03-01T11:34:34","date_gmt":"2018-03-01T10:34:34","guid":{"rendered":"https:\/\/franziskanergymnasium-kreuzburg.de\/cms\/?page_id=17040"},"modified":"2021-11-14T12:36:48","modified_gmt":"2021-11-14T11:36:48","slug":"mint-an-der-kreuzburg","status":"publish","type":"page","link":"https:\/\/franziskanergymnasium-kreuzburg.de\/cms\/mint-an-der-kreuzburg\/","title":{"rendered":"MINT an der Kreuzburg"},"content":{"rendered":"MINT-Koordinator: <strong>M. Seipp<\/strong>\r\n<div class=\"clear\"><\/div><div class=\"gdl-divider gdl-border-x top\"><div class=\"scroll-top\"><\/div><\/div>\r\n<div class=\"clear\" style=\" height:20px;\" ><\/div> \r\n<a attid=\"17044\"  href=\"https:\/\/franziskanergymnasium-kreuzburg.de\/cms\/wp-content\/uploads\/2018\/03\/MINT-freundliche_Schule_Logo.jpg\" rel=\"lightbox[17040]\"><img loading=\"lazy\" decoding=\"async\" src=\"https:\/\/franziskanergymnasium-kreuzburg.de\/cms\/wp-content\/uploads\/2018\/03\/MINT-freundliche_Schule_Logo.jpg\" alt=\"\" width=\"240\" height=\"103\" class=\"alignleft size-full wp-image-17044\" \/><\/a>\r\n<p>Gelebte Begeisterung f\u00fcr die Faszination der MINT-F\u00e4cher, also der Mathematik, der Informatik, der Naturwissenschaften und der Technik, existiert an der Kreuzburg seit Jahrzehnten. Auf dieser Tradition fu\u00dfend ist die Zertifizierung des Franziskanergymnasiums als &#8222;MINT-freundliche Schule&#8220; eine Best\u00e4tigung f\u00fcr die nachhaltige Arbeit aller Kolleginnen und Kollegen in diesem Fachbereich. Um auch in Zukunft vielf\u00e4ltig und zugleich tiefgr\u00fcndig in den MINT-F\u00e4chern aufgestellt zu sein, bietet die MINT-Zertifizierung eine optimale Grundlage zur B\u00fcndelung und Weiterentwicklung der bestehenden Angebote der Kreuzburg. So ist es das selbst auferlegte Ziel in den kommenden Jahren das &#8222;MINT an der Kreuzburg&#8220; zu systematisieren und dadurch allen interessierten Sch\u00fclerinnen und Sch\u00fclern eine optimale F\u00f6rderung zu erm\u00f6glichen. F\u00fcr die Koordination der Entwicklung ist Markus Seipp verantwortlich. Ein wesentlicher Baustein hierf\u00fcr ist die Realisierung <a href=\"https:\/\/franziskanergymnasium-kreuzburg.de\/cms\/ein-neuer-baustein-zur-mint-foerderung-an-der-kreuzburg\/\">der MINT-Pass<\/a> F\u00f6rderung seit dem Schuljahr 2019\/2020 \u2013 aktuell befinden sich 30 Lernende in diesem F\u00f6rderprogramm.<\/p>\r\n\r\n\r\n<video controls=\"controls\" width=\"380\" poster=\"https:\/\/franziskanergymnasium-kreuzburg.de\/cms\/wp-content\/uploads\/2018\/03\/MintFilm.png\" class=\"alignright\">\r\n<source src=\"https:\/\/franziskanergymnasium-kreuzburg.de\/cms\/wp-content\/uploads\/mint\/Mint_Bewerbung.m4v\"><\/video>\r\n\r\n<h5>Profilbildung \u00fcber die MINT-Stundentafel und den freien Lernbereich<\/h5>\r\n<p>Das Franziskanergymnasium erm\u00f6glicht jeder Sch\u00fclerin und jedem Sch\u00fcler mit dem Eintritt in die Jahrgangsstufe 5 eine individuelle MINT-Profilbildung. Insbesondere durch die Ausstattung mit digitalen Endger\u00e4ten mit dem Eintritt in die Schule, ist es f\u00fcr die MINT-F\u00e4cher m\u00f6glich, einen anschaulichen sowie begeisternden Unterricht zu realisieren. Die verpflichtenden Unterrichtsstunden in den F\u00e4chern <a href=\"https:\/\/franziskanergymnasium-kreuzburg.de\/cms\/biologie\/\">Biologie<\/a>, <a href=\"https:\/\/franziskanergymnasium-kreuzburg.de\/cms\/chemie\/\">Chemie<\/a>, <a href=\"https:\/\/franziskanergymnasium-kreuzburg.de\/cms\/physik\/\">Physik <\/a>und <a href=\"https:\/\/franziskanergymnasium-kreuzburg.de\/cms\/physik\/\">NaWi<\/a>, welches monoedukativ unterrichtet wird, k\u00f6nnen durch die gezielte Wahl von MINT-Angeboten im freien Lernbereich erg\u00e4nzt werden. Hierbei erstreckt sich das Angebot des Franziskanergymnasiums von <a href=\"https:\/\/franziskanergymnasium-kreuzburg.de\/cms\/informationstechnische-grundbildung\/\">einf\u00fchrendem Informatikunterricht in der Klasse 5<\/a> \u00fcber <a href=\"https:\/\/franziskanergymnasium-kreuzburg.de\/cms\/freier-lernbereich\/flb-jg-6\/\">Wahlpflichtangebote in der Klasse 6<\/a> wie <a href=\"https:\/\/franziskanergymnasium-kreuzburg.de\/cms\/forschen-und-experimentieren\/\">&#8222;Forschen und Experimentieren&#8220;<\/a> oder &#8211; speziell f\u00fcr M\u00e4dchen &#8211; <a href=\"https:\/\/franziskanergymnasium-kreuzburg.de\/cms\/wp-content\/uploads\/2020\/04\/Ausschreibung-Glitzerchemie.pdf\">&#8222;Glitzerchemie&#8220;<\/a> bis zum  <a href=\"https:\/\/franziskanergymnasium-kreuzburg.de\/cms\/freier-lernbereich\/freier-lernbereich-in-den-jahrgangsstufen-9-und-10\/\">Wahlunterricht &#8222;Luft- und Raumfahrttechnik&#8220; Klassen 9 und 1<\/a>0. Eine besondere F\u00f6rderm\u00f6glichkeit f\u00fcr MINT-affine Sch\u00fclerinnen und Sch\u00fcler besteht im Rahmen des <a href=\"https:\/\/franziskanergymnasium-kreuzburg.de\/cms\/freier-lernbereich\/freier-lernbereich-jahrgangsstufe-8-efj-eigenstaendiges-forscherjahr\/\">&#8222;eigenst\u00e4ndigen Forscherjahres&#8220;<\/a> in der Klasse 8. Zu einem selbst gew\u00e4hlten Thema k\u00f6nnen die Sch\u00fclerinnen und Sch\u00fcler ein ganzes Schuljahr lang recherchieren und eine umfassende Forscherarbeit verfassen. Im Zuge dessen ist es \u00fcblich, dass interessierte Lernende zum Beispiel am &#8222;JuniorING-Wettbewerb&#8220; teilnehmen.<\/p>\r\n\r\n<h5>AG-Angebote am Nachmittag und au\u00dferunterrichtliche Aktivit\u00e4ten<\/h5><p>\r\n\u00dcber den regul\u00e4ren  Unterricht hinaus bietet das Franziskanergymnasium <a href=\"https:\/\/franziskanergymnasium-kreuzburg.de\/cms\/arbeitsgemeinschaften\/\">Arbeitsgemeinschaften <\/a>f\u00fcr Sch\u00fclerinnen und Sch\u00fcler in allen MINT-Bereichen. Die Schlaufuchs-AG bietet ambitionierten Sch\u00fclerinnen und Sch\u00fclern viele knifflige Herausforderungen im Fach Mathematik sowie eine optimale Vorbereitung auf den K\u00e4nguru-Wettbewerb. \u00dcber die Schlaufuchs-AG hinaus bieten <a href=\"https:\/\/franziskanergymnasium-kreuzburg.de\/cms\/arbeitsgemeinschaften\/\">Arbeitsgemeinschaften<\/a> zu den Themen Robotik, <a href=\"https:\/\/franziskanergymnasium-kreuzburg.de\/cms\/astronomie-ag-kommt-dem-weltraum-nahe\/\">Astronomie<\/a>, Physik, <a href=\"https:\/\/franziskanergymnasium-kreuzburg.de\/cms\/projekte-fuer-klimabildung-und-nachhaltigkeit-werden-geehrt\/\">Bienen<\/a>, <a href=\"https:\/\/franziskanergymnasium-kreuzburg.de\/cms\/tag\/natur-pur\/\">Natur<\/a>, <a href=\"https:\/\/franziskanergymnasium-kreuzburg.de\/cms\/innovativ-und-interaktiv-auszeichnung-fuer-schulradio-fragy-fm\/\">Radio<\/a> (<a href=\"https:\/\/www.youtube.com\/channel\/UCwS13v3_tpiJ8mJC2TjI5Hw?view_as=subscriber\">hier <\/a>zu den Sendungen) und Veranstaltungstechnik ein breites Vertiefungsangebot individueller Leidenschaften der Sch\u00fclerinnen und Sch\u00fcler. Ein besonderes Highlight stellt die <a href=\"https:\/\/franziskanergymnasium-kreuzburg.de\/cms\/jugend-forscht-regionalwettbewerb\/\">&#8222;Jugend forscht-AG&#8220;<\/a> dar. Unter Projektleiterin Dr. Katrin Spinnler besteht f\u00fcr forschungsbegeisterte Lernende und insbesondere Sch\u00fclerinnen die M\u00f6glichkeit an selbst gew\u00e4hlten Projekten zu arbeiten und diese an Forscherb\u00f6rsen zur Schau zu stellen. In der gymnasialen Oberstufe wird das au\u00dferunterrichtliche Angebot der Kreuzburg um regelm\u00e4\u00dfige Besuche renommierter Forschungseinrichtungen erg\u00e4nzt. So kommen insbesondere die Leistungskurssch\u00fcler der F\u00e4cher Biologie, Chemie und Physik in den Genuss, den Tag der Naturwissenschaften, dem X-Lab in G\u00f6ttingen, den <a href=\"https:\/\/franziskanergymnasium-kreuzburg.de\/cms\/26-erfinderlabor-schueler-helfen-der-evolution\/\">Uni-Sch\u00fclerlaboren in Frankfurt<\/a> oder auch dem Juniorlabor in Darmstadt einen Besuch abzustatten. Auch die Vergabe von Reisestipendien zur MNU nach M\u00fcnchen geh\u00f6rt zum Portfolio des Franziskanergymnasiums.<\/p> \r\n\r\n<h5>Regelm\u00e4\u00dfige Wettbewerbe im Fach Mathematik<\/h5>\r\n<p>Durch die Aufgabenkultur im Fach Mathematik bietet es sich an, den Sch\u00fclerinnen und Sch\u00fclern in dieser Disziplin eine breite Auswahl an Wettbewerben anzubieten. Alle zwei bis drei Jahre nehmen die Sch\u00fcler der Kreuzburg an einem neuen Wettbewerb teil. Dies beginnt mit dem <a href=\"https:\/\/franziskanergymnasium-kreuzburg.de\/cms\/von-kaengruruspruengen-in-mathematik-bis-zu-tanzfiguren\/\">&#8222;K\u00e4nguru-Wettbewerb&#8220;<\/a> in der Klasse 6, setzt sich fort in der Klasse 8 mit dem <a href=\"https:\/\/franziskanergymnasium-kreuzburg.de\/cms\/von-kaengruruspruengen-in-mathematik-bis-zu-tanzfiguren\/\">&#8222;Mathematikwettbewerb des Landes Hessen&#8220;<\/a> und endet in der Einf\u00fchrungsphase mit <a https:\/\/franziskanergymnasium-kreuzburg.de\/cms\/von-kaengruruspruengen-in-mathematik-bis-zu-tanzfiguren\/>&#8222;Mathematik ohne Grenzen&#8220;<\/a> in den Orientierungskursen des Fachs Mathematik. In der Qualifikationsphase haben die Sch\u00fclerinnen und Sch\u00fcler der Leistungskurse Mathematik dar\u00fcber hinaus die M\u00f6glichkeit, am <a href=\"https:\/\/franziskanergymnasium-kreuzburg.de\/cms\/tag-der-mathematik-mathe-lk-von-peter-ruth-ueberzeugt-in-frankfurt\/\">&#8222;Tag der Mathematik&#8220;<\/a> ihr K\u00f6nnen unter Beweis zu stellen. <\/p>\r\n\r\n<p>Die hier beschriebene Vielzahl an regelm\u00e4\u00dfigen Aktivit\u00e4ten wird erg\u00e4nzt durch Sonderveranstaltungen wie eine mobile Experimentierausstellung &#8222;InnoTruck&#8220;, Vortr\u00e4gen oder Science Slams. Die Kreuzburg informiert \u00fcber diese Veranstaltungen regelm\u00e4\u00dfig \u00fcber den MINT-Schaukasten am Raum E024, den <a href=\"https:\/\/www.instagram.com\/mintkreuzburg\/\">MINT-Instagram-Account<\/a> und nat\u00fcrlich die Homepage des Franziskanergymnasiums. <\/p>\r\n\r\n<a attid=\"31278\"  href=\"https:\/\/franziskanergymnasium-kreuzburg.de\/cms\/wp-content\/uploads\/2021\/11\/2021-11-04-Plakat.png\" rel=\"lightbox[17040]\"><img loading=\"lazy\" decoding=\"async\" src=\"https:\/\/franziskanergymnasium-kreuzburg.de\/cms\/wp-content\/uploads\/2021\/11\/2021-11-04-Plakat-1024x748.png\" alt=\"\" width=\"960\" height=\"701\" class=\"alignleft size-large wp-image-31278\" srcset=\"https:\/\/franziskanergymnasium-kreuzburg.de\/cms\/wp-content\/uploads\/2021\/11\/2021-11-04-Plakat-1024x748.png 1024w, https:\/\/franziskanergymnasium-kreuzburg.de\/cms\/wp-content\/uploads\/2021\/11\/2021-11-04-Plakat-300x219.png 300w, https:\/\/franziskanergymnasium-kreuzburg.de\/cms\/wp-content\/uploads\/2021\/11\/2021-11-04-Plakat-768x561.png 768w, https:\/\/franziskanergymnasium-kreuzburg.de\/cms\/wp-content\/uploads\/2021\/11\/2021-11-04-Plakat.png 1089w\" sizes=\"auto, (max-width: 960px) 100vw, 960px\" \/><\/a>\r\n\r\n\r\n","protected":false},"excerpt":{"rendered":"MINT-Koordinator: M. Seipp Gelebte Begeisterung f\u00fcr die Faszination der MINT-F\u00e4cher, also der Mathematik, der Informatik, der Naturwissenschaften und der Technik, existiert an der Kreuzburg seit Jahrzehnten. Auf dieser Tradition fu\u00dfend ist die Zertifizierung des Franziskanergymnasiums als &#8222;MINT-freundliche Schule&#8220; eine Best\u00e4tigung f\u00fcr die nachhaltige Arbeit aller Kolleginnen und Kollegen in diesem Fachbereich. Um auch in Zukunft vielf\u00e4ltig und zugleich tiefgr\u00fcndig in den MINT-F\u00e4chern aufgestellt zu sein, bietet die MINT-Zertifizierung eine optimale Grundlage zur B\u00fcndelung und Weiterentwicklung der bestehenden Angebote der Kreuzburg. So ist es das selbst auferlegte Ziel in den kommenden Jahren das &#8222;MINT an der Kreuzburg&#8220; zu systematisieren und dadurch allen interessierten Sch\u00fclerinnen und Sch\u00fclern eine optimale F\u00f6rderung zu erm\u00f6glichen. F\u00fcr die Koordination der Entwicklung ist Markus Seipp verantwortlich. Ein wesentlicher Baustein hierf\u00fcr ist die Realisierung der MINT-Pass F\u00f6rderung seit dem Schuljahr 2019\/2020 \u2013 aktuell befinden sich 30 Lernende in diesem F\u00f6rderprogramm. Profilbildung \u00fcber die MINT-Stundentafel und den freien Lernbereich Das Franziskanergymnasium erm\u00f6glicht jeder Sch\u00fclerin und jedem Sch\u00fcler mit dem Eintritt in die Jahrgangsstufe 5 eine individuelle MINT-Profilbildung. Insbesondere durch die Ausstattung mit digitalen Endger\u00e4ten mit dem Eintritt in die Schule, ist es f\u00fcr die MINT-F\u00e4cher m\u00f6glich, einen anschaulichen sowie begeisternden Unterricht zu realisieren. Die verpflichtenden Unterrichtsstunden in den F\u00e4chern Biologie, Chemie, Physik und NaWi, welches monoedukativ unterrichtet wird, k\u00f6nnen durch die gezielte Wahl von MINT-Angeboten im freien Lernbereich erg\u00e4nzt werden. Hierbei erstreckt sich das Angebot des Franziskanergymnasiums von einf\u00fchrendem Informatikunterricht in der Klasse 5 \u00fcber Wahlpflichtangebote in der Klasse 6 wie &#8222;Forschen und Experimentieren&#8220; oder &#8211; speziell f\u00fcr M\u00e4dchen &#8211; &#8222;Glitzerchemie&#8220; bis zum Wahlunterricht &#8222;Luft- und Raumfahrttechnik&#8220; Klassen 9 und 10. Eine besondere F\u00f6rderm\u00f6glichkeit f\u00fcr MINT-affine Sch\u00fclerinnen und Sch\u00fcler besteht im Rahmen des &#8222;eigenst\u00e4ndigen Forscherjahres&#8220; in der Klasse 8. Zu einem selbst gew\u00e4hlten Thema k\u00f6nnen die Sch\u00fclerinnen und Sch\u00fcler ein ganzes Schuljahr lang recherchieren und eine umfassende Forscherarbeit verfassen. Im Zuge dessen ist es \u00fcblich, dass interessierte Lernende zum Beispiel am &#8222;JuniorING-Wettbewerb&#8220; teilnehmen. AG-Angebote am Nachmittag und au\u00dferunterrichtliche Aktivit\u00e4ten \u00dcber den regul\u00e4ren Unterricht hinaus bietet das Franziskanergymnasium Arbeitsgemeinschaften f\u00fcr Sch\u00fclerinnen und Sch\u00fcler in allen MINT-Bereichen. Die Schlaufuchs-AG bietet ambitionierten Sch\u00fclerinnen und Sch\u00fclern viele knifflige Herausforderungen im Fach Mathematik sowie eine optimale Vorbereitung auf den K\u00e4nguru-Wettbewerb. \u00dcber die Schlaufuchs-AG hinaus bieten Arbeitsgemeinschaften zu den Themen Robotik, Astronomie, Physik, Bienen, Natur, Radio (hier zu den Sendungen) und Veranstaltungstechnik ein breites Vertiefungsangebot individueller Leidenschaften der Sch\u00fclerinnen und Sch\u00fcler. Ein besonderes Highlight stellt die &#8222;Jugend forscht-AG&#8220; dar. Unter Projektleiterin Dr. Katrin Spinnler besteht f\u00fcr forschungsbegeisterte Lernende und insbesondere Sch\u00fclerinnen die M\u00f6glichkeit an selbst gew\u00e4hlten Projekten zu arbeiten und diese an Forscherb\u00f6rsen zur Schau zu stellen. In der gymnasialen Oberstufe wird das au\u00dferunterrichtliche Angebot der Kreuzburg um regelm\u00e4\u00dfige Besuche renommierter Forschungseinrichtungen erg\u00e4nzt. So kommen insbesondere die Leistungskurssch\u00fcler der F\u00e4cher Biologie, Chemie und Physik in den Genuss, den Tag der Naturwissenschaften, dem X-Lab in G\u00f6ttingen, den Uni-Sch\u00fclerlaboren in Frankfurt oder auch dem Juniorlabor in Darmstadt einen Besuch abzustatten. Auch die Vergabe von Reisestipendien zur MNU nach M\u00fcnchen geh\u00f6rt zum Portfolio des Franziskanergymnasiums. Regelm\u00e4\u00dfige Wettbewerbe im Fach Mathematik Durch die Aufgabenkultur im Fach Mathematik bietet es sich an, den Sch\u00fclerinnen und Sch\u00fclern in dieser Disziplin eine breite Auswahl an Wettbewerben anzubieten. Alle zwei bis drei Jahre nehmen die Sch\u00fcler der Kreuzburg an einem neuen Wettbewerb teil. Dies beginnt mit dem &#8222;K\u00e4nguru-Wettbewerb&#8220; in der Klasse 6, setzt sich fort in der Klasse 8 mit dem &#8222;Mathematikwettbewerb des Landes Hessen&#8220; und endet in der Einf\u00fchrungsphase mit &#8222;Mathematik ohne Grenzen&#8220; in den Orientierungskursen des Fachs Mathematik. In der Qualifikationsphase haben die Sch\u00fclerinnen und Sch\u00fcler der Leistungskurse Mathematik dar\u00fcber hinaus die M\u00f6glichkeit, am &#8222;Tag der Mathematik&#8220; ihr K\u00f6nnen unter Beweis zu stellen. Die hier beschriebene Vielzahl an regelm\u00e4\u00dfigen Aktivit\u00e4ten wird erg\u00e4nzt durch Sonderveranstaltungen wie eine mobile Experimentierausstellung &#8222;InnoTruck&#8220;, Vortr\u00e4gen oder Science Slams. Die Kreuzburg informiert \u00fcber diese Veranstaltungen regelm\u00e4\u00dfig \u00fcber den MINT-Schaukasten am Raum E024, den MINT-Instagram-Account und nat\u00fcrlich die Homepage des Franziskanergymnasiums.","protected":false},"author":3,"featured_media":0,"parent":0,"menu_order":0,"comment_status":"closed","ping_status":"closed","template":"","meta":{"ngg_post_thumbnail":0,"footnotes":""},"class_list":["post-17040","page","type-page","status-publish","hentry"],"publishpress_future_action":{"enabled":false,"date":"2026-04-28 11:47:09","action":"change-status","newStatus":"draft","terms":[],"taxonomy":"","extraData":[]},"publishpress_future_workflow_manual_trigger":{"enabledWorkflows":[]},"_links":{"self":[{"href":"https:\/\/franziskanergymnasium-kreuzburg.de\/cms\/wp-json\/wp\/v2\/pages\/17040","targetHints":{"allow":["GET"]}}],"collection":[{"href":"https:\/\/franziskanergymnasium-kreuzburg.de\/cms\/wp-json\/wp\/v2\/pages"}],"about":[{"href":"https:\/\/franziskanergymnasium-kreuzburg.de\/cms\/wp-json\/wp\/v2\/types\/page"}],"author":[{"embeddable":true,"href":"https:\/\/franziskanergymnasium-kreuzburg.de\/cms\/wp-json\/wp\/v2\/users\/3"}],"replies":[{"embeddable":true,"href":"https:\/\/franziskanergymnasium-kreuzburg.de\/cms\/wp-json\/wp\/v2\/comments?post=17040"}],"version-history":[{"count":35,"href":"https:\/\/franziskanergymnasium-kreuzburg.de\/cms\/wp-json\/wp\/v2\/pages\/17040\/revisions"}],"predecessor-version":[{"id":31279,"href":"https:\/\/franziskanergymnasium-kreuzburg.de\/cms\/wp-json\/wp\/v2\/pages\/17040\/revisions\/31279"}],"wp:attachment":[{"href":"https:\/\/franziskanergymnasium-kreuzburg.de\/cms\/wp-json\/wp\/v2\/media?parent=17040"}],"curies":[{"name":"wp","href":"https:\/\/api.w.org\/{rel}","templated":true}]}}