{"id":206,"date":"2013-07-22T10:35:09","date_gmt":"2013-07-22T08:35:09","guid":{"rendered":"https:\/\/franziskanergymnasium-kreuzburg.de\/cms\/?page_id=206"},"modified":"2025-10-24T16:17:57","modified_gmt":"2025-10-24T14:17:57","slug":"fachbereich-1","status":"publish","type":"page","link":"https:\/\/franziskanergymnasium-kreuzburg.de\/cms\/fachbereich-1\/","title":{"rendered":"Fachbereich 1"},"content":{"rendered":"<p>Die f\u00fcr diesen Fachbereich zust\u00e4ndige Fachbereichsleiterin ist <strong>Frau Yvonne Wallisch<\/strong>.<\/p><p>\r\nF\u00fcr Informationen zu den einzelnen F\u00e4chern w\u00e4hlen Sie bitte aus dem rechten Men\u00fc.<\/p>\r\n<div class=\"row\"><div class=\"twelve columns divider-item-class divider-item-class-0 mb45\"><div class=\"gdl-divider-wrapper\"><div class=\"scroll-top\"><\/div><div class=\"gdl-divider\"><\/div><\/div><\/div><div class=\"clear\"><\/div><\/div>\r\n\r\n<p>Der Fachbereich I am Franziskanergymnasium Kreuzburg umfasst alle sprachlichen sowie die k\u00fcnstlerisch-musischen F\u00e4cher und ist damit der gr\u00f6\u00dfte Fachbereich der Schule mit einem breiten Angebot. Sowohl die Inhalte als auch die Methodik der F\u00e4cher sind sehr vielf\u00e4ltig und wir legen Wert auf einen modernen, sch\u00fclerzentrierten und zukunftsorientierten Unterricht. <\/p><p>\r\nDie F\u00e4cher des Fachbereichs I sind in der Sekundarstufe I mit folgender Wochenstundenzahl vertreten:<br>\r\n\r\n\r\n<table  >\r\n<tbody>\r\n<tr>\r\n<th style=\"width: 8%;\"> <\/th>\r\n<th style=\"width: 8%; background-color: #00b0f0;\">Kl. 5<\/th>\r\n<th style=\"width: 8%;; background-color: #00b0f0;\">Kl. 6<\/th>\r\n<th style=\"width: 8%;; background-color: #00b0f0;\">Kl. 7<\/th>\r\n<th style=\"width: 8%;;  background-color: #00b0f0;\">KL. 8<\/th>\r\n<th style=\"width: 8%;;  background-color: #00b0f0;\">KL. 9<\/th>\r\n<th style=\"width: 10%;; background-color: #00b0f0;\">Kl. 10<\/th>\r\n<th style=\"width: 8%;\"> <\/td>\r\n<\/tr>\r\n<tr>\r\n<td >Deutsch<\/td>\r\n<td >6<\/td>\r\n<td >4<\/td>\r\n<td >4<\/td>\r\n<td >4<\/td>\r\n<td >3<\/td>\r\n<td >3<\/td>\r\n<td style=\"background-color: #b4c6e7;\">24<\/td>\r\n<\/tr><tr>\r\n<td >1. Fremdsprache<\/td>\r\n<td >5<\/td>\r\n<td >4<\/td>\r\n<td > 4<\/td>\r\n<td >3<\/td>\r\n<td > 3<\/td>\r\n<td >3<\/td>\r\n<td style=\"background-color: #b4c6e7;\">22<\/td>\r\n<\/tr>\r\n<tr>\r\n<td >2. Fremdsprache<\/td>\r\n<td > <\/td>\r\n<td > 4<\/td>\r\n<td > 4<\/td>\r\n<td >3<\/td>\r\n<td >3<\/td>\r\n<td >3<\/td>\r\n<td style=\"background-color: #b4c6e7;\">18<\/td>\r\n<\/tr>\r\n<tr>\r\n<td >Kunst<\/td>\r\n<td >2 <\/td>\r\n<td >1 <\/td>\r\n<td > <\/td>\r\n<td >2<\/td>\r\n<td >2<\/td>\r\n<td > <\/td>\r\n<td  style=\"background-color: #b4c6e7;\">7<\/td>\r\n<\/tr>\r\n<tr>\r\n<td>Musik<\/td>\r\n<td >2 <\/td>\r\n<td > 2<\/td>\r\n<td>2<\/td>\r\n<td> <\/td>\r\n<td > <\/td>\r\n<td >2 <\/td>\r\n<td style=\"background-color: #b4c6e7\">8<\/td>\r\n<\/tr>\r\n<\/tbody>\r\n<\/table><br><br>\r\n<p>\r\n\r\n<a href=\"https:\/\/franziskanergymnasium-kreuzburg.de\/cms\/darstellendes-spiel\/\">Darstellendes Spiel<\/a> wird an der Kreuzburg <strong>in der Oberstufe alternativ zu<\/strong> Grundkursen in Kunst oder Musik sowie in den <strong>Jahrgangsstufen 9 und 10 im Freien Lernbereich (fr\u00fcher Wahlpflichtbereich)<\/strong> unterrichtet. Alternativ zu <strong>DS<\/strong> k\u00f6nnen die Sch\u00fclerinnen und Sch\u00fcler in <strong>FLB 9\/10<\/strong> neben Kursen aus anderen Fachbereichen auch Business English, <a href=\"https:\/\/franziskanergymnasium-kreuzburg.de\/cms\/spanisch\/\">Spanisch<\/a>, <a href=\"https:\/\/franziskanergymnasium-kreuzburg.de\/cms\/franzosisch\/\">Franz\u00f6sisch<\/a> und ein k\u00fcnstlerisches Angebot w\u00e4hlen, welche ebenfalls dem Fachbereich I zugeordnet sind. <\/p><p>\r\n\r\nBesonders in den j\u00fcngeren Jahrgangsstufen ist das Fach <a href=\"https:\/\/franziskanergymnasium-kreuzburg.de\/cms\/deutsch\/\">Deutsch <\/a>stark vertreten, da hier Basiskompetenzen wie Lese- und Schreibf\u00e4higkeiten vermittelt werden, die in alle F\u00e4cher hineinstrahlen. <\/p><p>\r\nDeswegen ist uns auch eine Diagnose der <strong>Lese- und Rechtschreibf\u00e4higkeiten<\/strong> aller Sch\u00fclerinnen und Sch\u00fcler im Laufe des ersten Halbjahres der Jahrgangsstufe 5 wichtig.  <\/p><p>\r\nF\u00fcr Sch\u00fclerinnen und Sch\u00fcler mit besonderen Schwierigkeiten im Lesen und Rechtschreiben bieten wir in den Jahrgangsstufen 5-7 <strong>F\u00f6rderkurse <\/strong>an, die von unserem LRS-Beauftragten, Joachim Schieb, organisiert werden. <\/p><p>\r\n\r\n<u><strong>Die Fremdsprachenfolge: <\/strong><\/u><br>\r\n<\/p><p>\r\n<a attid=\"34238\"  href=\"https:\/\/franziskanergymnasium-kreuzburg.de\/cms\/wp-content\/uploads\/2025\/05\/sprachenfolge.jpg\" rel=\"lightbox[206]\"><img decoding=\"async\" src=\"https:\/\/franziskanergymnasium-kreuzburg.de\/cms\/wp-content\/uploads\/2025\/05\/sprachenfolge.jpg\" alt=\"\" width=\"363\" class=\"alignleft size-full wp-image-34238\" \/><\/a>\r\n<strong>In Klasse 5<\/strong> kann zwischen Englisch und Latein als erster Fremdsprache gew\u00e4hlt werden. <\/p><p>\r\n<strong>In Klasse 6<\/strong> kommt in den Lateinklassen Englisch als 2. Fremdsprache hinzu. In den Englischklassen kann Latein, Franz\u00f6sisch oder Spanisch als 2. Fremdsprache gew\u00e4hlt werden, vorausgesetzt die Fremdsprache wird von mindestens 12 Sch\u00fclerinnen und Sch\u00fclern angew\u00e4hlt. Alle Sprachen, die in Klassenstufe 5 oder 6 begonnen wurden,  k\u00f6nnen in der Oberstufe als Leistungskurse belegt werden. Das Zustandekommen von Leistungskursen ist abh\u00e4ngig von der Anzahl der Anwahlen und liegt in der Entscheidung der Schulleitung.<\/p><p>\r\n<strong>In Klasse 9<\/strong> wird Spanisch als Wahlpflichtfach unabh\u00e4ngig von der Sch\u00fclerzahl angeboten und <u>garantiert bis zum Ende der E2 (11. Jahrgangsstufe)<\/u> weitergef\u00fchrt. Franz\u00f6sisch wird als Wahlpflichtfach angeboten, kommt jedoch nur zustande, wenn es von mindestens 15 Sch\u00fclerinnen und Sch&uuml;lern angew\u00e4hlt wird. Dann wird es <u>garantiert bis zum Ende der E2 (11. Jahrgangsstufe)<\/u> weitergef\u00fchrt. <\/p><p>\r\n<strong>In der Oberstufe<\/strong> wird keine 4. Fremdsprache angeboten. Sowohl Spanisch als auch Franz\u00f6sisch kann auch in der Q-Phase (12.\/13. Jahrgangsstufe) fortgef\u00fchrt werden, wenn die Mindestanzahl von 15 Sch\u00fclern erf\u00fcllt ist.<\/p><p>\r\n<ol>\r\n<strong>Hieraus ergeben sich folgende Konsequenzen f\u00fcr die Wahl der Fremdsprachenfolge: <\/strong>\r\n\t<li>Wer als erste Fremdsprache Englisch w\u00e4hlt und sicher drei Fremdsprachen erlernen bzw. sich diese Wahl gesichert offen halten m\u00f6chte, der muss als 2. FS Latein oder Franz\u00f6sisch (nicht Spanisch) w\u00e4hlen. <\/li>\r\n\r\n\t<li>Wer Franz\u00f6sisch erlernen m\u00f6chte, darf nicht mit Latein beginnen. <\/li>\r\n<\/ol>\r\n<\/p><p>\r\n<ol>\r\n\r\n\r\n<strong>Vorgaben f\u00fcr die gymnasiale Oberstufe in Hessen: <\/strong>\r\n\t<li>Es m\u00fcssen mindestens zwei Fremdsprachen bis zum Ende der E2 (Jahrgangsstufe 11) belegt werden. Bei drei gew\u00e4hlten Fremdsprachen kann eine davon zum Ende der Sek I \u201eabgeben\u201c werden.<\/li>\r\n\r\n\t<li>Eine Fremdsprache muss bis zum Abitur belegt werden. <\/li>\r\n\r\n\t<li>Eine weitere Fremdsprache oder Naturwissenschaft (oder Informatik) muss bis zum Ende der Q2 (Jahrgangsstufe 12) besucht werden.       <\/li>\r\n<\/ol>\r\n\r\n                 \r\n\r\n<\/p><br><p>\r\n\r\nNeben dem fachlichen Angebot sind auch <strong>die vielf\u00e4ltigen au\u00dferunterrichtlichen Angebote<\/strong> aus dem Fachbereich I wie die <strong>Ch\u00f6re <\/strong>und <strong>Orchester<\/strong>, die preisgekr\u00f6nte <strong>Latein-Theater-AG<\/strong>, sowie die <strong>Vorbereitungskurse auf Sprachzertifikate<\/strong> in Englisch, Franz\u00f6sisch und Spanisch hervorzuheben. Zudem gibt es weitere wechselnde Theater-, Sprach-, Lese- und Schreibangebote im AG-Bereich. <\/p>","protected":false},"excerpt":{"rendered":"Die f\u00fcr diesen Fachbereich zust\u00e4ndige Fachbereichsleiterin ist Frau Yvonne Wallisch. F\u00fcr Informationen zu den einzelnen F\u00e4chern w\u00e4hlen Sie bitte aus dem rechten Men\u00fc. Der Fachbereich I am Franziskanergymnasium Kreuzburg umfasst alle sprachlichen sowie die k\u00fcnstlerisch-musischen F\u00e4cher und ist damit der gr\u00f6\u00dfte Fachbereich der Schule mit einem breiten Angebot. Sowohl die Inhalte als auch die Methodik der F\u00e4cher sind sehr vielf\u00e4ltig und wir legen Wert auf einen modernen, sch\u00fclerzentrierten und zukunftsorientierten Unterricht. Die F\u00e4cher des Fachbereichs I sind in der Sekundarstufe I mit folgender Wochenstundenzahl vertreten: Kl. 5 Kl. 6 Kl. 7 KL. 8 KL. 9 Kl. 10 Deutsch 6 4 4 4 3 3 24 1. Fremdsprache 5 4 4 3 3 3 22 2. Fremdsprache 4 4 3 3 3 18 Kunst 2 1 2 2 7 Musik 2 2 2 2 8 Darstellendes Spiel wird an der Kreuzburg in der Oberstufe alternativ zu Grundkursen in Kunst oder Musik sowie in den Jahrgangsstufen 9 und 10 im Freien Lernbereich (fr\u00fcher Wahlpflichtbereich) unterrichtet. Alternativ zu DS k\u00f6nnen die Sch\u00fclerinnen und Sch\u00fcler in FLB 9\/10 neben Kursen aus anderen Fachbereichen auch Business English, Spanisch, Franz\u00f6sisch und ein k\u00fcnstlerisches Angebot w\u00e4hlen, welche ebenfalls dem Fachbereich I zugeordnet sind. Besonders in den j\u00fcngeren Jahrgangsstufen ist das Fach Deutsch stark vertreten, da hier Basiskompetenzen wie Lese- und Schreibf\u00e4higkeiten vermittelt werden, die in alle F\u00e4cher hineinstrahlen. Deswegen ist uns auch eine Diagnose der Lese- und Rechtschreibf\u00e4higkeiten aller Sch\u00fclerinnen und Sch\u00fcler im Laufe des ersten Halbjahres der Jahrgangsstufe 5 wichtig. F\u00fcr Sch\u00fclerinnen und Sch\u00fcler mit besonderen Schwierigkeiten im Lesen und Rechtschreiben bieten wir in den Jahrgangsstufen 5-7 F\u00f6rderkurse an, die von unserem LRS-Beauftragten, Joachim Schieb, organisiert werden. Die Fremdsprachenfolge: In Klasse 5 kann zwischen Englisch und Latein als erster Fremdsprache gew\u00e4hlt werden. In Klasse 6 kommt in den Lateinklassen Englisch als 2. Fremdsprache hinzu. In den Englischklassen kann Latein, Franz\u00f6sisch oder Spanisch als 2. Fremdsprache gew\u00e4hlt werden, vorausgesetzt die Fremdsprache wird von mindestens 12 Sch\u00fclerinnen und Sch\u00fclern angew\u00e4hlt. Alle Sprachen, die in Klassenstufe 5 oder 6 begonnen wurden, k\u00f6nnen in der Oberstufe als Leistungskurse belegt werden. Das Zustandekommen von Leistungskursen ist abh\u00e4ngig von der Anzahl der Anwahlen und liegt in der Entscheidung der Schulleitung. In Klasse 9 wird Spanisch als Wahlpflichtfach unabh\u00e4ngig von der Sch\u00fclerzahl angeboten und garantiert bis zum Ende der E2 (11. Jahrgangsstufe) weitergef\u00fchrt. Franz\u00f6sisch wird als Wahlpflichtfach angeboten, kommt jedoch nur zustande, wenn es von mindestens 15 Sch\u00fclerinnen und Sch&uuml;lern angew\u00e4hlt wird. Dann wird es garantiert bis zum Ende der E2 (11. Jahrgangsstufe) weitergef\u00fchrt. In der Oberstufe wird keine 4. Fremdsprache angeboten. Sowohl Spanisch als auch Franz\u00f6sisch kann auch in der Q-Phase (12.\/13. Jahrgangsstufe) fortgef\u00fchrt werden, wenn die Mindestanzahl von 15 Sch\u00fclern erf\u00fcllt ist. Hieraus ergeben sich folgende Konsequenzen f\u00fcr die Wahl der Fremdsprachenfolge: Wer als erste Fremdsprache Englisch w\u00e4hlt und sicher drei Fremdsprachen erlernen bzw. sich diese Wahl gesichert offen halten m\u00f6chte, der muss als 2. FS Latein oder Franz\u00f6sisch (nicht Spanisch) w\u00e4hlen. Wer Franz\u00f6sisch erlernen m\u00f6chte, darf nicht mit Latein beginnen. Vorgaben f\u00fcr die gymnasiale Oberstufe in Hessen: Es m\u00fcssen mindestens zwei Fremdsprachen bis zum Ende der E2 (Jahrgangsstufe 11) belegt werden. Bei drei gew\u00e4hlten Fremdsprachen kann eine davon zum Ende der Sek I \u201eabgeben\u201c werden. Eine Fremdsprache muss bis zum Abitur belegt werden. Eine weitere Fremdsprache oder Naturwissenschaft (oder Informatik) muss bis zum Ende der Q2 (Jahrgangsstufe 12) besucht werden. Neben dem fachlichen Angebot sind auch die vielf\u00e4ltigen au\u00dferunterrichtlichen Angebote aus dem Fachbereich I wie die Ch\u00f6re und Orchester, die preisgekr\u00f6nte Latein-Theater-AG, sowie die Vorbereitungskurse auf Sprachzertifikate in Englisch, Franz\u00f6sisch und Spanisch hervorzuheben. Zudem gibt es weitere wechselnde Theater-, Sprach-, Lese- und Schreibangebote im AG-Bereich.","protected":false},"author":1,"featured_media":0,"parent":0,"menu_order":0,"comment_status":"open","ping_status":"open","template":"","meta":{"ngg_post_thumbnail":0,"footnotes":""},"class_list":["post-206","page","type-page","status-publish","hentry"],"publishpress_future_action":{"enabled":false,"date":"2026-05-04 16:52:32","action":"change-status","newStatus":"draft","terms":[],"taxonomy":"","extraData":[]},"publishpress_future_workflow_manual_trigger":{"enabledWorkflows":[]},"_links":{"self":[{"href":"https:\/\/franziskanergymnasium-kreuzburg.de\/cms\/wp-json\/wp\/v2\/pages\/206","targetHints":{"allow":["GET"]}}],"collection":[{"href":"https:\/\/franziskanergymnasium-kreuzburg.de\/cms\/wp-json\/wp\/v2\/pages"}],"about":[{"href":"https:\/\/franziskanergymnasium-kreuzburg.de\/cms\/wp-json\/wp\/v2\/types\/page"}],"author":[{"embeddable":true,"href":"https:\/\/franziskanergymnasium-kreuzburg.de\/cms\/wp-json\/wp\/v2\/users\/1"}],"replies":[{"embeddable":true,"href":"https:\/\/franziskanergymnasium-kreuzburg.de\/cms\/wp-json\/wp\/v2\/comments?post=206"}],"version-history":[{"count":15,"href":"https:\/\/franziskanergymnasium-kreuzburg.de\/cms\/wp-json\/wp\/v2\/pages\/206\/revisions"}],"predecessor-version":[{"id":42950,"href":"https:\/\/franziskanergymnasium-kreuzburg.de\/cms\/wp-json\/wp\/v2\/pages\/206\/revisions\/42950"}],"wp:attachment":[{"href":"https:\/\/franziskanergymnasium-kreuzburg.de\/cms\/wp-json\/wp\/v2\/media?parent=206"}],"curies":[{"name":"wp","href":"https:\/\/api.w.org\/{rel}","templated":true}]}}