{"id":20932,"date":"2019-01-17T10:11:05","date_gmt":"2019-01-17T09:11:05","guid":{"rendered":"https:\/\/franziskanergymnasium-kreuzburg.de\/cms\/?page_id=20932"},"modified":"2025-03-25T12:46:59","modified_gmt":"2025-03-25T11:46:59","slug":"sexualerziehungsplan","status":"publish","type":"page","link":"https:\/\/franziskanergymnasium-kreuzburg.de\/cms\/sexualerziehungsplan\/","title":{"rendered":"Sexualerziehungsplan"},"content":{"rendered":"\r\n<p>Der Sexualerziehungslehrplan der Kreuzburg ist im Schuljahr 2017\/18 von einer Arbeitsgruppe, bestehend aus den Fachsprechern Biologie, Politik und Wirtschaft, katholischer und evangelischer Religion sowie der damaligen Ansprechpartnerin bei sexualisierter Gewalt (Gesine Pape) unter der Leitung von Thomas Wolf aktualisiert worden. Dabei wurden in die bereits bestehenden schulinternen Fach-Curricula Inhalte des neuen <a href=\"https:\/\/kultusministerium.hessen.de\/sites\/default\/files\/media\/hkm\/lehrplan_sexualerziehung_formatiert_neu.pdf \">hessischen Lehrplans zur Sexualerziehung<\/a> eingearbeitet. <\/p>\r\n\r\n\r\n\r\n<p>Ziel der f\u00e4cher\u00fcbergreifenden Sexualerziehung ist,\r\nSch\u00fclerinnen und Sch\u00fclern ein offenes, diskriminierungsfreies und\r\nwertsch\u00e4tzendes Verst\u00e4ndnis f\u00fcr die Verschiedenheit und Vielfalt der\r\npartnerschaftlichen Beziehungen, sexuellen Orientierungen und geschlechtlichen\r\nIdentit\u00e4ten in unserer Gesellschaft zu vermitteln. (vgl. hessischer Lehrplan\r\nSexualerziehung S.3)<\/p>\r\n\r\n\r\n\r\n<p>Der aktualisierte Sexualerziehungslehrplan ist auch Teil des\r\nPr\u00e4ventionskonzeptes zum Schutz vor sexualisierter Gewalt an der Kreuzburg.\r\nDieses Schutzkonzept orientiert sich an der Initiative \u201eKein Raum f\u00fcr Missbrauch\u201c,\r\ndie der unabh\u00e4ngige Beauftragte der Bundesregierung f\u00fcr Fragen des sexuellen\r\nKindesmissbrauchs, Herr R\u00f6hrig, initiiert hat. <a href=\"http:\/\/www.kein-raum-fuer-missbrauch.de\">www.kein-raum-fuer-missbrauch.de<\/a><\/p>\r\n\r\n\r\n\r\n\r\n<a attid=\"28573\" href=\"https:\/\/franziskanergymnasium-kreuzburg.de\/cms\/wp-content\/uploads\/2020\/12\/LP-Sexualerziehung-Bio-PoWi-REv-RKaVersion-2020-12-17.pdf\" target=\"_blank\" rel=\"noopener\"><<img decoding=\"async\" src=\"https:\/\/franziskanergymnasium-kreuzburg.de\/cms\/wp-content\/uploads\/2020\/12\/LP-Sexualerziehung-Bio-PoWi-REv-RKaVersion-2020-12-17-1024x570.jpg\" alt=\"\" width=\"660\" class=\"alignnone size-large wp-image-28572\" srcset=\"https:\/\/franziskanergymnasium-kreuzburg.de\/cms\/wp-content\/uploads\/2020\/12\/LP-Sexualerziehung-Bio-PoWi-REv-RKaVersion-2020-12-17-1024x570.jpg 1024w, https:\/\/franziskanergymnasium-kreuzburg.de\/cms\/wp-content\/uploads\/2020\/12\/LP-Sexualerziehung-Bio-PoWi-REv-RKaVersion-2020-12-17-300x167.jpg 300w, https:\/\/franziskanergymnasium-kreuzburg.de\/cms\/wp-content\/uploads\/2020\/12\/LP-Sexualerziehung-Bio-PoWi-REv-RKaVersion-2020-12-17-768x427.jpg 768w, https:\/\/franziskanergymnasium-kreuzburg.de\/cms\/wp-content\/uploads\/2020\/12\/LP-Sexualerziehung-Bio-PoWi-REv-RKaVersion-2020-12-17-1536x854.jpg 1536w, https:\/\/franziskanergymnasium-kreuzburg.de\/cms\/wp-content\/uploads\/2020\/12\/LP-Sexualerziehung-Bio-PoWi-REv-RKaVersion-2020-12-17-2048x1139.jpg 2048w\" sizes=\"(max-width: 1024px) 100vw, 1024px\" \/><\/a>\r\n\r\n\r\n","protected":false},"excerpt":{"rendered":"Der Sexualerziehungslehrplan der Kreuzburg ist im Schuljahr 2017\/18 von einer Arbeitsgruppe, bestehend aus den Fachsprechern Biologie, Politik und Wirtschaft, katholischer und evangelischer Religion sowie der damaligen Ansprechpartnerin bei sexualisierter Gewalt (Gesine Pape) unter der Leitung von Thomas Wolf aktualisiert worden. Dabei wurden in die bereits bestehenden schulinternen Fach-Curricula Inhalte des neuen hessischen Lehrplans zur Sexualerziehung eingearbeitet. Ziel der f\u00e4cher\u00fcbergreifenden Sexualerziehung ist, Sch\u00fclerinnen und Sch\u00fclern ein offenes, diskriminierungsfreies und wertsch\u00e4tzendes Verst\u00e4ndnis f\u00fcr die Verschiedenheit und Vielfalt der partnerschaftlichen Beziehungen, sexuellen Orientierungen und geschlechtlichen Identit\u00e4ten in unserer Gesellschaft zu vermitteln. (vgl. hessischer Lehrplan Sexualerziehung S.3) Der aktualisierte Sexualerziehungslehrplan ist auch Teil des Pr\u00e4ventionskonzeptes zum Schutz vor sexualisierter Gewalt an der Kreuzburg. Dieses Schutzkonzept orientiert sich an der Initiative \u201eKein Raum f\u00fcr Missbrauch\u201c, die der unabh\u00e4ngige Beauftragte der Bundesregierung f\u00fcr Fragen des sexuellen Kindesmissbrauchs, Herr R\u00f6hrig, initiiert hat. www.kein-raum-fuer-missbrauch.de","protected":false},"author":3,"featured_media":0,"parent":0,"menu_order":0,"comment_status":"closed","ping_status":"closed","template":"","meta":{"ngg_post_thumbnail":0,"footnotes":""},"class_list":["post-20932","page","type-page","status-publish","hentry"],"publishpress_future_action":{"enabled":false,"date":"2026-04-14 10:54:04","action":"change-status","newStatus":"draft","terms":[],"taxonomy":"","extraData":[]},"publishpress_future_workflow_manual_trigger":{"enabledWorkflows":[]},"_links":{"self":[{"href":"https:\/\/franziskanergymnasium-kreuzburg.de\/cms\/wp-json\/wp\/v2\/pages\/20932","targetHints":{"allow":["GET"]}}],"collection":[{"href":"https:\/\/franziskanergymnasium-kreuzburg.de\/cms\/wp-json\/wp\/v2\/pages"}],"about":[{"href":"https:\/\/franziskanergymnasium-kreuzburg.de\/cms\/wp-json\/wp\/v2\/types\/page"}],"author":[{"embeddable":true,"href":"https:\/\/franziskanergymnasium-kreuzburg.de\/cms\/wp-json\/wp\/v2\/users\/3"}],"replies":[{"embeddable":true,"href":"https:\/\/franziskanergymnasium-kreuzburg.de\/cms\/wp-json\/wp\/v2\/comments?post=20932"}],"version-history":[{"count":10,"href":"https:\/\/franziskanergymnasium-kreuzburg.de\/cms\/wp-json\/wp\/v2\/pages\/20932\/revisions"}],"predecessor-version":[{"id":42372,"href":"https:\/\/franziskanergymnasium-kreuzburg.de\/cms\/wp-json\/wp\/v2\/pages\/20932\/revisions\/42372"}],"wp:attachment":[{"href":"https:\/\/franziskanergymnasium-kreuzburg.de\/cms\/wp-json\/wp\/v2\/media?parent=20932"}],"curies":[{"name":"wp","href":"https:\/\/api.w.org\/{rel}","templated":true}]}}