{"id":23273,"date":"2019-09-13T22:34:36","date_gmt":"2019-09-13T20:34:36","guid":{"rendered":"https:\/\/franziskanergymnasium-kreuzburg.de\/cms\/?page_id=23273"},"modified":"2019-09-14T17:51:52","modified_gmt":"2019-09-14T15:51:52","slug":"traeger-der-schule","status":"publish","type":"page","link":"https:\/\/franziskanergymnasium-kreuzburg.de\/cms\/traeger-der-schule\/","title":{"rendered":"Tr\u00e4ger der Schule"},"content":{"rendered":"<p>Auf Basis des Grundgesetzes (Art. 7,4) der Hessischen Landesverfassung (\u00a7 56) und des Hessischen Schulgesetzes (\u00a7 166-176) ist das Franziskanergymnasium Kreuzburg ein staatlich anerkanntes Gymnasium in freier Tr\u00e4gerschaft. Dort ist geregelt, dass Schulen in freier Tr\u00e4gerschaft in besonderer Weise religi\u00f6s, p\u00e4dagogisch oder weltanschaulich gepr\u00e4gt sein k\u00f6nnen und dass sie abweichend von den Vorschriften f\u00fcr \u00f6ffentliche Schulen ihre Lehr- und Unterrichtsmethoden, die Lehrinhalte und die Organisation des Unterrichts festlegen k\u00f6nnen.<\/p><p>\r\n\r\nSeit dem 01.08.2002 ist die Franziskanergymnasium Kreuzburg gGmbH Tr\u00e4ger des Franziskanergymnasiums Kreuzburg. Alleiniger Gesellschafter der Franziskanergymnasium Kreuzburg gGmbH ist seit dem 01.08.2019 die Franziskus-Stiftung Kreuzburg.<\/p>\r\n","protected":false},"excerpt":{"rendered":"Auf Basis des Grundgesetzes (Art. 7,4) der Hessischen Landesverfassung (\u00a7 56) und des Hessischen Schulgesetzes (\u00a7 166-176) ist das Franziskanergymnasium Kreuzburg ein staatlich anerkanntes Gymnasium in freier Tr\u00e4gerschaft. Dort ist geregelt, dass Schulen in freier Tr\u00e4gerschaft in besonderer Weise religi\u00f6s, p\u00e4dagogisch oder weltanschaulich gepr\u00e4gt sein k\u00f6nnen und dass sie abweichend von den Vorschriften f\u00fcr \u00f6ffentliche Schulen ihre Lehr- und Unterrichtsmethoden, die Lehrinhalte und die Organisation des Unterrichts festlegen k\u00f6nnen. Seit dem 01.08.2002 ist die Franziskanergymnasium Kreuzburg gGmbH Tr\u00e4ger des Franziskanergymnasiums Kreuzburg. Alleiniger Gesellschafter der Franziskanergymnasium Kreuzburg gGmbH ist seit dem 01.08.2019 die Franziskus-Stiftung Kreuzburg.","protected":false},"author":3,"featured_media":0,"parent":0,"menu_order":0,"comment_status":"closed","ping_status":"closed","template":"","meta":{"ngg_post_thumbnail":0,"footnotes":""},"class_list":["post-23273","page","type-page","status-publish","hentry"],"publishpress_future_action":{"enabled":false,"date":"2026-04-28 17:59:45","action":"change-status","newStatus":"draft","terms":[],"taxonomy":"","extraData":[]},"publishpress_future_workflow_manual_trigger":{"enabledWorkflows":[]},"_links":{"self":[{"href":"https:\/\/franziskanergymnasium-kreuzburg.de\/cms\/wp-json\/wp\/v2\/pages\/23273","targetHints":{"allow":["GET"]}}],"collection":[{"href":"https:\/\/franziskanergymnasium-kreuzburg.de\/cms\/wp-json\/wp\/v2\/pages"}],"about":[{"href":"https:\/\/franziskanergymnasium-kreuzburg.de\/cms\/wp-json\/wp\/v2\/types\/page"}],"author":[{"embeddable":true,"href":"https:\/\/franziskanergymnasium-kreuzburg.de\/cms\/wp-json\/wp\/v2\/users\/3"}],"replies":[{"embeddable":true,"href":"https:\/\/franziskanergymnasium-kreuzburg.de\/cms\/wp-json\/wp\/v2\/comments?post=23273"}],"version-history":[{"count":3,"href":"https:\/\/franziskanergymnasium-kreuzburg.de\/cms\/wp-json\/wp\/v2\/pages\/23273\/revisions"}],"predecessor-version":[{"id":23287,"href":"https:\/\/franziskanergymnasium-kreuzburg.de\/cms\/wp-json\/wp\/v2\/pages\/23273\/revisions\/23287"}],"wp:attachment":[{"href":"https:\/\/franziskanergymnasium-kreuzburg.de\/cms\/wp-json\/wp\/v2\/media?parent=23273"}],"curies":[{"name":"wp","href":"https:\/\/api.w.org\/{rel}","templated":true}]}}