{"id":23276,"date":"2019-09-13T22:43:07","date_gmt":"2019-09-13T20:43:07","guid":{"rendered":"https:\/\/franziskanergymnasium-kreuzburg.de\/cms\/?page_id=23276"},"modified":"2024-08-07T12:39:58","modified_gmt":"2024-08-07T10:39:58","slug":"franziskus-stiftung-kreuzburg","status":"publish","type":"page","link":"https:\/\/franziskanergymnasium-kreuzburg.de\/cms\/franziskus-stiftung-kreuzburg\/","title":{"rendered":"Franziskus-Stiftung Kreuzburg"},"content":{"rendered":"<a attid=\"10947\"  href=\"https:\/\/franziskanergymnasium-kreuzburg.de\/cms\/wp-content\/uploads\/2016\/12\/Logo-KREUZBURG-FEINDATEN-RGB-01-small.jpg\" rel=\"lightbox[23276]\"><img decoding=\"async\" src=\"https:\/\/franziskanergymnasium-kreuzburg.de\/cms\/wp-content\/uploads\/2016\/12\/Logo-KREUZBURG-FEINDATEN-RGB-01-small-262x300.jpg\" alt=\"\" width=\"202\"  class=\"alignright size-medium wp-image-10947\" srcset=\"https:\/\/franziskanergymnasium-kreuzburg.de\/cms\/wp-content\/uploads\/2016\/12\/Logo-KREUZBURG-FEINDATEN-RGB-01-small-262x300.jpg 262w, https:\/\/franziskanergymnasium-kreuzburg.de\/cms\/wp-content\/uploads\/2016\/12\/Logo-KREUZBURG-FEINDATEN-RGB-01-small-768x878.jpg 768w, https:\/\/franziskanergymnasium-kreuzburg.de\/cms\/wp-content\/uploads\/2016\/12\/Logo-KREUZBURG-FEINDATEN-RGB-01-small-896x1024.jpg 896w, https:\/\/franziskanergymnasium-kreuzburg.de\/cms\/wp-content\/uploads\/2016\/12\/Logo-KREUZBURG-FEINDATEN-RGB-01-small.jpg 1550w\" sizes=\"(max-width: 262px) 100vw, 262px\" \/><\/a><p>Die <em>Franziskus-Stiftung Kreuzburg<\/em> wurde am 17. Juli 2019 vom Regierungspr\u00e4sidium Darmstadt als rechtsf\u00e4hige Stiftung b\u00fcrgerlichen Rechts errichtet. Stifterin ist die Deutsche Franziskanerprovinz Kd\u00f6R, M\u00fcnchen. <br>\r\nGleichzeitig wurden der Stiftung die Gesch\u00e4ftsanteile an der Franziskanergymnasium Kreuzburg gGmbH \u00fcbertragen. Damit ist die Franziskus-Stiftung Kreuzburg alleiniger Gesellschafter des Franziskanergymnasiums.<\/p><p>\r\n\r\nDie Franziskus-Stiftung Kreuzburg wird von einem dreik\u00f6pfigen Stiftungsrat vertreten, der von der Provinzleitung der Deutschen Franziskanerprovinz berufen wurde: \r\n<ul><li>\r\nBr. Markus Fuhrmann OFM, Vorsitzender, Vertreter der Deutschen Franziskanerprovinz <\/li>\r\n<li>Ulrich Hilbert, Frankfurt<\/li>\r\n<li>Volkmar Spielmann, Hanau.<\/li><\/ul><\/p>\r\n\r\n<p>Der Stiftungsvorstand ist das gesch\u00e4ftsf\u00fchrende Organ der Stiftung:<ul><li>\r\nElke Hohmann <\/li>\r\n<li>Br. Michael Blasek OFM<\/li><\/ul><\/p>\r\nWeitere Informationen zur Stiftung finden Sie unter: <a href=\"http:\/\/www.franziskus-stiftung-kreuzburg.de\" target=\"_blank\" rel=\"noopener noreferrer\">www.franziskus-stiftung-kreuzburg.de<\/a><\/p>\r\n","protected":false},"excerpt":{"rendered":"Die Franziskus-Stiftung Kreuzburg wurde am 17. Juli 2019 vom Regierungspr\u00e4sidium Darmstadt als rechtsf\u00e4hige Stiftung b\u00fcrgerlichen Rechts errichtet. Stifterin ist die Deutsche Franziskanerprovinz Kd\u00f6R, M\u00fcnchen. Gleichzeitig wurden der Stiftung die Gesch\u00e4ftsanteile an der Franziskanergymnasium Kreuzburg gGmbH \u00fcbertragen. Damit ist die Franziskus-Stiftung Kreuzburg alleiniger Gesellschafter des Franziskanergymnasiums. Die Franziskus-Stiftung Kreuzburg wird von einem dreik\u00f6pfigen Stiftungsrat vertreten, der von der Provinzleitung der Deutschen Franziskanerprovinz berufen wurde: Br. Markus Fuhrmann OFM, Vorsitzender, Vertreter der Deutschen Franziskanerprovinz Ulrich Hilbert, Frankfurt Volkmar Spielmann, Hanau. Der Stiftungsvorstand ist das gesch\u00e4ftsf\u00fchrende Organ der Stiftung: Elke Hohmann Br. Michael Blasek OFM Weitere Informationen zur Stiftung finden Sie unter: www.franziskus-stiftung-kreuzburg.de","protected":false},"author":3,"featured_media":0,"parent":0,"menu_order":0,"comment_status":"closed","ping_status":"closed","template":"","meta":{"ngg_post_thumbnail":0,"footnotes":""},"class_list":["post-23276","page","type-page","status-publish","hentry"],"publishpress_future_action":{"enabled":false,"date":"2026-05-02 23:40:55","action":"change-status","newStatus":"draft","terms":[],"taxonomy":"","extraData":[]},"publishpress_future_workflow_manual_trigger":{"enabledWorkflows":[]},"_links":{"self":[{"href":"https:\/\/franziskanergymnasium-kreuzburg.de\/cms\/wp-json\/wp\/v2\/pages\/23276","targetHints":{"allow":["GET"]}}],"collection":[{"href":"https:\/\/franziskanergymnasium-kreuzburg.de\/cms\/wp-json\/wp\/v2\/pages"}],"about":[{"href":"https:\/\/franziskanergymnasium-kreuzburg.de\/cms\/wp-json\/wp\/v2\/types\/page"}],"author":[{"embeddable":true,"href":"https:\/\/franziskanergymnasium-kreuzburg.de\/cms\/wp-json\/wp\/v2\/users\/3"}],"replies":[{"embeddable":true,"href":"https:\/\/franziskanergymnasium-kreuzburg.de\/cms\/wp-json\/wp\/v2\/comments?post=23276"}],"version-history":[{"count":8,"href":"https:\/\/franziskanergymnasium-kreuzburg.de\/cms\/wp-json\/wp\/v2\/pages\/23276\/revisions"}],"predecessor-version":[{"id":41587,"href":"https:\/\/franziskanergymnasium-kreuzburg.de\/cms\/wp-json\/wp\/v2\/pages\/23276\/revisions\/41587"}],"wp:attachment":[{"href":"https:\/\/franziskanergymnasium-kreuzburg.de\/cms\/wp-json\/wp\/v2\/media?parent=23276"}],"curies":[{"name":"wp","href":"https:\/\/api.w.org\/{rel}","templated":true}]}}