{"id":23280,"date":"2019-09-13T22:50:27","date_gmt":"2019-09-13T20:50:27","guid":{"rendered":"https:\/\/franziskanergymnasium-kreuzburg.de\/cms\/?page_id=23280"},"modified":"2024-04-09T13:14:18","modified_gmt":"2024-04-09T11:14:18","slug":"geschaeftsfuehrung","status":"publish","type":"page","link":"https:\/\/franziskanergymnasium-kreuzburg.de\/cms\/geschaeftsfuehrung\/","title":{"rendered":"Gesch\u00e4ftsf\u00fchrung"},"content":{"rendered":"<p>\r\n<strong>Schultr\u00e4ger<\/strong><br><br>\r\n\r\nTr\u00e4ger der Schule ist die \u201cFranziskanergymnasium Kreuzburg gGmbH\u201d.<br><br>\r\n\r\nDie Gesch\u00e4ftsf\u00fchrung vertritt haftend den Gesellschafter (Franziskus-Stiftung Kreuzburg) vor Ort. Sie ist verpflichtet, auf der Gesellschafterversammlung Rechenschaft abzulegen und regelm\u00e4\u00dfig \u00fcber alle wichtigen Angelegenheiten zu informieren z. B. Personal, Finanzen, Investitionen, Instandhaltung, p\u00e4dagogische Profilierung, Kommunikationspolitik oder \u00c4nderung der Finanzierungsgrundlagen.<\/p>\r\nDie Franziskanergymnasium Kreuzburg gGmbH wird durch die vom Stiftungsrat der Franziskus-Stiftung Kreuzburg bestellten Gesch\u00e4ftsf\u00fchrerinnen Birgit Rupp und Elke Hohmann vertreten.<p>\r\n\r\n<p>Aufgaben:<ul>\r\n<li>Vertretung des Gesellschafters der Schule<\/li>\r\n<li>Begleitung p\u00e4dagogischer Prozesse aus Sicht des Gesellschafters<\/li>\r\n<li>Verantwortung f\u00fcr die Finanzierung der Schule<\/li>\r\n<li>Investitionen und Bauma\u00dfnahmen<\/li>\r\n<li>Schulgeld<\/li>\r\n<li>Au\u00dfenvertretung (Vertretung des Gesellschafters).<\/li><\/ul><p>\r\n<p>\r\n<p>\r\n<strong>Anschrift:<\/strong><br>\r\n\r\nFranziskanergymnasium Kreuzburg gGmbH<br>\r\n Niederwaldstr. 1, 63538 Gro\u00dfkrotzenburg\r\n<p>\r\n<strong>Elke Hohmann<\/strong><br>\r\nTelefon: 06186 \u2013 916 601 <br>\r\n<strong>E-Mail:<\/strong> <a href=\"mailto:hohmann@kreuzburg.de \">hohmann@kreuzburg.de<\/a><br \/><p>\r\n\r\n<p>\r\n\r\n<strong>Birgit Rupp<\/strong><br>\r\nTelefon: 06186 \u2013 916 602<br>\r\n<strong>E-Mail:<\/strong> <a href=\"mailto:finanzverwaltung@kreuzburg.de \">finanzverwaltung@kreuzburg.de<\/a><br \/><p>","protected":false},"excerpt":{"rendered":"Schultr\u00e4ger Tr\u00e4ger der Schule ist die \u201cFranziskanergymnasium Kreuzburg gGmbH\u201d. Die Gesch\u00e4ftsf\u00fchrung vertritt haftend den Gesellschafter (Franziskus-Stiftung Kreuzburg) vor Ort. Sie ist verpflichtet, auf der Gesellschafterversammlung Rechenschaft abzulegen und regelm\u00e4\u00dfig \u00fcber alle wichtigen Angelegenheiten zu informieren z. B. Personal, Finanzen, Investitionen, Instandhaltung, p\u00e4dagogische Profilierung, Kommunikationspolitik oder \u00c4nderung der Finanzierungsgrundlagen. Die Franziskanergymnasium Kreuzburg gGmbH wird durch die vom Stiftungsrat der Franziskus-Stiftung Kreuzburg bestellten Gesch\u00e4ftsf\u00fchrerinnen Birgit Rupp und Elke Hohmann vertreten. Aufgaben: Vertretung des Gesellschafters der Schule Begleitung p\u00e4dagogischer Prozesse aus Sicht des Gesellschafters Verantwortung f\u00fcr die Finanzierung der Schule Investitionen und Bauma\u00dfnahmen Schulgeld Au\u00dfenvertretung (Vertretung des Gesellschafters). Anschrift: Franziskanergymnasium Kreuzburg gGmbH Niederwaldstr. 1, 63538 Gro\u00dfkrotzenburg Elke Hohmann Telefon: 06186 \u2013 916 601 E-Mail: hohmann@kreuzburg.de Birgit Rupp Telefon: 06186 \u2013 916 602 E-Mail: finanzverwaltung@kreuzburg.de","protected":false},"author":3,"featured_media":0,"parent":0,"menu_order":0,"comment_status":"closed","ping_status":"closed","template":"","meta":{"ngg_post_thumbnail":0,"footnotes":""},"class_list":["post-23280","page","type-page","status-publish","hentry"],"publishpress_future_action":{"enabled":false,"date":"2026-05-20 18:59:09","action":"change-status","newStatus":"draft","terms":[],"taxonomy":"","extraData":[]},"publishpress_future_workflow_manual_trigger":{"enabledWorkflows":[]},"_links":{"self":[{"href":"https:\/\/franziskanergymnasium-kreuzburg.de\/cms\/wp-json\/wp\/v2\/pages\/23280","targetHints":{"allow":["GET"]}}],"collection":[{"href":"https:\/\/franziskanergymnasium-kreuzburg.de\/cms\/wp-json\/wp\/v2\/pages"}],"about":[{"href":"https:\/\/franziskanergymnasium-kreuzburg.de\/cms\/wp-json\/wp\/v2\/types\/page"}],"author":[{"embeddable":true,"href":"https:\/\/franziskanergymnasium-kreuzburg.de\/cms\/wp-json\/wp\/v2\/users\/3"}],"replies":[{"embeddable":true,"href":"https:\/\/franziskanergymnasium-kreuzburg.de\/cms\/wp-json\/wp\/v2\/comments?post=23280"}],"version-history":[{"count":21,"href":"https:\/\/franziskanergymnasium-kreuzburg.de\/cms\/wp-json\/wp\/v2\/pages\/23280\/revisions"}],"predecessor-version":[{"id":38684,"href":"https:\/\/franziskanergymnasium-kreuzburg.de\/cms\/wp-json\/wp\/v2\/pages\/23280\/revisions\/38684"}],"wp:attachment":[{"href":"https:\/\/franziskanergymnasium-kreuzburg.de\/cms\/wp-json\/wp\/v2\/media?parent=23280"}],"curies":[{"name":"wp","href":"https:\/\/api.w.org\/{rel}","templated":true}]}}