{"id":23336,"date":"2019-09-16T15:11:36","date_gmt":"2019-09-16T13:11:36","guid":{"rendered":"https:\/\/franziskanergymnasium-kreuzburg.de\/cms\/?page_id=23336"},"modified":"2020-06-03T21:23:19","modified_gmt":"2020-06-03T19:23:19","slug":"freier-lernbereich-in-den-jahrgangsstufen-9-und-10","status":"publish","type":"page","link":"https:\/\/franziskanergymnasium-kreuzburg.de\/cms\/freier-lernbereich\/freier-lernbereich-in-den-jahrgangsstufen-9-und-10\/","title":{"rendered":"Freier Lernbereich in den Jahrgangsstufen 9 und 10"},"content":{"rendered":"<p>Der freie Lernbereich am Ende der Sekundarstufe I besteht aus zwei Elementen. Zum einen setzen sich die Sch\u00fclerinnen und Sch\u00fcler individuell und im Klassenverband mit Fragen des <a href=\"https:\/\/franziskanergymnasium-kreuzburg.de\/cms\/soziales-handeln\/\">sozialen Handelns<\/a> auseinander. Zum anderen k\u00f6nnen die Lernenden einen Wahlpflichtkurs w\u00e4hlen, den sie dann \u00fcber zwei Jahren besuchen. Damit erhalten sie die M\u00f6glichkeit, Lerninhalte gem\u00e4\u00df eigener Interesse und F\u00e4higkeiten mitzugestalten. <\/p><p>\r\n\r\nDie Angebote im freien Lernbereich finden klassen\u00fcbergreifend statt und sind, anders als etwa AGs, regul\u00e4r im normalen Stundenplan der Klassenstufen verortet. Kurse k\u00f6nnen bereits bekannte F\u00e4cher sein (z.B. Spanisch oder Franz\u00f6sisch), sich an F\u00e4cher anlehnen (z.B. \u201eBeruf-Wirtschaft-Recht\u201c an Powi, Europ\u00e4ischer Computerf\u00fchrerschein an Informatik, \u201eGrafische Techniken\u201c an Kunst), neue Lernbereiche er\u00f6ffnen (z.B. Altgriechisch, Psychologie, Gruppenleiterausbildung) oder projektartigen Charakter haben (z.B. Klimabotschafter, Vom Drehbuch zum Film). Das Kursspektrum ist dynamisch, d.h. es ver\u00e4ndert sich j\u00e4hrlich, womit man auch sich ver\u00e4ndernden Interessen der kommenden Sch\u00fclergenerationen Rechnung tragen kann. Die Kurse finden zweist\u00fcndig statt und sind mehrheitlich bewertungsfrei (also: keine Klassenarbeiten oder m\u00fcndlichen Bewertungen), sondern dokumentieren im Rahmen eines schriftlichen Portfolios die Inhalte und das Engagement bzw. den Kompetenzzuwachs der Lernenden. <\/p><p>\r\n\r\nEine Sonderstellung innerhalb des Freien Lernbereich haben Spanisch und Franz\u00f6sisch als 3. Fremdsprache. Diese werden w\u00f6chentlich 3-st\u00fcndig unterrichtet und werden wie der sonstige Fachunterricht auch benotet. Im Gegenzug gibt es in diesen F\u00e4llen dann auch die M\u00f6glichkeit, diese F\u00e4cher als Grundkurse in der Oberstufe weiterzuf\u00fchren und damit Belegverpflichtungen f\u00fcr das Abitur zu erf\u00fcllen. <\/p><p>\r\n\r\nVerantwortlich f\u00fcr die Organisation des FLB in den Jahrgangsstufen 9 und 10 ist Carsten Reichert (P\u00e4dagogische Stufenleitung), der f\u00fcr R\u00fcckfragen und Anregungen gerne zur Verf\u00fcgung steht.<\/p>\r\n","protected":false},"excerpt":{"rendered":"Der freie Lernbereich am Ende der Sekundarstufe I besteht aus zwei Elementen. Zum einen setzen sich die Sch\u00fclerinnen und Sch\u00fcler individuell und im Klassenverband mit Fragen des sozialen Handelns auseinander. Zum anderen k\u00f6nnen die Lernenden einen Wahlpflichtkurs w\u00e4hlen, den sie dann \u00fcber zwei Jahren besuchen. Damit erhalten sie die M\u00f6glichkeit, Lerninhalte gem\u00e4\u00df eigener Interesse und F\u00e4higkeiten mitzugestalten. Die Angebote im freien Lernbereich finden klassen\u00fcbergreifend statt und sind, anders als etwa AGs, regul\u00e4r im normalen Stundenplan der Klassenstufen verortet. Kurse k\u00f6nnen bereits bekannte F\u00e4cher sein (z.B. Spanisch oder Franz\u00f6sisch), sich an F\u00e4cher anlehnen (z.B. \u201eBeruf-Wirtschaft-Recht\u201c an Powi, Europ\u00e4ischer Computerf\u00fchrerschein an Informatik, \u201eGrafische Techniken\u201c an Kunst), neue Lernbereiche er\u00f6ffnen (z.B. Altgriechisch, Psychologie, Gruppenleiterausbildung) oder projektartigen Charakter haben (z.B. Klimabotschafter, Vom Drehbuch zum Film). Das Kursspektrum ist dynamisch, d.h. es ver\u00e4ndert sich j\u00e4hrlich, womit man auch sich ver\u00e4ndernden Interessen der kommenden Sch\u00fclergenerationen Rechnung tragen kann. Die Kurse finden zweist\u00fcndig statt und sind mehrheitlich bewertungsfrei (also: keine Klassenarbeiten oder m\u00fcndlichen Bewertungen), sondern dokumentieren im Rahmen eines schriftlichen Portfolios die Inhalte und das Engagement bzw. den Kompetenzzuwachs der Lernenden. Eine Sonderstellung innerhalb des Freien Lernbereich haben Spanisch und Franz\u00f6sisch als 3. Fremdsprache. Diese werden w\u00f6chentlich 3-st\u00fcndig unterrichtet und werden wie der sonstige Fachunterricht auch benotet. Im Gegenzug gibt es in diesen F\u00e4llen dann auch die M\u00f6glichkeit, diese F\u00e4cher als Grundkurse in der Oberstufe weiterzuf\u00fchren und damit Belegverpflichtungen f\u00fcr das Abitur zu erf\u00fcllen. Verantwortlich f\u00fcr die Organisation des FLB in den Jahrgangsstufen 9 und 10 ist Carsten Reichert (P\u00e4dagogische Stufenleitung), der f\u00fcr R\u00fcckfragen und Anregungen gerne zur Verf\u00fcgung steht.","protected":false},"author":3,"featured_media":0,"parent":7445,"menu_order":0,"comment_status":"closed","ping_status":"closed","template":"","meta":{"ngg_post_thumbnail":0,"footnotes":""},"class_list":["post-23336","page","type-page","status-publish","hentry"],"publishpress_future_action":{"enabled":false,"date":"2026-04-14 14:58:37","action":"change-status","newStatus":"draft","terms":[],"taxonomy":"","extraData":[]},"publishpress_future_workflow_manual_trigger":{"enabledWorkflows":[]},"_links":{"self":[{"href":"https:\/\/franziskanergymnasium-kreuzburg.de\/cms\/wp-json\/wp\/v2\/pages\/23336","targetHints":{"allow":["GET"]}}],"collection":[{"href":"https:\/\/franziskanergymnasium-kreuzburg.de\/cms\/wp-json\/wp\/v2\/pages"}],"about":[{"href":"https:\/\/franziskanergymnasium-kreuzburg.de\/cms\/wp-json\/wp\/v2\/types\/page"}],"author":[{"embeddable":true,"href":"https:\/\/franziskanergymnasium-kreuzburg.de\/cms\/wp-json\/wp\/v2\/users\/3"}],"replies":[{"embeddable":true,"href":"https:\/\/franziskanergymnasium-kreuzburg.de\/cms\/wp-json\/wp\/v2\/comments?post=23336"}],"version-history":[{"count":4,"href":"https:\/\/franziskanergymnasium-kreuzburg.de\/cms\/wp-json\/wp\/v2\/pages\/23336\/revisions"}],"predecessor-version":[{"id":23368,"href":"https:\/\/franziskanergymnasium-kreuzburg.de\/cms\/wp-json\/wp\/v2\/pages\/23336\/revisions\/23368"}],"up":[{"embeddable":true,"href":"https:\/\/franziskanergymnasium-kreuzburg.de\/cms\/wp-json\/wp\/v2\/pages\/7445"}],"wp:attachment":[{"href":"https:\/\/franziskanergymnasium-kreuzburg.de\/cms\/wp-json\/wp\/v2\/media?parent=23336"}],"curies":[{"name":"wp","href":"https:\/\/api.w.org\/{rel}","templated":true}]}}