{"id":25707,"date":"2020-03-22T17:13:40","date_gmt":"2020-03-22T16:13:40","guid":{"rendered":"https:\/\/franziskanergymnasium-kreuzburg.de\/cms\/?page_id=25707"},"modified":"2020-03-22T17:13:40","modified_gmt":"2020-03-22T16:13:40","slug":"angebote-im-freien-lernbereich-9-10","status":"publish","type":"page","link":"https:\/\/franziskanergymnasium-kreuzburg.de\/cms\/angebote-im-freien-lernbereich-9-10\/","title":{"rendered":"Angebote im Freien Lernbereich 9\/10"},"content":{"rendered":"<p>Aufgrund der Schulschlie\u00dfung konnte der f\u00fcr den 23. M\u00e4rz 2020 vorgesehene Informationsabend f\u00fcr den Freien Lernbereich (FLB) in Jahrgangsstufe 9\/10 nicht stattfinden. Aus organisatorischen Gr\u00fcnden kann dieser nicht zu einem sp\u00e4teren Zeitpunkt nachgeholt werden. Au\u00dferdem m\u00fcssen die Sch\u00fcler auch ihre Favoriten w\u00e4hlen, damit die Kurse zusammengesetzt werden k\u00f6nnen. <\/p><p>\r\nDie Informationen zur Wahl der Angebote im Freien Lernbereich der Jahrgangsstufen 9 und 10 hat Carsten Reichert daher in einem Videoclip f\u00fcr die Sch\u00fclerinnen und Sch\u00fcler der jetzigen Jahrgangsstufe 8 und ihre Eltern zusammengestellt.\r\n\r\n<div style=\"width: 960px;\" class=\"wp-video\"><video class=\"wp-video-shortcode\" id=\"video-25707-1\" width=\"960\" height=\"540\" preload=\"metadata\" controls=\"controls\"><source type=\"video\/mp4\" src=\"https:\/\/franziskanergymnasium-kreuzburg.de\/cms\/wp-content\/uploads\/2020\/03\/20200323_Vorstellung-FLB9_10-Homepage.mp4?_=1\" \/><a href=\"https:\/\/franziskanergymnasium-kreuzburg.de\/cms\/wp-content\/uploads\/2020\/03\/20200323_Vorstellung-FLB9_10-Homepage.mp4\">https:\/\/franziskanergymnasium-kreuzburg.de\/cms\/wp-content\/uploads\/2020\/03\/20200323_Vorstellung-FLB9_10-Homepage.mp4<\/a><\/video><\/div>\r\n<br>\r\nAlle Informationen hier nochmals zum Nachlesen in einer <a attid=\"25673\"  href=\"https:\/\/franziskanergymnasium-kreuzburg.de\/cms\/wp-content\/uploads\/2020\/03\/20200323_Vorstellung-Infoveranstaltung-Homepage.pdf\">PDF-Pr\u00e4sentation<\/a>.<\/p><p>\r\n\r\nDie Kolleginnen und Kollegen, die Kurse im kommenden Jahr anbieten, haben ihre Informationen verschriftlicht. Diese k\u00f6nnen mit einem Klick auf die jeweiligen Angebote in der untenstehenden \u00dcbersicht eingesehen werden.\r\n\r\n<table style=\"width: 60%;\">\r\n<tbody>\r\n<tr>\r\n<td style=\"width: 50%; background-color: #32b0e6;\"><strong>Angebote\r\n(in alphabetischer Reihenfolge)<\/strong><\/td>\r\n<td style=\"width: 30%; background-color: #32b0e6;\"><strong>Ansprechpartner<\/strong><\/td>\r\n<\/tr>\r\n<tr>\r\n<td style=\"width: 75%;\"><a attid=\"25674\"  href=\"https:\/\/franziskanergymnasium-kreuzburg.de\/cms\/wp-content\/uploads\/2020\/03\/Beruf-Wirtschaft-Recht.pdf\">Beruf \u2013 Wirtschaft \u2013 Recht<\/a><\/td>\r\n<td style=\"width: 30%;\">Herr Stegmann<\/td>\r\n<\/tr>\r\n<tr>\r\n<td style=\"width: 75%;\"><a attid=\"25675\"  href=\"https:\/\/franziskanergymnasium-kreuzburg.de\/cms\/wp-content\/uploads\/2020\/03\/Business-English.pdf\">Business Englisch<\/a><\/td>\r\n<td style=\"width: 30%;\">Frau Reiss<\/td>\r\n<\/tr>\r\n<tr>\r\n<td style=\"width: 75%;\"><a attid=\"25667\"  href=\"https:\/\/franziskanergymnasium-kreuzburg.de\/cms\/wp-content\/uploads\/2020\/03\/Chemie-macht-Ah.pdf\">Chemie mach Ah!<\/a><\/td>\r\n<td style=\"width: 30%;\">Frau Spinnler<\/td>\r\n<\/tr>\r\n<tr>\r\n<td style=\"width: 75%;\"><a attid=\"25676\"  href=\"https:\/\/franziskanergymnasium-kreuzburg.de\/cms\/wp-content\/uploads\/2020\/03\/Computerpraxis.pdf\">Computerpraxis:<br>\r\nBearbeitung von Text, Zahl und Bild<\/a><\/td>\r\n<td style=\"width: 30%;\">Frau Floeth<\/td>\r\n<\/tr>\r\n<tr>\r\n<td style=\"width: 75%;\"><a attid=\"25677\"  href=\"https:\/\/franziskanergymnasium-kreuzburg.de\/cms\/wp-content\/uploads\/2020\/03\/Darstellendes-Spiel_19.03.2020.pdf\">Darstellendes Spiel<\/a><\/td>\r\n<td style=\"width: 30%;\">Frau Riehn<\/td>\r\n<\/tr>\r\n<tr>\r\n<td style=\"width: 75%;\"><a attid=\"25678\"  href=\"https:\/\/franziskanergymnasium-kreuzburg.de\/cms\/wp-content\/uploads\/2020\/03\/Franz\u00f6sisch.pdf\">Franz\u00f6sisch als 3. Fremdsprache<\/a><\/td>\r\n<td style=\"width: 30%;\">Frau S\u00fc\u00dfbauer<\/td>\r\n<\/tr>\r\n<tr>\r\n<td style=\"width: 75%;\"><a attid=\"25681\"  href=\"https:\/\/franziskanergymnasium-kreuzburg.de\/cms\/wp-content\/uploads\/2020\/03\/K\u00fcnstlerisches-Gestalten.pdf\">Graphische Techniken \/ K\u00fcnstl. Gestalten<\/a><\/td>\r\n<td style=\"width: 30%;\">Herr Vogt<\/td>\r\n<\/tr>\r\n<tr>\r\n<td style=\"width: 75%;\"><a attid=\"25680\"  href=\"https:\/\/franziskanergymnasium-kreuzburg.de\/cms\/wp-content\/uploads\/2020\/03\/Informatik.pdf\">Informatik<\/a><\/td>\r\n<td style=\"width: 30%;\">Herr M\u00fcller<\/td>\r\n<\/tr>\r\n<tr>\r\n<td style=\"width: 75%;\"><a attid=\"25679\"  href=\"https:\/\/franziskanergymnasium-kreuzburg.de\/cms\/wp-content\/uploads\/2020\/03\/Geschichte-lernen-mit-Youtube-Games-und-Kino.pdf\">Lernen mit Youtube, TV &amp; Kino:<br>\r\nGeschichte in Tutorials, Clips &amp; Filmen<\/a><\/td>\r\n<td style=\"width: 30%;\">Herr Weber<\/td>\r\n<\/tr>\r\n<tr>\r\n<td style=\"width:75%;\"><a attid=\"25682\"  href=\"https:\/\/franziskanergymnasium-kreuzburg.de\/cms\/wp-content\/uploads\/2020\/03\/Psychologie.pdf\">Psychologie<\/a><\/td>\r\n<td style=\"width: 30%;\">Frau Rossius<\/td>\r\n<\/tr>\r\n<tr>\r\n<td style=\"width: 75%;\"><a attid=\"25668\"  href=\"https:\/\/franziskanergymnasium-kreuzburg.de\/cms\/wp-content\/uploads\/2020\/03\/Radio.pdf\">Schulradio fragy.fm<\/a><\/td>\r\n<td style=\"width: 30%;\">Frau Neuberger<\/td>\r\n<\/tr>\r\n<tr>\r\n<td style=\"width: 75%;\"><a attid=\"25669\"  href=\"https:\/\/franziskanergymnasium-kreuzburg.de\/cms\/wp-content\/uploads\/2020\/03\/Rettungsschwimmer-Juleica.pdf\">Rettungsschwimmer \/ Gruppenleiter<\/a><\/td>\r\n<td style=\"width: 30%;\">Herr Heinz und Frau Maqua<\/td>\r\n<tr>\r\n<td style=\"width: 75%;\"><a attid=\"25670\"  href=\"https:\/\/franziskanergymnasium-kreuzburg.de\/cms\/wp-content\/uploads\/2020\/03\/Spanisch-als-3.-Fremdsprache.pdf\">Spanisch als 3. Fremdsprache<\/a><\/td>\r\n<td style=\"width: 30%;\">Frau Wolf<\/td>\r\n<\/tr>\r\n<tr>\r\n<td style=\"width: 75%;\"><a attid=\"25671\"  href=\"https:\/\/franziskanergymnasium-kreuzburg.de\/cms\/wp-content\/uploads\/2020\/03\/Vom-Drehbuch-zum-Film_Ausschreibung.pdf\">Vom Drehbuch zum Film<\/a><\/td>\r\n<td style=\"width: 30%;\">Frau Reitz<\/td>\r\n<\/tr>\r\n<\/tbody>\r\n<\/table>\r\n<br><br>\r\nZum Wahlformular geht es<a href=\"https:\/\/franziskanergymnasium-kreuzburg.de\/cms\/wahl-zum-flb-9\/\"> hier<\/a>. <br>Wir haben den Wahlzeitraum bis Sonntag, 5. April 2020, 23.59 Uhr verl\u00e4ngert, damit auch ausreichend M\u00f6glichkeit besteht, sich zu informieren und zu entscheiden. Den dazu notwendigen Einwahlcode haben die Sch\u00fclerinnen und Sch\u00fcler bereits von ihren Klassenleitungen erhalten. <\/p>","protected":false},"excerpt":{"rendered":"Aufgrund der Schulschlie\u00dfung konnte der f\u00fcr den 23. M\u00e4rz 2020 vorgesehene Informationsabend f\u00fcr den Freien Lernbereich (FLB) in Jahrgangsstufe 9\/10 nicht stattfinden. Aus organisatorischen Gr\u00fcnden kann dieser nicht zu einem sp\u00e4teren Zeitpunkt nachgeholt werden. Au\u00dferdem m\u00fcssen die Sch\u00fcler auch ihre Favoriten w\u00e4hlen, damit die Kurse zusammengesetzt werden k\u00f6nnen. Die Informationen zur Wahl der Angebote im Freien Lernbereich der Jahrgangsstufen 9 und 10 hat Carsten Reichert daher in einem Videoclip f\u00fcr die Sch\u00fclerinnen und Sch\u00fcler der jetzigen Jahrgangsstufe 8 und ihre Eltern zusammengestellt. Alle Informationen hier nochmals zum Nachlesen in einer PDF-Pr\u00e4sentation. Die Kolleginnen und Kollegen, die Kurse im kommenden Jahr anbieten, haben ihre Informationen verschriftlicht. Diese k\u00f6nnen mit einem Klick auf die jeweiligen Angebote in der untenstehenden \u00dcbersicht eingesehen werden. Angebote (in alphabetischer Reihenfolge) Ansprechpartner Beruf \u2013 Wirtschaft \u2013 Recht Herr Stegmann Business Englisch Frau Reiss Chemie mach Ah! Frau Spinnler Computerpraxis: Bearbeitung von Text, Zahl und Bild Frau Floeth Darstellendes Spiel Frau Riehn Franz\u00f6sisch als 3. Fremdsprache Frau S\u00fc\u00dfbauer Graphische Techniken \/ K\u00fcnstl. Gestalten Herr Vogt Informatik Herr M\u00fcller Lernen mit Youtube, TV &amp; Kino: Geschichte in Tutorials, Clips &amp; Filmen Herr Weber Psychologie Frau Rossius Schulradio fragy.fm Frau Neuberger Rettungsschwimmer \/ Gruppenleiter Herr Heinz und Frau Maqua Spanisch als 3. Fremdsprache Frau Wolf Vom Drehbuch zum Film Frau Reitz Zum Wahlformular geht es hier. Wir haben den Wahlzeitraum bis Sonntag, 5. April 2020, 23.59 Uhr verl\u00e4ngert, damit auch ausreichend M\u00f6glichkeit besteht, sich zu informieren und zu entscheiden. Den dazu notwendigen Einwahlcode haben die Sch\u00fclerinnen und Sch\u00fcler bereits von ihren Klassenleitungen erhalten.","protected":false},"author":3,"featured_media":0,"parent":0,"menu_order":0,"comment_status":"closed","ping_status":"closed","template":"","meta":{"ngg_post_thumbnail":0,"footnotes":""},"class_list":["post-25707","page","type-page","status-publish","hentry"],"publishpress_future_action":{"enabled":false,"date":"2026-04-20 16:25:24","action":"change-status","newStatus":"draft","terms":[],"taxonomy":"","extraData":[]},"publishpress_future_workflow_manual_trigger":{"enabledWorkflows":[]},"_links":{"self":[{"href":"https:\/\/franziskanergymnasium-kreuzburg.de\/cms\/wp-json\/wp\/v2\/pages\/25707","targetHints":{"allow":["GET"]}}],"collection":[{"href":"https:\/\/franziskanergymnasium-kreuzburg.de\/cms\/wp-json\/wp\/v2\/pages"}],"about":[{"href":"https:\/\/franziskanergymnasium-kreuzburg.de\/cms\/wp-json\/wp\/v2\/types\/page"}],"author":[{"embeddable":true,"href":"https:\/\/franziskanergymnasium-kreuzburg.de\/cms\/wp-json\/wp\/v2\/users\/3"}],"replies":[{"embeddable":true,"href":"https:\/\/franziskanergymnasium-kreuzburg.de\/cms\/wp-json\/wp\/v2\/comments?post=25707"}],"version-history":[{"count":2,"href":"https:\/\/franziskanergymnasium-kreuzburg.de\/cms\/wp-json\/wp\/v2\/pages\/25707\/revisions"}],"predecessor-version":[{"id":25709,"href":"https:\/\/franziskanergymnasium-kreuzburg.de\/cms\/wp-json\/wp\/v2\/pages\/25707\/revisions\/25709"}],"wp:attachment":[{"href":"https:\/\/franziskanergymnasium-kreuzburg.de\/cms\/wp-json\/wp\/v2\/media?parent=25707"}],"curies":[{"name":"wp","href":"https:\/\/api.w.org\/{rel}","templated":true}]}}