{"id":27896,"date":"2020-11-06T18:40:59","date_gmt":"2020-11-06T17:40:59","guid":{"rendered":"https:\/\/franziskanergymnasium-kreuzburg.de\/cms\/?page_id=27896"},"modified":"2020-12-21T10:23:51","modified_gmt":"2020-12-21T09:23:51","slug":"aktuelles-infektionsgeschehen","status":"publish","type":"page","link":"https:\/\/franziskanergymnasium-kreuzburg.de\/cms\/aktuelles-infektionsgeschehen\/","title":{"rendered":"Aktuelles Infektionsgeschehen"},"content":{"rendered":"<p>Am 18. Dezember 2020 wurden wir \u00fcber einen weiteren positiven Corona-Fall in der Sekundarstufe I informiert. Erste Symptome der Infektion tauchten bei der Person am letzten Pr\u00e4senztag der Schule auf. Deshalb wurde eine Identifizierung der Kontaktpersonen der Kategorien 1 und 2 noch am Freitagnachmittag vorgenommen und sowohl Eltern als auch Lehrkr\u00e4fte und das Gesundheitsamt wurden informiert. Am Samstag kamen die Antwortschreiben des Gesundheitsamtes, welche am gleichen Tag an die betroffenen Familien weitergereicht wurden.<\/p>\r\n<div class=\"clear\"><\/div><div class=\"gdl-divider gdl-border-x top\"><div class=\"scroll-top\"><\/div><\/div><div class=\"clear\" style=\" height:20px;\" ><\/div>\r\n\r\n<p>Bis zum jetzigen Stand 03.12.2020 wurden uns keine weiteren Infektionsf\u00e4lle gemeldet.<\/p>\r\n<p>Einzelne Sch\u00fclerinnen oder Sch\u00fcler befinden sich zeitweise in Quarant\u00e4ne, diese Anzahl ist allerdings auch sehr gering.<\/p>\r\n\r\n<div class=\"clear\"><\/div><div class=\"gdl-divider gdl-border-x top\"><div class=\"scroll-top\"><\/div><\/div><div class=\"clear\" style=\" height:20px;\" ><\/div>\r\n\r\n<p>Mit dem heutigen Eintrag (24.11.2020) informieren wir \u00fcber einen weiteren Corona-Fall in der Sch\u00fclerschaft der Sekundarstufe II. In Zusammenarbeit mit dem Gesundheitsamt wurden an der Schule Kontaktpersonen der Kategorie 1 und der Kategorie 2 identifiziert. Dementsprechend hat die Schulleitung Schulbesuchsverbote f\u00fcr Mitsch\u00fclerinnen und -sch\u00fcler der Kategorie 1 ausgesprochen, verbunden mit der Empfehlung, eine Quarant\u00e4ne eigenverantwortlich einzuhalten, bis die genaue Anweisung durch das Gesundheitsamt erfolgt.<\/p>\r\n\r\n<div class=\"clear\"><\/div><div class=\"gdl-divider gdl-border-x top\"><div class=\"scroll-top\"><\/div><\/div><div class=\"clear\" style=\" height:20px;\" ><\/div>\r\n\r\n\r\n<p>Bis zum jetzigen Stand 20.11.2020 wurden uns keine weiteren Infektionsf\u00e4lle gemeldet.<\/p>\r\n<p>Einzelne Sch\u00fclerinnen oder Sch\u00fcler befinden sich zeitweise in Quarant\u00e4ne, diese Anzahl ist allerdings auch sehr gering.<\/p>\r\n\r\n<div class=\"clear\"><\/div><div class=\"gdl-divider gdl-border-x top\"><div class=\"scroll-top\"><\/div><\/div><div class=\"clear\" style=\" height:20px;\" ><\/div>\r\n\r\n\r\n<br><p>In dieser Woche (KW 45) gab es einen best\u00e4tigten Covid-19-Fall an der Schule. In Absprache mit dem Gesundheitsamt wurden Ermittlungen durchgef\u00fchrt und notwendige Ma\u00dfnahmen eingeleitet. <\/p>\r\n<p>Unter der Voraussetzung, dass Hygieneregelungen eingehalten wurden, werden Sch\u00fclerinnen und Sch\u00fcler der betroffenen Klassen und Kurse und die Lehrkr\u00e4fte als Kontaktpersonen der Kategorie 2 eingestuft. F\u00fcr Personen dieser Kategorie wird keine Quarant\u00e4ne verordnet.<\/p>\r\n\r\n<p>Folgende Handlungsanweisungen gelten:\r\n<ul>\r\n<li>Reduzieren Sie die Anzahl der Kontakte zu anderen Personen innerhalb des 14-Tage-Zeitraums nach dem letzten Kontakt mit der infizierten Person.<\/li>\r\n<li>Bei asymptomatischen Kontaktpersonen ist keine Testung notwendig.<\/li>\r\n<li>Bei Auftreten von Symptomen ist ein sofortiger Kontakt zum Hausarzt und dem zust\u00e4ndigen Gesundheitsamt sowie Isolierung im h\u00e4uslichen Umfeld dringend angeraten.<\/li>\r\n<li>Weiterhin ist es sinnvoll, dass Sie bei beginnenden Symptomen Ihre Kontaktpersonen der letzten zwei Tage notieren.<\/li>\r\n<\/ul><\/p>\r\n\r\n<p>Damit wird der Pr\u00e4senzunterricht der betroffenen Klassen und Kurse weitergef\u00fchrt.<\/p>\r\n<p>Wenn individuelle Ermittlungen aufzeigen, dass die Hygieneregeln nicht eingehalten wurden, beispielsweise keine ausreichende Mund-Nasen-Bedeckung (oder nur ein Visier) getragen wurde, werden die Personen als Kontaktpersonen der Kategorie 1 eingestuft. Diese Personen haben damit ein Schulbesuchsverbot f\u00fcr 14 Tage ausgesprochen bekommen. <\/p>\r\n<p>Betroffene Sch\u00fclerinnen und Sch\u00fcler und deren Eltern sind heute informiert worden.<\/p>\r\n<p>Nach Aussagen des Gesundheitsamtes ist das Infektionsgeschehen an unserer Schule noch immer sehr niedrig. <\/p>","protected":false},"excerpt":{"rendered":"Am 18. Dezember 2020 wurden wir \u00fcber einen weiteren positiven Corona-Fall in der Sekundarstufe I informiert. Erste Symptome der Infektion tauchten bei der Person am letzten Pr\u00e4senztag der Schule auf. Deshalb wurde eine Identifizierung der Kontaktpersonen der Kategorien 1 und 2 noch am Freitagnachmittag vorgenommen und sowohl Eltern als auch Lehrkr\u00e4fte und das Gesundheitsamt wurden informiert. Am Samstag kamen die Antwortschreiben des Gesundheitsamtes, welche am gleichen Tag an die betroffenen Familien weitergereicht wurden. Bis zum jetzigen Stand 03.12.2020 wurden uns keine weiteren Infektionsf\u00e4lle gemeldet. Einzelne Sch\u00fclerinnen oder Sch\u00fcler befinden sich zeitweise in Quarant\u00e4ne, diese Anzahl ist allerdings auch sehr gering. Mit dem heutigen Eintrag (24.11.2020) informieren wir \u00fcber einen weiteren Corona-Fall in der Sch\u00fclerschaft der Sekundarstufe II. In Zusammenarbeit mit dem Gesundheitsamt wurden an der Schule Kontaktpersonen der Kategorie 1 und der Kategorie 2 identifiziert. Dementsprechend hat die Schulleitung Schulbesuchsverbote f\u00fcr Mitsch\u00fclerinnen und -sch\u00fcler der Kategorie 1 ausgesprochen, verbunden mit der Empfehlung, eine Quarant\u00e4ne eigenverantwortlich einzuhalten, bis die genaue Anweisung durch das Gesundheitsamt erfolgt. Bis zum jetzigen Stand 20.11.2020 wurden uns keine weiteren Infektionsf\u00e4lle gemeldet. Einzelne Sch\u00fclerinnen oder Sch\u00fcler befinden sich zeitweise in Quarant\u00e4ne, diese Anzahl ist allerdings auch sehr gering. In dieser Woche (KW 45) gab es einen best\u00e4tigten Covid-19-Fall an der Schule. In Absprache mit dem Gesundheitsamt wurden Ermittlungen durchgef\u00fchrt und notwendige Ma\u00dfnahmen eingeleitet. Unter der Voraussetzung, dass Hygieneregelungen eingehalten wurden, werden Sch\u00fclerinnen und Sch\u00fcler der betroffenen Klassen und Kurse und die Lehrkr\u00e4fte als Kontaktpersonen der Kategorie 2 eingestuft. F\u00fcr Personen dieser Kategorie wird keine Quarant\u00e4ne verordnet. Folgende Handlungsanweisungen gelten: Reduzieren Sie die Anzahl der Kontakte zu anderen Personen innerhalb des 14-Tage-Zeitraums nach dem letzten Kontakt mit der infizierten Person. Bei asymptomatischen Kontaktpersonen ist keine Testung notwendig. Bei Auftreten von Symptomen ist ein sofortiger Kontakt zum Hausarzt und dem zust\u00e4ndigen Gesundheitsamt sowie Isolierung im h\u00e4uslichen Umfeld dringend angeraten. Weiterhin ist es sinnvoll, dass Sie bei beginnenden Symptomen Ihre Kontaktpersonen der letzten zwei Tage notieren. Damit wird der Pr\u00e4senzunterricht der betroffenen Klassen und Kurse weitergef\u00fchrt. Wenn individuelle Ermittlungen aufzeigen, dass die Hygieneregeln nicht eingehalten wurden, beispielsweise keine ausreichende Mund-Nasen-Bedeckung (oder nur ein Visier) getragen wurde, werden die Personen als Kontaktpersonen der Kategorie 1 eingestuft. Diese Personen haben damit ein Schulbesuchsverbot f\u00fcr 14 Tage ausgesprochen bekommen. Betroffene Sch\u00fclerinnen und Sch\u00fcler und deren Eltern sind heute informiert worden. Nach Aussagen des Gesundheitsamtes ist das Infektionsgeschehen an unserer Schule noch immer sehr niedrig.","protected":false},"author":1,"featured_media":0,"parent":0,"menu_order":0,"comment_status":"closed","ping_status":"closed","template":"","meta":{"ngg_post_thumbnail":0,"footnotes":""},"class_list":["post-27896","page","type-page","status-publish","hentry"],"publishpress_future_action":{"enabled":false,"date":"2026-04-28 23:40:34","action":"change-status","newStatus":"draft","terms":[],"taxonomy":"","extraData":[]},"publishpress_future_workflow_manual_trigger":{"enabledWorkflows":[]},"_links":{"self":[{"href":"https:\/\/franziskanergymnasium-kreuzburg.de\/cms\/wp-json\/wp\/v2\/pages\/27896","targetHints":{"allow":["GET"]}}],"collection":[{"href":"https:\/\/franziskanergymnasium-kreuzburg.de\/cms\/wp-json\/wp\/v2\/pages"}],"about":[{"href":"https:\/\/franziskanergymnasium-kreuzburg.de\/cms\/wp-json\/wp\/v2\/types\/page"}],"author":[{"embeddable":true,"href":"https:\/\/franziskanergymnasium-kreuzburg.de\/cms\/wp-json\/wp\/v2\/users\/1"}],"replies":[{"embeddable":true,"href":"https:\/\/franziskanergymnasium-kreuzburg.de\/cms\/wp-json\/wp\/v2\/comments?post=27896"}],"version-history":[{"count":11,"href":"https:\/\/franziskanergymnasium-kreuzburg.de\/cms\/wp-json\/wp\/v2\/pages\/27896\/revisions"}],"predecessor-version":[{"id":28621,"href":"https:\/\/franziskanergymnasium-kreuzburg.de\/cms\/wp-json\/wp\/v2\/pages\/27896\/revisions\/28621"}],"wp:attachment":[{"href":"https:\/\/franziskanergymnasium-kreuzburg.de\/cms\/wp-json\/wp\/v2\/media?parent=27896"}],"curies":[{"name":"wp","href":"https:\/\/api.w.org\/{rel}","templated":true}]}}