{"id":280,"date":"2013-07-23T13:04:13","date_gmt":"2013-07-23T11:04:13","guid":{"rendered":"https:\/\/franziskanergymnasium-kreuzburg.de\/cms\/?page_id=280"},"modified":"2018-05-19T19:50:15","modified_gmt":"2018-05-19T17:50:15","slug":"franziskaner","status":"publish","type":"page","link":"https:\/\/franziskanergymnasium-kreuzburg.de\/cms\/franziskaner\/","title":{"rendered":"Franziskaner"},"content":{"rendered":"<p><strong>Franziskanergymnasium<\/strong><br \/>Die Schule tr\u00e4gt den Namen \u201eFranziskanergymnasium\u201c. Dies verweist auf die Mitglieder der Ordensgemeinschaft der Franziskaner, die auf demselben Gel\u00e4nde im Franziskanerkloster leben. Hinter dem Schultr\u00e4ger \u201eKreuzburg gGmbH\u201c steht die Deutsche Franziskanerprovinz von der Hl. Elisabeth mit Sitz in M\u00fcnchen. Wer aber sind die Franziskaner?<\/p>\r\n<p>\u201eGuten Tag, Ihr lieben Leute\u201c steht als Gru\u00df auf einer runden Bronzeplatte in der Eingangshalle der Schule. Es ist der Gru\u00df, mit dem Franziskus die Menschen seiner Zeit in italienischer Sprache gegr\u00fc\u00dft hat (\u201eBuon giorno, buona gente!\u201c). Der hl. Franziskus lebte von 1181-1226 n. Chr. Geboren wurde er in Assisi in Umbrien. Er war der Sohn eines reichen Kaufmannes. Nach einer Zeit der Suche fand er f\u00fcr sich seine Lebensform: ein Leben nach dem Evangelium in der Weise, wie es Christus und seine Apostel praktiziert haben; ein Leben in Wanderschaft, Verk\u00fcndigung der frohen Botschaft und in Armut. 1209 best\u00e4tigte Papst Innozenz III. diese Lebensweise von Franziskus und seinen ersten Br\u00fcdern, die sich ihm angeschlossen hatten. Im Laufe der Jahre stieg die Zahl der Br\u00fcder auf etwa 30.000 an und es entwickelte sich aus der Bewegung eine Ordensgemeinschaft. Gegen Ende seines Lebens (1224) empf\u00e4ngt Franziskus die Wundmale (Stigmatisation) und stirbt \u2013 von zahlreichen Krankheiten schwer gezeichnet &#8211; am 03. Oktober 1226 vor den Toren seiner Heimatstadt. Bereits zwei Jahre sp\u00e4ter (1228) wird er von Papst Gregor IX. heilig gesprochen.<br><br>Mehr \u00fcber die Biografie von Franziskus unter:<\/p>\r\n<p>\r\n<i class=\"gdl-icon-shortcode icon-external-link\" style=\"color:#222;font-size:14px;\"><\/i><a href=\"http:\/\/www.infag.de\/seiten\/doku.php\/spiritualitaet_franziskus\" target=\"_blank\">www.infag.de\/seiten\/doku.php\/spiritualitaet_franziskus<\/a><br \/>\r\n<i class=\"gdl-icon-shortcode icon-external-link\" style=\"color:#222;font-size:14px;\"><\/i><a href=\"http:\/\/www.franziskaner.de\/FRANZISKUS-CLARA.25.0.html\" target=\"_blank\">www.franziskaner.de\/FRANZISKUS-CLARA.25.0.html<\/a><\/p>\r\n<p><strong>Die Franziskanische Familie<\/strong><br \/>Im Jahre 1212 hatte sich Klara von Assisi Franziskus angeschlossen. Da es zur damaligen Zeit nicht m\u00f6glich war, als Frau ein solches Wanderleben zu f\u00fchren, gr\u00fcndete Klara mit ihren Schwestern einen neuen Ordenszweig, der in San Damiano in kontemplativer Weise lebte.<br>Die franziskanische Bewegung war urspr\u00fcnglich eine Laienbewegung. Im Sinne von Franziskus lebten viele seine Ideen als Menschen in der Welt in Beruf und Familie. Daraus erwuchs die Franziskanische Gemeinschaft, die heute mit ca. 1 Mio. Mitgliedern weltweit verbreitet ist. Im Zuge der sozialen Frage entstanden im 19. Jahrhundert Dutzende von franziskanischen Frauen-Ordensgemeinschaften, die heute als regulierte Dritte Orden bezeichnet werden und in verschiedensten sozialen Feldern t\u00e4tig sind. Die Franziskanische Familie ist daher mit einem Baum zu vergleichen, der sich in viele Zweige aufgegliedert hat: 1. Orden: Franziskaner, Kapuziner, Minoriten; 2. Orden: Klarissen, Kapuziner-Klarissen; 3. Orden: Franziskanische Gemeinschaft, Regulierte Dritte Orden, Franziskanische S\u00e4kularinstitute.<br><br>Mehr \u00fcber die Franziskanische Familie unter:<\/p>\r\n<p>\r\n<i class=\"gdl-icon-shortcode icon-external-link\" style=\"color:#222;font-size:14px;\"><\/i><a href=\"http:\/\/www.infag.de\/seiten\/doku.php\/franziskanische_familie_uebersicht\" target=\"_blank\">www.infag.de\/seiten\/doku.php\/franziskanische_familie_uebersicht<\/a>\r\n<\/p>\r\n<p><strong>Die Deutsche Franziskanerprovinz<\/strong><br \/>Das stetige Wachstum des jungen Franziskanerordens erforderte notwendige regionale Strukturen. Die einzelnen Niederlassungen (Konvente) wurden zu so genannten Provinzen zusammengefasst. Derzeit gibt es in Deutschland nur noch eine Provinz, die am 1. Juli 2010 aus den vier Vorg\u00e4ngerprovinzen (Saxonia, Colonia, Thuringia und Bavaria) neu errichtet wurde.   Weltweit gibt es zurzeit rund 13.000 Franziskaner in mehr als 100 Staaten der Erde. Knapp 350 Br\u00fcder leben an mehr als 40 verschiedenen Orten in der Deutschen Franziskanerprovinz von der heiligen Elisabeth.<\/p>\r\n<p \/>\r\n<strong>Franziskaner<\/strong><br \/>\u00c4u\u00dferlich erkennbar sind die Franziskaner an ihrem braunen Ordensgewand, dem Habit; umgangssprachlich oft auch \u201eKutte\u201c genannt. Spezifikum der franziskanischen Ordensmitglieder ist der wei\u00dfe Strick (\u201eZingulum\u201c) mit den drei Knoten darin. Sie stehen f\u00fcr die drei Versprechen (\u201eGel\u00fcbde\u201c) von Gehorsam, Armut und eheloser Keuschheit.<br>Franziskus war es wichtig, dass die Br\u00fcder unabh\u00e4ngig von Herkunft und Bildung gleichberechtigt in seiner Bruderschaft zusammenleben. Daher ist die Anrede der Franziskaner \u201eBruder\u201c, abgek\u00fcrzt Br. Jede Ordensgemeinschaft hat ein lateinisches K\u00fcrzel, das der einzelne Bruder hinter seinen Namen schreiben kann. F\u00fcr die Franziskaner ist dies OFM f\u00fcr \u201eOrdo Fratrum Minorum\u201c = Orden der Minderen Br\u00fcder.<br><br>Die Mitglieder der Ordensgemeinschaft leben in Niederlassungen (Konventen) unterschiedlicher Gr\u00f6\u00dfe. In Gro\u00dfkrotzenburg geh\u00f6ren aktuell 11 Br\u00fcder zwischen 45 und 82 Jahren zur Gemeinschaft. Einer von ihnen ist als Lehrer am Gymnasium aktiv und einer als Schulseelsorger. Andere sind als Guardian (Hausoberer), Pfarradministrator einer Gemeinde, als irchenmusiker, K\u00fcster oder in h\u00e4uslichen Diensten t\u00e4tig.<br><br>Mehr \u00fcber den Konvent Gro\u00dfkrotzenburg unter:<\/p>\r\n<p>\r\n<i class=\"gdl-icon-shortcode icon-external-link\" style=\"color:#222;font-size:14px;\"><\/i><a href=\"http:\/\/www.franziskaner.de\/Grosskrotzenburg.130.0.html\" target=\"_blank\">www.franziskaner.de\/Grosskrotzenburg.130.0.html<\/a>\r\n<\/p>\r\n<p><strong>Spiritualit\u00e4t<\/strong><br \/>Die Franziskaner versuchen, \u201ein den Fu\u00dfspuren Christi\u201c zu gehen (wie Franziskus sagen w\u00fcrde) und das Evangelium in einem geistlichen Leben umzusetzen. Ihr Alltag ist zum einen gepr\u00e4gt von gemeinsamen Zeiten f\u00fcr Gebet und Gottesdienst, f\u00fcr Mahlzeiten, Austausch und Erholung, zum anderen f\u00fcr die berufliche T\u00e4tigkeit des Einzelnen, die sehr unterschiedlich aussehen kann. Als so genannte \u201eaktive\u201c Gemeinschaft verbleiben die Br\u00fcder nicht hinter Klostermauern, sondern arbeiten in verschiedenen pastoralen, sozialen und p\u00e4dagogischen Feldern. Sie verbinden auf diese Weise geistliches Leben (Kontemplation) und Aktion, den Dienst f\u00fcr Gott mit dem Dienst f\u00fcr die Menschen. Die konkrete Ausgestaltung orientiert sich an Werten, die f\u00fcr Franziskus wesentliche Aspekte seiner Lebensweise beinhaltet: Gottsuche, Zeit f\u00fcr Stille und Gebet, Meditation des Evangeliums, Feier des Gottesdienstes, Mitgestaltung von Kirche, Armut und Option f\u00fcr die Armen und an den Rand Gedr\u00e4ngten, Wertsch\u00e4tzung der Arbeit, Ehrfurcht vor allen Gesch\u00f6pfen, Liebe zur Sch\u00f6pfung, Demut und Friedfertigkeit, Einsatz f\u00fcr Gerechtigkeit, missionarisch-dialogisches Handeln usw.<br><br>Mehr \u00fcber Franziskanische Spiritualit\u00e4t unter:<\/p>\r\n<p>\r\n<i class=\"gdl-icon-shortcode icon-external-link\" style=\"color:#222;font-size:14px;\"><\/i><a href=\"http:\/\/www.infag.de\/seiten\/doku.php\/spiritualitaet_franziskanische_spiritualitaet\" target=\"_blank\">www.infag.de\/seiten\/doku.php\/spiritualitaet_franziskanische_spiritualitaet<\/a><\/p>\r\n","protected":false},"excerpt":{"rendered":"FranziskanergymnasiumDie Schule tr\u00e4gt den Namen \u201eFranziskanergymnasium\u201c. Dies verweist auf die Mitglieder der Ordensgemeinschaft der Franziskaner, die auf demselben Gel\u00e4nde im Franziskanerkloster leben. Hinter dem Schultr\u00e4ger \u201eKreuzburg gGmbH\u201c steht die Deutsche Franziskanerprovinz von der Hl. Elisabeth mit Sitz in M\u00fcnchen. Wer aber sind die Franziskaner? \u201eGuten Tag, Ihr lieben Leute\u201c steht als Gru\u00df auf einer runden Bronzeplatte in der Eingangshalle der Schule. Es ist der Gru\u00df, mit dem Franziskus die Menschen seiner Zeit in italienischer Sprache gegr\u00fc\u00dft hat (\u201eBuon giorno, buona gente!\u201c). Der hl. Franziskus lebte von 1181-1226 n. Chr. Geboren wurde er in Assisi in Umbrien. Er war der Sohn eines reichen Kaufmannes. Nach einer Zeit der Suche fand er f\u00fcr sich seine Lebensform: ein Leben nach dem Evangelium in der Weise, wie es Christus und seine Apostel praktiziert haben; ein Leben in Wanderschaft, Verk\u00fcndigung der frohen Botschaft und in Armut. 1209 best\u00e4tigte Papst Innozenz III. diese Lebensweise von Franziskus und seinen ersten Br\u00fcdern, die sich ihm angeschlossen hatten. Im Laufe der Jahre stieg die Zahl der Br\u00fcder auf etwa 30.000 an und es entwickelte sich aus der Bewegung eine Ordensgemeinschaft. Gegen Ende seines Lebens (1224) empf\u00e4ngt Franziskus die Wundmale (Stigmatisation) und stirbt \u2013 von zahlreichen Krankheiten schwer gezeichnet &#8211; am 03. Oktober 1226 vor den Toren seiner Heimatstadt. Bereits zwei Jahre sp\u00e4ter (1228) wird er von Papst Gregor IX. heilig gesprochen.Mehr \u00fcber die Biografie von Franziskus unter: www.infag.de\/seiten\/doku.php\/spiritualitaet_franziskus www.franziskaner.de\/FRANZISKUS-CLARA.25.0.html Die Franziskanische FamilieIm Jahre 1212 hatte sich Klara von Assisi Franziskus angeschlossen. Da es zur damaligen Zeit nicht m\u00f6glich war, als Frau ein solches Wanderleben zu f\u00fchren, gr\u00fcndete Klara mit ihren Schwestern einen neuen Ordenszweig, der in San Damiano in kontemplativer Weise lebte.Die franziskanische Bewegung war urspr\u00fcnglich eine Laienbewegung. Im Sinne von Franziskus lebten viele seine Ideen als Menschen in der Welt in Beruf und Familie. Daraus erwuchs die Franziskanische Gemeinschaft, die heute mit ca. 1 Mio. Mitgliedern weltweit verbreitet ist. Im Zuge der sozialen Frage entstanden im 19. Jahrhundert Dutzende von franziskanischen Frauen-Ordensgemeinschaften, die heute als regulierte Dritte Orden bezeichnet werden und in verschiedensten sozialen Feldern t\u00e4tig sind. Die Franziskanische Familie ist daher mit einem Baum zu vergleichen, der sich in viele Zweige aufgegliedert hat: 1. Orden: Franziskaner, Kapuziner, Minoriten; 2. Orden: Klarissen, Kapuziner-Klarissen; 3. Orden: Franziskanische Gemeinschaft, Regulierte Dritte Orden, Franziskanische S\u00e4kularinstitute.Mehr \u00fcber die Franziskanische Familie unter: www.infag.de\/seiten\/doku.php\/franziskanische_familie_uebersicht Die Deutsche FranziskanerprovinzDas stetige Wachstum des jungen Franziskanerordens erforderte notwendige regionale Strukturen. Die einzelnen Niederlassungen (Konvente) wurden zu so genannten Provinzen zusammengefasst. Derzeit gibt es in Deutschland nur noch eine Provinz, die am 1. Juli 2010 aus den vier Vorg\u00e4ngerprovinzen (Saxonia, Colonia, Thuringia und Bavaria) neu errichtet wurde. Weltweit gibt es zurzeit rund 13.000 Franziskaner in mehr als 100 Staaten der Erde. Knapp 350 Br\u00fcder leben an mehr als 40 verschiedenen Orten in der Deutschen Franziskanerprovinz von der heiligen Elisabeth. Franziskaner\u00c4u\u00dferlich erkennbar sind die Franziskaner an ihrem braunen Ordensgewand, dem Habit; umgangssprachlich oft auch \u201eKutte\u201c genannt. Spezifikum der franziskanischen Ordensmitglieder ist der wei\u00dfe Strick (\u201eZingulum\u201c) mit den drei Knoten darin. Sie stehen f\u00fcr die drei Versprechen (\u201eGel\u00fcbde\u201c) von Gehorsam, Armut und eheloser Keuschheit.Franziskus war es wichtig, dass die Br\u00fcder unabh\u00e4ngig von Herkunft und Bildung gleichberechtigt in seiner Bruderschaft zusammenleben. Daher ist die Anrede der Franziskaner \u201eBruder\u201c, abgek\u00fcrzt Br. Jede Ordensgemeinschaft hat ein lateinisches K\u00fcrzel, das der einzelne Bruder hinter seinen Namen schreiben kann. F\u00fcr die Franziskaner ist dies OFM f\u00fcr \u201eOrdo Fratrum Minorum\u201c = Orden der Minderen Br\u00fcder.Die Mitglieder der Ordensgemeinschaft leben in Niederlassungen (Konventen) unterschiedlicher Gr\u00f6\u00dfe. In Gro\u00dfkrotzenburg geh\u00f6ren aktuell 11 Br\u00fcder zwischen 45 und 82 Jahren zur Gemeinschaft. Einer von ihnen ist als Lehrer am Gymnasium aktiv und einer als Schulseelsorger. Andere sind als Guardian (Hausoberer), Pfarradministrator einer Gemeinde, als irchenmusiker, K\u00fcster oder in h\u00e4uslichen Diensten t\u00e4tig.Mehr \u00fcber den Konvent Gro\u00dfkrotzenburg unter: www.franziskaner.de\/Grosskrotzenburg.130.0.html Spiritualit\u00e4tDie Franziskaner versuchen, \u201ein den Fu\u00dfspuren Christi\u201c zu gehen (wie Franziskus sagen w\u00fcrde) und das Evangelium in einem geistlichen Leben umzusetzen. Ihr Alltag ist zum einen gepr\u00e4gt von gemeinsamen Zeiten f\u00fcr Gebet und Gottesdienst, f\u00fcr Mahlzeiten, Austausch und Erholung, zum anderen f\u00fcr die berufliche T\u00e4tigkeit des Einzelnen, die sehr unterschiedlich aussehen kann. Als so genannte \u201eaktive\u201c Gemeinschaft verbleiben die Br\u00fcder nicht hinter Klostermauern, sondern arbeiten in verschiedenen pastoralen, sozialen und p\u00e4dagogischen Feldern. Sie verbinden auf diese Weise geistliches Leben (Kontemplation) und Aktion, den Dienst f\u00fcr Gott mit dem Dienst f\u00fcr die Menschen. Die konkrete Ausgestaltung orientiert sich an Werten, die f\u00fcr Franziskus wesentliche Aspekte seiner Lebensweise beinhaltet: Gottsuche, Zeit f\u00fcr Stille und Gebet, Meditation des Evangeliums, Feier des Gottesdienstes, Mitgestaltung von Kirche, Armut und Option f\u00fcr die Armen und an den Rand Gedr\u00e4ngten, Wertsch\u00e4tzung der Arbeit, Ehrfurcht vor allen Gesch\u00f6pfen, Liebe zur Sch\u00f6pfung, Demut und Friedfertigkeit, Einsatz f\u00fcr Gerechtigkeit, missionarisch-dialogisches Handeln usw.Mehr \u00fcber Franziskanische Spiritualit\u00e4t unter: www.infag.de\/seiten\/doku.php\/spiritualitaet_franziskanische_spiritualitaet","protected":false},"author":1,"featured_media":0,"parent":0,"menu_order":0,"comment_status":"closed","ping_status":"closed","template":"","meta":{"ngg_post_thumbnail":0,"footnotes":""},"class_list":["post-280","page","type-page","status-publish","hentry"],"publishpress_future_action":{"enabled":false,"date":"2026-04-12 18:34:22","action":"change-status","newStatus":"draft","terms":[],"taxonomy":"","extraData":[]},"publishpress_future_workflow_manual_trigger":{"enabledWorkflows":[]},"_links":{"self":[{"href":"https:\/\/franziskanergymnasium-kreuzburg.de\/cms\/wp-json\/wp\/v2\/pages\/280","targetHints":{"allow":["GET"]}}],"collection":[{"href":"https:\/\/franziskanergymnasium-kreuzburg.de\/cms\/wp-json\/wp\/v2\/pages"}],"about":[{"href":"https:\/\/franziskanergymnasium-kreuzburg.de\/cms\/wp-json\/wp\/v2\/types\/page"}],"author":[{"embeddable":true,"href":"https:\/\/franziskanergymnasium-kreuzburg.de\/cms\/wp-json\/wp\/v2\/users\/1"}],"replies":[{"embeddable":true,"href":"https:\/\/franziskanergymnasium-kreuzburg.de\/cms\/wp-json\/wp\/v2\/comments?post=280"}],"version-history":[{"count":12,"href":"https:\/\/franziskanergymnasium-kreuzburg.de\/cms\/wp-json\/wp\/v2\/pages\/280\/revisions"}],"predecessor-version":[{"id":18257,"href":"https:\/\/franziskanergymnasium-kreuzburg.de\/cms\/wp-json\/wp\/v2\/pages\/280\/revisions\/18257"}],"wp:attachment":[{"href":"https:\/\/franziskanergymnasium-kreuzburg.de\/cms\/wp-json\/wp\/v2\/media?parent=280"}],"curies":[{"name":"wp","href":"https:\/\/api.w.org\/{rel}","templated":true}]}}