{"id":28385,"date":"2020-11-30T12:17:19","date_gmt":"2020-11-30T11:17:19","guid":{"rendered":"https:\/\/franziskanergymnasium-kreuzburg.de\/cms\/?page_id=28385"},"modified":"2022-09-07T18:04:31","modified_gmt":"2022-09-07T16:04:31","slug":"virtuelle-schulfuehrung","status":"publish","type":"page","link":"https:\/\/franziskanergymnasium-kreuzburg.de\/cms\/virtuelle-schulfuehrung\/","title":{"rendered":"Virtuelle Schulf\u00fchrung"},"content":{"rendered":"<p>Im untenstehenden Film f\u00fchren die beiden Sch\u00fclerinnen Vanessa Kroner und Emilia Vogt Torres durch unsere Schule. Anlass ist der Tag der offenen T\u00fcr, der am 21.11.2020 aufgrund der Ma\u00dfnahmen zur Eind\u00e4mmung der Coronapandemie nur virtuell durchgef\u00fchrt werden konnte. Das Video richtet sich insbesondere an Sch\u00fclerinnen und Sch\u00fcler der 4. Klasse und soll ihnen einen Einblick in das Schulleben an der Kreuzburg gew\u00e4hren.<\/p>\r\n<video width=\"85%\" controls controlsList=\"nodownload\">\n\t    <source src=\"\/cms\/wp-content\/uploads\/tdot\/vid\/Video-Schulfuehrung-TdoT-2020-720p.mp4\" type=\"video\/mp4\">\n\t    <\/video>\r\n\r\n<br>\r\n<p>\r\n\tWeitere Informationen \u00fcber die Schule und zur Anmeldung f\u00fcr interessierte Familien sind<a href=\"https:\/\/franziskanergymnasium-kreuzburg.de\/cms\/informationen-zur-anmeldung\/\" target=\"blank\" rel=\"noopener noreferrer\"> hier <\/a>zu finden.\r\n<\/p>","protected":false},"excerpt":{"rendered":"Im untenstehenden Film f\u00fchren die beiden Sch\u00fclerinnen Vanessa Kroner und Emilia Vogt Torres durch unsere Schule. Anlass ist der Tag der offenen T\u00fcr, der am 21.11.2020 aufgrund der Ma\u00dfnahmen zur Eind\u00e4mmung der Coronapandemie nur virtuell durchgef\u00fchrt werden konnte. Das Video richtet sich insbesondere an Sch\u00fclerinnen und Sch\u00fcler der 4. Klasse und soll ihnen einen Einblick in das Schulleben an der Kreuzburg gew\u00e4hren. Weitere Informationen \u00fcber die Schule und zur Anmeldung f\u00fcr interessierte Familien sind hier zu finden.","protected":false},"author":3,"featured_media":0,"parent":0,"menu_order":0,"comment_status":"closed","ping_status":"closed","template":"","meta":{"ngg_post_thumbnail":0,"footnotes":""},"class_list":["post-28385","page","type-page","status-publish","hentry"],"publishpress_future_action":{"enabled":false,"date":"2026-04-12 08:43:01","action":"change-status","newStatus":"draft","terms":[],"taxonomy":"","extraData":[]},"publishpress_future_workflow_manual_trigger":{"enabledWorkflows":[]},"_links":{"self":[{"href":"https:\/\/franziskanergymnasium-kreuzburg.de\/cms\/wp-json\/wp\/v2\/pages\/28385","targetHints":{"allow":["GET"]}}],"collection":[{"href":"https:\/\/franziskanergymnasium-kreuzburg.de\/cms\/wp-json\/wp\/v2\/pages"}],"about":[{"href":"https:\/\/franziskanergymnasium-kreuzburg.de\/cms\/wp-json\/wp\/v2\/types\/page"}],"author":[{"embeddable":true,"href":"https:\/\/franziskanergymnasium-kreuzburg.de\/cms\/wp-json\/wp\/v2\/users\/3"}],"replies":[{"embeddable":true,"href":"https:\/\/franziskanergymnasium-kreuzburg.de\/cms\/wp-json\/wp\/v2\/comments?post=28385"}],"version-history":[{"count":5,"href":"https:\/\/franziskanergymnasium-kreuzburg.de\/cms\/wp-json\/wp\/v2\/pages\/28385\/revisions"}],"predecessor-version":[{"id":34062,"href":"https:\/\/franziskanergymnasium-kreuzburg.de\/cms\/wp-json\/wp\/v2\/pages\/28385\/revisions\/34062"}],"wp:attachment":[{"href":"https:\/\/franziskanergymnasium-kreuzburg.de\/cms\/wp-json\/wp\/v2\/media?parent=28385"}],"curies":[{"name":"wp","href":"https:\/\/api.w.org\/{rel}","templated":true}]}}