{"id":29490,"date":"2021-04-12T15:31:05","date_gmt":"2021-04-12T13:31:05","guid":{"rendered":"https:\/\/franziskanergymnasium-kreuzburg.de\/cms\/?page_id=29490"},"modified":"2021-08-29T17:28:34","modified_gmt":"2021-08-29T15:28:34","slug":"faq","status":"publish","type":"page","link":"https:\/\/franziskanergymnasium-kreuzburg.de\/cms\/faq\/","title":{"rendered":"FAQ &#8211; Fragen und Antworten zum Miet-\/Kaufmodell von AFB, Mobiles Lernen"},"content":{"rendered":"<p>H\u00e4ufig gestellte Fragen (FAQs &#8211; Frequently Asked Questions) und ihre jeweiligen Antworten zur Einf\u00fchrung der Convertible Notebooks zu Beginn des Schuljahres 2021\/22 finden Sie in der folgenden PDF-Datei: <a attid=\"29540\" href=\"https:\/\/franziskanergymnasium-kreuzburg.de\/cms\/wp-content\/uploads\/2021\/04\/FAQ-Liste Miet- und Kaufmodell AfB-Mobiles Lernen V23.10.21.pdf\" target=\"_blank\" rel=\"noopener\">FAQ-Liste Miet- und Kaufmodell AfB-Mobiles Lernen (Stand: 23.10.21)<\/a><\/p>\r\n\r\n\r\n<!--\r\n<h2>A Fragen zum Miet-\/Kaufmodell<\/h2>\r\n\r\n<ul class=\"gdl-accordion\">\r\n\r\n<li class=\"active\"><h2 class=\"accordion-title\"><span class=\"accordion-icon\"><\/span>Handelt es sich um Neuger\u00e4te oder Refurbished-Modelle?<\/h2>\r\n<div class=\"accordion-content\" >Alle Ger\u00e4te, die \u00fcber AFB gemietet bzw. gekauft werden, sind Neuger\u00e4te.<\/div><\/li>\r\n\r\n<li class=\"\"><h2 class=\"accordion-title\"><span class=\"accordion-icon\"><\/span>Besteht die M\u00f6glichkeit, das Ger\u00e4t nach Abschluss k\u00e4uflich zu erwerben und - wenn ja - zu welchem Preis?<\/h2>\r\n<div class=\"accordion-content\" >Nach Ablauf der 36 Monate Mietzeit wird das Ger\u00e4t zur\u00fcckgegeben oder f\u00fcr den Betrag von\r\ndrei Monatsmieten (90\u20ac) k\u00e4uflich erworben werden.\r\n<\/div><\/li>\r\n\r\n<li class=\"\"><h2 class=\"accordion-title\"><span class=\"accordion-icon\"><\/span>Sind beim Kaufmodell dieselben Service-\/Wartungsleistungen enthalten?<\/h2>\r\n<div class=\"accordion-content\" >Beim Kaufmodell \u00fcber AfB \u2013 Mobiles Lernen erhalten alle dieselben Serviceleistungen wie beim Mietmodell. Beim Verlassen der Schule und Weiternutzung des Ger\u00e4tes entf\u00e4llt lediglich der Vorort-Service durch den Techniker.<br>\r\nDer Support endet f\u00fcr das Ger\u00e4t mit Ablauf des Vertrages von 36 Monaten, auch wenn das\r\nGer\u00e4t weiterhin verwendet wird. Ein Anschlussservice ist nicht vorgesehen.\r\n<\/div><\/li>\r\n\r\n<li class=\"\"><h2 class=\"accordion-title\"><span class=\"accordion-icon\"><\/span>Kann man das Ger\u00e4t beim Kaufmodell am Ende behalten und wie hoch sind die Kosten?<\/h2>\r\n<div class=\"accordion-content\" >Das Kaufmodell kostet inkl. Service und Versicherung 1015\u20ac (Bruttopreis). Nach Ablauf der 36\r\nMonate geht das Ger\u00e4t \u2013 ohne zus\u00e4tzliche Zahlung - in den Besitz des K\u00e4ufers \u00fcber.<br>\r\nF\u00fcr das Kaufmodell kann kein Geschwisterrabatt gew\u00e4hrt werden. \r\n<\/div><\/li>\r\n\r\n<li class=\"\"><h2 class=\"accordion-title\"><span class=\"accordion-icon\"><\/span>Gibt es auch einen IT-Support durch die Schule, wenn man das gleiche Ger\u00e4t bereits besitzt?<\/h2>\r\n<div class=\"accordion-content\" >Der Service und Support stehen nur f\u00fcr die Ger\u00e4te, die \u00fcber AfB-Mobiles Lernen erworben oder gemietet wurden, f\u00fcr 36 Monate zur Verf\u00fcgung. Privat erworbene Ger\u00e4te werden bei Hardware- und Softwareproblemen nicht supportet.<\/div><\/li>\r\n\r\n<li class=\"\"><h2 class=\"accordion-title\"><span class=\"accordion-icon\"><\/span>Ist das Ger\u00e4t auch mit h\u00f6herer Ausstattung, z.B. gr\u00f6\u00dfere SSD, zu erhalten?<\/h2>\r\n<div class=\"accordion-content\" >\u00dcber AFB\/Mobiles Lernen kann nur die Version Dell Latitude 5320 2-in-1 \/ i5 \/ 8 GB RAM \/ 256\r\nGB SSD bezogen werden. Den Speicherplatz kann man mit einer micro-SD-Karte erweitern.\r\n<\/div><\/li>\r\n\r\n<li class=\"\"><h2 class=\"accordion-title\"><span class=\"accordion-icon\"><\/span>Gibt es ein Miet-\/Kauf-Konzept f\u00fcr Sch\u00fcler\/-innen der Oberstufe?<\/h2>\r\n<div class=\"accordion-content\" >F\u00fcr die Oberstufensch\u00fcler\/-innen bietet sich das Kaufmodell an, wenn sie das Ger\u00e4t nach der Schulzeit weiternutzen m\u00f6chten. Der Versicherungsschutz und Service enden bei diesem Modell ebenfalls nach 36 Monaten.<br>\r\nEs besteht auch f\u00fcr Oberstufensch\u00fcler\/-innen die M\u00f6glichkeit, das Ger\u00e4t zu mieten und es beim Verlassen der Schule vor Ablauf des Mietzeitraums von 36 Monaten zur\u00fcckzugeben. In diesem Fall kann der Mietvertrag mit einer einmaligen Zahlung von vier Monatsmieten beendet werden.\r\n<\/div><\/li>\r\n\r\n<li class=\"\"><h2 class=\"accordion-title\"><span class=\"accordion-icon\"><\/span>Kann der Mietpreis analog zum Schulgeld steuerlich geltend gemacht werden?<\/h2>\r\n<div class=\"accordion-content\" >Eine Rechnung erhalten Sie f\u00fcr Ger\u00e4te, die im Kaufmodell erworben wurden. Ob diese Kosten oder die monatlichen Mietenkosten steuerlich geltend gemacht werden k\u00f6nnen, m\u00fcssen Sie \u00fcber Ihren Steuerberater kl\u00e4ren.<\/div><\/li>\r\n\r\n<li class=\"\"><h2 class=\"accordion-title\"><span class=\"accordion-icon\"><\/span>Gibt es Zusch\u00fcsse des Landes Hessen zur Anschaffung von Sch\u00fclerendger\u00e4ten?<\/h2>\r\n<div class=\"accordion-content\" >Nein, Sch\u00fclerendger\u00e4te fallen \u2013 anders als B\u00fccher \u2013 nicht unter die Lernmittelfreiheit. Zusch\u00fcsse gibt es durch den Digitalpakt f\u00fcr die Infrastruktur an Schulen sowie in begrenztem Umfang f\u00fcr schuleigene Ger\u00e4te, wie sie z.B. f\u00fcr die Pilotklassen angeschafft wurden.<\/div><\/li>\r\n\r\n<li class=\"\"><h2 class=\"accordion-title\"><span class=\"accordion-icon\"><\/span>Kann man auch im n\u00e4chsten Jahr in das Mietmodell einsteigen?<\/h2>\r\n<div class=\"accordion-content\" >Ja, dies ist m\u00f6glich. Jedoch ist ein Einstieg in das Miet-\/Kaufmodell im Laufe des Schuljahres au\u00dferhalb der Bestellfrist zu den gegebenen Bedingungen nicht m\u00f6glich bzw. nicht zu denselben Konditionen garantiert.<\/div><\/li>\r\n\r\n<li class=\"\"><h2 class=\"accordion-title\"><span class=\"accordion-icon\"><\/span>Was passiert nach 36 Monaten?<\/h2>\r\n<div class=\"accordion-content\" >Nach Ablauf der Mietzeit von 36 Monaten wird das Ger\u00e4t an AfB-Mobiles Lernen zur\u00fcckgegeben. Die Sch\u00fcler\/-innen erhalten bei Beibehaltung des Vertrages ein neues Modell (i.d.R. das Anschlussmodell). Es besteht die M\u00f6glichkeit, das Ger\u00e4t f\u00fcr drei Monatsmieten (insg. 90\u20ac - kein Geschwisterrabatt!) k\u00e4uflich f\u00fcr den privaten Gebrauch zu erwerben. Mit diesem Ger\u00e4t kann auch schulisch nach drei Jahren weitergearbeitet werden, jedoch endet der Anspruch auf Service mit Ablauf der 36 Monate. Eine Neubestellung bzw. ein Wiedereinstieg in das Mietmodell ist w\u00e4hrend des laufenden Schuljahres nicht m\u00f6glich.<\/div><\/li>\r\n\r\n<li class=\"\"><h2 class=\"accordion-title\"><span class=\"accordion-icon\"><\/span>Wie ist die Laufzeit bei Folgemodellen?<\/h2>\r\n<div class=\"accordion-content\" >Die Laufzeit betr\u00e4gt immer 36 Monate. Ausstiegsm\u00f6glichkeiten sind oben beschrieben.<\/div><\/li>\r\n\r\n<li class=\"\"><h2 class=\"accordion-title\"><span class=\"accordion-icon\"><\/span>Wie kann ich mehrere Ger\u00e4te bestellen (Geschwisterbestellung)?<\/h2>\r\n<div class=\"accordion-content\" >F\u00fcr die Bestellung weiterer Ger\u00e4te f\u00fcr Geschwisterkinder muss der Bestellvorgang erneut ausgef\u00fchrt werden. Der Geschwisterrabatt wird im Bestellvorgang nicht ausgewiesen, sondern erst im Nachhinein bei der Abrechnung. <\/div><\/li>\r\n\r\n<li class=\"\"><h2 class=\"accordion-title\"><span class=\"accordion-icon\"><\/span>Gibt es in der Geschwisterstaffelung auf einen Rabatt f\u00fcr das vierte Kind?<\/h2>\r\n<div class=\"accordion-content\" >Das vierte und jedes weitere Kind zahlt, ebenso wie das dritte Kind, 20\u20ac Monatsmiete.<\/div><\/li>\r\n\r\n<li class=\"\"><h2 class=\"accordion-title\"><span class=\"accordion-icon\"><\/span>Kann man f\u00fcr ein Geschwisterkind, das die Schule nicht besucht, ein Ger\u00e4t miterworben werden?<\/h2>\r\n<div class=\"accordion-content\" >Eine Bestellung \u00fcber die Schule ist nur f\u00fcr Sch\u00fcler\/-innen der Schule m\u00f6glich. Jedoch k\u00f6nnen individuelle Absprachen zu Sonderkonditionen \u00fcber den AfB-Shop getroffen werden.<\/div><\/li>\r\n\r\n<li class=\"\"><h2 class=\"accordion-title\"><span class=\"accordion-icon\"><\/span>K\u00f6nnen die Ger\u00e4te vor der Bestellung in einem \u201ehands on\u201c angeschaut werden?<\/h2>\r\n<div class=\"accordion-content\" >Dies ist leider aufgrund der derzeitigen Pandemielage nicht m\u00f6glich.<\/div><\/li>\r\n\r\n<\/ul>\r\n<br>\r\n<h2>B Fragen zum Ger\u00e4t und den Umgang damit<\/h2>\r\n\r\n<ul class=\"gdl-accordion\">\r\n\r\n<li class=\"\"><h2 class=\"accordion-title\"><span class=\"accordion-icon\"><\/span>Wer ist Administrator?<\/h2>\r\n<div class=\"accordion-content\" >Administrator sind die Eltern. Die Sch\u00fclerinnen und Sch\u00fcler sind \u201eUser\u201c.<\/div><\/li>\r\n\r\n<li class=\"\"><h2 class=\"accordion-title\"><span class=\"accordion-icon\"><\/span>Welches Softwarepaket ist enthalten?<\/h2>\r\n<div class=\"accordion-content\" >Die Schule erstellt ein Image, das auf die Ger\u00e4te aufgespielt wird. Es enth\u00e4lt ein Office-Paket und zus\u00e4tzliche Standardprogramme. Dieses Standardimage wird st\u00e4ndig aktualisiert, gepflegt und erg\u00e4nzt u.a. durch Programme, die derzeit in den Pilotklassen erprobt werden. Das Aufspielen des Schulimages auf Privatger\u00e4te ist nicht m\u00f6glich.<\/div><\/li>\r\n\r\n<li class=\"\"><h2 class=\"accordion-title\"><span class=\"accordion-icon\"><\/span>Wem stehen die IT-Scouts der Schule zur Verf\u00fcgung?<\/h2>\r\n<div class=\"accordion-content\" >Die IT-Scouts sind unter der Leitung einer Lehrkraft nur geschult auf die Wartung der Ger\u00e4te von AfB-Mobiles Lernen. Der Support ist Teil des Vertrages und steht damit zun\u00e4chst den Vertragsger\u00e4ten zur Verf\u00fcgung. Fragen zu anderen Ger\u00e4ten k\u00f6nnen die IT-Scouts nur im Rahmen ihrer allgemeinen Kenntnisse und F\u00e4higkeiten beantworten. Problembehandlungen an \u201eFremdger\u00e4ten\u201c d\u00fcrfen von den IT-Scouts nicht vorgenommen werden. Sie erfolgen auf eigene Verantwortung durch den Besitzer des Ger\u00e4tes.<\/div><\/li>\r\n\r\n<li class=\"\"><h2 class=\"accordion-title\"><span class=\"accordion-icon\"><\/span>Gibt es eine planm\u00e4\u00dfige Wartung bzw. werden Updates von der Schule aufgespielt?<\/h2>\r\n<div class=\"accordion-content\" >Nein, Updates k\u00f6nnen nicht w\u00e4hrend der Unterrichtszeit aufgespielt werden. Dies muss zu\r\nHause erfolgen und ist Teil der Medienkompetenz, die die Nutzer erlernen sollen.\r\n<\/div><\/li>\r\n\r\n<li class=\"\"><h2 class=\"accordion-title\"><span class=\"accordion-icon\"><\/span>Gibt es ein genaues Datenblatt f\u00fcr das Ger\u00e4t?<\/h2>\r\n<div class=\"accordion-content\" >Mit der Nennung des genauen Ger\u00e4tetyps ist das entsprechende Datenblatt im Internet erh\u00e4ltlich. (<a href=\"https:\/\/www.dell.com\/de-de\/work\/shop\/dell-notebooks\/latitude-5320-laptop-oder-2-in-1-system-f%C3%BCr-unternehmen\/spd\/latitude-13-5320-2-in-1-laptop\" target=\"_blank\" rel=\"noopener\">https:\/\/www.dell.com\/de-de\/work\/shop\/dell-notebooks\/latitude-5320-laptop-oder-2-in-1-system-f%C3%BCr-unternehmen\/spd\/latitude-13-5320-2-in-1-laptop<\/a>)<\/div><\/li>\r\n\r\n<li class=\"\"><h2 class=\"accordion-title\"><span class=\"accordion-icon\"><\/span>Wird f\u00fcr Reparaturzeiten ein Ersatzger\u00e4t zur Verf\u00fcgung gestellt?<\/h2>\r\n<div class=\"accordion-content\" >Im Miet- bzw. Kaufpreis ist dieser Service mitinbegriffen. Austauschger\u00e4te desselben Modells stehen in der Schule f\u00fcr den Fall eines Hardwareproblems zur Verf\u00fcgung.\r\n<\/div><\/li>\r\n\r\n<li class=\"\"><h2 class=\"accordion-title\"><span class=\"accordion-icon\"><\/span>Wird im Austauschfall ein Backup gemacht und wo wird es abgelegt?<\/h2>\r\n<div class=\"accordion-content\" >Die Sch\u00fclerinnen und Sch\u00fcler m\u00fcssen regelm\u00e4\u00dfig selbst ein Backup erstellen und ihre Daten in einer Cloud oder auf einer Speicherkarte ablegen.<\/div><\/li>\r\n\r\n<li class=\"\"><h2 class=\"accordion-title\"><span class=\"accordion-icon\"><\/span>Wer \u00fcbernimmt die DGUV-Pr\u00fcfung der Netzteile?<\/h2>\r\n<div class=\"accordion-content\" >Von AfB-Mobiles Lernen ist derzeit keine Pr\u00fcfung vorgesehen.<\/div><\/li>\r\n\r\n<li class=\"\"><h2 class=\"accordion-title\"><span class=\"accordion-icon\"><\/span>Verf\u00fcgt das Ger\u00e4t \u00fcber eine LAN-Anschlussm\u00f6glichkeit?<\/h2>\r\n<div class=\"accordion-content\" >LAN hat es nicht. Mit USB-C auf RJ45 Adapter kann der LAN-Anschluss nachger\u00fcstet werden.<\/div><\/li>\r\n\r\n<li class=\"\"><h2 class=\"accordion-title\"><span class=\"accordion-icon\"><\/span>Verf\u00fcgt das Ger\u00e4t \u00fcber einen HDMI-Anschluss?<\/h2>\r\n<div class=\"accordion-content\" >Ein HDMI-Anschluss ist vorhanden.<\/div><\/li>\r\n\r\n<li class=\"\"><h2 class=\"accordion-title\"><span class=\"accordion-icon\"><\/span>Gibt es eine Dockingstation f\u00fcr das Ger\u00e4t?<\/h2>\r\n<div class=\"accordion-content\" >Es wird keine Dockingstation ausgeliefert. Jede USB-C Dockingstation kann genutzt werden.<\/div><\/li>\r\n<\/ul>\r\n<br>\r\n<h2>C Fragen zum Schutz\/zur Sicherheit<\/h2>\r\n\r\n<ul class=\"gdl-accordion\">\r\n\r\n<li class=\"\"><h2 class=\"accordion-title\"><span class=\"accordion-icon\"><\/span>Welche Jugendschutzma\u00dfnahmen werden getroffen?<\/h2>\r\n<div class=\"accordion-content\" >Unabh\u00e4ngig von Ger\u00e4ten ist das schulische Netzwerk mit einem Content-Filter ausgestattet, einem Programm zur Filterung unerw\u00fcnschter Inhalte.<br>\r\nF\u00fcr den Jugendschutz im privaten Umfeld tragen die Eltern die Verantwortung.\r\n<\/div><\/li>\r\n\r\n<li class=\"\"><h2 class=\"accordion-title\"><span class=\"accordion-icon\"><\/span>Ist das User-Profil der Sch\u00fcler\/-innen auf dem Server gespeichert?<\/h2>\r\n<div class=\"accordion-content\" >Die Zugangsdaten der Sch\u00fcler\/-innen liegen auf dem Server. F\u00fcr alles, was sie in ihrem Profil speichern, muss selbstst\u00e4ndig ein Backup erfolgen. Diese Daten liegen nicht auf dem Server.<\/div><\/li>\r\n\r\n<li class=\"\"><h2 class=\"accordion-title\"><span class=\"accordion-icon\"><\/span>Gibt es eine Individualisierung des Ger\u00e4tes?<\/h2>\r\n<div class=\"accordion-content\" >Die Ger\u00e4te sind durch eine Inventarnummer registriert. Es wird dringend empfohlen, sowohl am Ger\u00e4t als auch am Ladekabel, an den Kopfh\u00f6rern und am Stift ein zus\u00e4tzliches f\u00fcr den\r\n\u201eBesitzer\u201c leicht erkennbares Identifikationsmerkmal (Namensschild, B\u00e4ndchen etc.)\r\nanzubringen.\r\n<\/div><\/li>\r\n\r\n<li class=\"\"><h2 class=\"accordion-title\"><span class=\"accordion-icon\"><\/span>Ist das Ger\u00e4t bei Diebstahl versichert?<\/h2>\r\n<div class=\"accordion-content\" >Im Miet- bzw. Kaufpreis ist eine Diebstahl- und Schadensversicherung mit einer\r\nSelbstbeteiligung bei Diebstahl \/ Schadensfall \u20ac 150,- enthalten.\r\n<\/div><\/li>\r\n\r\n<li class=\"\"><h2 class=\"accordion-title\"><span class=\"accordion-icon\"><\/span>Wie sieht es mit dem Diebstahlschutz an der Schule aus?<\/h2>\r\n<div class=\"accordion-content\" >F\u00fcr die Zeit, in der das Ger\u00e4t unbeobachtet ist (z.B. w\u00e4hrend der Pausen, Sport, Gottesdienst etc.) gibt die Mediennutzungsordnung die notwendigen Sicherheitsvorkehrungen vor. Zur Verf\u00fcgung stehen ab dem kommenden Schuljahr zus\u00e4tzliche Einschlie\u00dfm\u00f6glichkeiten mit Ladem\u00f6glichkeiten vor Ort, z.B. Klassenschr\u00e4nke oder Spinde im Gang, der Bibliothek und in der Sporthalle.<\/div><\/li>\r\n\r\n<li class=\"\"><h2 class=\"accordion-title\"><span class=\"accordion-icon\"><\/span>Wird es ein VPN der Schule geben?<\/h2>\r\n<div class=\"accordion-content\" >Nein, das ist nicht geplant.\r\n<\/div><\/li>\r\n<\/ul>\r\n<br>\r\n<h2>D Fragen um Einsatz des Ger\u00e4tes<\/h2>\r\n\r\n<ul class=\"gdl-accordion\">\r\n\r\n<li class=\"\"><h2 class=\"accordion-title\"><span class=\"accordion-icon\"><\/span>Lohnt sich das Ger\u00e4t f\u00fcr den Einsatz in Unterricht bei 20-40 %?<\/h2>\r\n<div class=\"accordion-content\" >Grunds\u00e4tzlich ist ein Ger\u00e4t zwingend erforderlich, damit im Unterricht sinnvoll mitgearbeitet werden kann. 20-40 % ist ein Richtwert, der sich nicht auf jedes einzelne Fach bezieht, sondern auf den gesamten Umfang in einer Jahrgangsstufe.<\/div><\/li>\r\n\r\n<li class=\"\"><h2 class=\"accordion-title\"><span class=\"accordion-icon\"><\/span>Wie gro\u00df ist der Einsatz der digitalen Ger\u00e4te in den f\u00fcnften Klassen?<\/h2>\r\n<div class=\"accordion-content\" >Die neuen Sch\u00fcler\/-innen werden nach und nach in das digitale Lernen eingef\u00fchrt und arbeiten in den verschiedenen F\u00e4chern mit den Ger\u00e4ten, sofern sich diese sinnhaft einsetzen lassen. Dar\u00fcber hinaus werden verschiedene Schulb\u00fccher digital zur Verf\u00fcgung gestellt.<\/div><\/li>\r\n\r\n<li class=\"\"><h2 class=\"accordion-title\"><span class=\"accordion-icon\"><\/span>Wenn ein entsprechendes Ger\u00e4t schon vorhanden ist, kann dies auch verwendet werden?<\/h2>\r\n<div class=\"accordion-content\" >Nat\u00fcrlich darf auch ein bereits vorhandenes oder ein anderes Ger\u00e4t mit den gleichen Spezifikationen verwendet werden. Es sollte \u00fcber das entsprechende Softwarepaket sowie einen Stift verf\u00fcgen. Die im Unterricht verwendete Software muss eigenst\u00e4ndig aufgespielt werden. F\u00fcr das Privatger\u00e4t besteht kein Anspruch auf Service oder auf ein Leihger\u00e4t im Bedarfsfall.<\/div><\/li>\r\n\r\n<li class=\"\"><h2 class=\"accordion-title\"><span class=\"accordion-icon\"><\/span>Ist das WLAN der Schule f\u00fcr den Einsatz von ca. 1000 Ger\u00e4ten ausreichend?<\/h2>\r\n<div class=\"accordion-content\" >Das WLAN der Schule ist ausreichend leistungsf\u00e4hig und das Schulgeb\u00e4ude ist gut ausgeleuchtet.<\/div><\/li>\r\n\r\n<li class=\"\"><h2 class=\"accordion-title\"><span class=\"accordion-icon\"><\/span>Steht auch privaten Ger\u00e4te das Schul-WLAN zur Verf\u00fcgung?<\/h2>\r\n<div class=\"accordion-content\" >Wie bisher das das Schul-WLAN f\u00fcr alle Ger\u00e4te genutzt werden.<\/div><\/li>\r\n\r\n<li class=\"\"><h2 class=\"accordion-title\"><span class=\"accordion-icon\"><\/span>Muss ein neuer Outlook-Account erstellt werden?<\/h2>\r\n<div class=\"accordion-content\" >Nein, die Sch\u00fcler\/-innen besitzen bereits einen Sch\u00fcler-Account, der auch weiterhin genutzt wird. Diesen richten sie bei der Anmeldung ein.\r\n<\/div><\/li>\r\n\r\n<li class=\"\"><h2 class=\"accordion-title\"><span class=\"accordion-icon\"><\/span>D\u00fcrfen die Ger\u00e4te ausschlie\u00dflich f\u00fcr den schulischen Einsatz verwendet werden?<\/h2>\r\n<div class=\"accordion-content\" >Die Ger\u00e4te werden in der Schule f\u00fcr unterrichtliche Zwecke eingesetzt. Zu Hause k\u00f6nnen sie auch privat genutzt werden. Es empfiehlt sich eine Trennung von privaten und schulischen Daten (s. Mediennutzungsordnung).<\/div><\/li>\r\n\r\n<li class=\"\"><h2 class=\"accordion-title\"><span class=\"accordion-icon\"><\/span>Darf auch eigene Software installiert werden?<\/h2>\r\n<div class=\"accordion-content\" >Es darf auch eigene, altersangemessene Software installiert werden, sofern ausreichend Speicherplatz f\u00fcr die schulische Dateien besteht (ca. 2 GB). Auf Virenschutz sollte geachtet werden.<\/div><\/li>\r\n\r\n<li class=\"\"><h2 class=\"accordion-title\"><span class=\"accordion-icon\"><\/span>Kommen auf die Eltern noch zus\u00e4tzliche Kosten f\u00fcr Lizenzen zu?<\/h2>\r\n<div class=\"accordion-content\" >Es kommen keine Lizenzkosten hinzu, au\u00dfer es werden privat bzw. freiwillig Lizenzen erworben.<\/div><\/li>\r\n\r\n<li class=\"\"><h2 class=\"accordion-title\"><span class=\"accordion-icon\"><\/span>Ab wann werden Schulb\u00fccher in digitaler Form genutzt?<\/h2>\r\n<div class=\"accordion-content\" >Derzeit pr\u00fcfen die Fachkonferenzen die digitalen Angebote der Schulbuchverlag. Geplant ist eine stufenweise Einf\u00fchrung der digitalen Lehrwerke im vorhandenen Kostenrahmen der Lernmittelfreiheit des Landes Hessen.<\/div><\/li>\r\n\r\n<li class=\"\"><h2 class=\"accordion-title\"><span class=\"accordion-icon\"><\/span>Bekommen die Sch\u00fcler\/-innen des darauffolgenden Jahrgangs dieselben Ger\u00e4te?<\/h2>\r\n<div class=\"accordion-content\" >Wenn sich das Ger\u00e4t bew\u00e4hrt, ist mit AfB-Mobiles Lernen vereinbart, dass darauffolgenden Jahrg\u00e4ngen jeweils das Nachfolgemodell desselben Modelltyps angeboten wird, sofern dies die Kalkulation von 30\u20ac pro Monat nicht \u00fcberschreitet.<\/div><\/li>\r\n\r\n<li class=\"\"><h2 class=\"accordion-title\"><span class=\"accordion-icon\"><\/span>Konnten die in den Pilotklassen aufgetretenen Mikrophon-Probleme behoben werden?<\/h2>\r\n<div class=\"accordion-content\" >Diese wurden umgehend durch ein Treiberupdate behoben.<\/div><\/li>\r\n\r\n<\/ul>\r\n-->","protected":false},"excerpt":{"rendered":"H\u00e4ufig gestellte Fragen (FAQs &#8211; Frequently Asked Questions) und ihre jeweiligen Antworten zur Einf\u00fchrung der Convertible Notebooks zu Beginn des Schuljahres 2021\/22 finden Sie in der folgenden PDF-Datei: FAQ-Liste Miet- und Kaufmodell AfB-Mobiles Lernen (Stand: 23.10.21)","protected":false},"author":1,"featured_media":0,"parent":0,"menu_order":0,"comment_status":"closed","ping_status":"closed","template":"","meta":{"ngg_post_thumbnail":0,"footnotes":""},"class_list":["post-29490","page","type-page","status-publish","hentry"],"publishpress_future_action":{"enabled":false,"date":"2026-04-12 14:38:42","action":"change-status","newStatus":"draft","terms":[],"taxonomy":"","extraData":[]},"publishpress_future_workflow_manual_trigger":{"enabledWorkflows":[]},"_links":{"self":[{"href":"https:\/\/franziskanergymnasium-kreuzburg.de\/cms\/wp-json\/wp\/v2\/pages\/29490","targetHints":{"allow":["GET"]}}],"collection":[{"href":"https:\/\/franziskanergymnasium-kreuzburg.de\/cms\/wp-json\/wp\/v2\/pages"}],"about":[{"href":"https:\/\/franziskanergymnasium-kreuzburg.de\/cms\/wp-json\/wp\/v2\/types\/page"}],"author":[{"embeddable":true,"href":"https:\/\/franziskanergymnasium-kreuzburg.de\/cms\/wp-json\/wp\/v2\/users\/1"}],"replies":[{"embeddable":true,"href":"https:\/\/franziskanergymnasium-kreuzburg.de\/cms\/wp-json\/wp\/v2\/comments?post=29490"}],"version-history":[{"count":20,"href":"https:\/\/franziskanergymnasium-kreuzburg.de\/cms\/wp-json\/wp\/v2\/pages\/29490\/revisions"}],"predecessor-version":[{"id":30552,"href":"https:\/\/franziskanergymnasium-kreuzburg.de\/cms\/wp-json\/wp\/v2\/pages\/29490\/revisions\/30552"}],"wp:attachment":[{"href":"https:\/\/franziskanergymnasium-kreuzburg.de\/cms\/wp-json\/wp\/v2\/media?parent=29490"}],"curies":[{"name":"wp","href":"https:\/\/api.w.org\/{rel}","templated":true}]}}