{"id":29796,"date":"2021-04-26T15:47:30","date_gmt":"2021-04-26T13:47:30","guid":{"rendered":"https:\/\/franziskanergymnasium-kreuzburg.de\/cms\/?page_id=29796"},"modified":"2021-05-03T15:43:52","modified_gmt":"2021-05-03T13:43:52","slug":"bibliothek-neu","status":"publish","type":"page","link":"https:\/\/franziskanergymnasium-kreuzburg.de\/cms\/bibliothek-neu\/","title":{"rendered":"Bibliothek"},"content":{"rendered":"<a attid=\"29787\"  href=\"https:\/\/franziskanergymnasium-kreuzburg.de\/cms\/wp-content\/uploads\/2021\/04\/Banner-neu-scaled.jpg\" rel=\"lightbox[29796]\"><img loading=\"lazy\" decoding=\"async\" src=\"https:\/\/franziskanergymnasium-kreuzburg.de\/cms\/wp-content\/uploads\/2021\/04\/Banner-neu-scaled.jpg\" alt=\"\" width=\"2560\" height=\"256\" class=\"aligncenter size-full wp-image-29787\" srcset=\"https:\/\/franziskanergymnasium-kreuzburg.de\/cms\/wp-content\/uploads\/2021\/04\/Banner-neu-scaled.jpg 2560w, https:\/\/franziskanergymnasium-kreuzburg.de\/cms\/wp-content\/uploads\/2021\/04\/Banner-neu-300x30.jpg 300w, https:\/\/franziskanergymnasium-kreuzburg.de\/cms\/wp-content\/uploads\/2021\/04\/Banner-neu-1024x102.jpg 1024w, https:\/\/franziskanergymnasium-kreuzburg.de\/cms\/wp-content\/uploads\/2021\/04\/Banner-neu-768x77.jpg 768w, https:\/\/franziskanergymnasium-kreuzburg.de\/cms\/wp-content\/uploads\/2021\/04\/Banner-neu-1536x153.jpg 1536w, https:\/\/franziskanergymnasium-kreuzburg.de\/cms\/wp-content\/uploads\/2021\/04\/Banner-neu-2048x205.jpg 2048w\" sizes=\"auto, (max-width: 2560px) 100vw, 2560px\" \/><br><\/a><h3>Schulbibliothek<\/h3>\r\n<p><a attid=\"29794\"  href=\"https:\/\/franziskanergymnasium-kreuzburg.de\/cms\/wp-content\/uploads\/2021\/04\/Foto-zu-Schulbibliothek1.jpg\" rel=\"lightbox[29796]\"><img loading=\"lazy\" decoding=\"async\" src=\"https:\/\/franziskanergymnasium-kreuzburg.de\/cms\/wp-content\/uploads\/2021\/04\/Foto-zu-Schulbibliothek1-300x225.jpg\" alt=\"\" width=\"300\" height=\"225\" class=\"alignright size-medium wp-image-29794\" srcset=\"https:\/\/franziskanergymnasium-kreuzburg.de\/cms\/wp-content\/uploads\/2021\/04\/Foto-zu-Schulbibliothek1-300x225.jpg 300w, https:\/\/franziskanergymnasium-kreuzburg.de\/cms\/wp-content\/uploads\/2021\/04\/Foto-zu-Schulbibliothek1-1024x768.jpg 1024w, https:\/\/franziskanergymnasium-kreuzburg.de\/cms\/wp-content\/uploads\/2021\/04\/Foto-zu-Schulbibliothek1-768x576.jpg 768w, https:\/\/franziskanergymnasium-kreuzburg.de\/cms\/wp-content\/uploads\/2021\/04\/Foto-zu-Schulbibliothek1.jpg 1200w\" sizes=\"auto, (max-width: 300px) 100vw, 300px\" \/><\/a>Die Schulbibliothek ist eine Einrichtung des Franziskanergymnasiums Kreuzburg. Alle Sch\u00fclerinnen und Sch\u00fcler, Lehrkr\u00e4fte und Mitarbeitende des Gymnasiums sind berechtigt, die Schulbibliothek im Rahmen der Benutzungsordnung zu besuchen. F\u00fcr sie alle ist die Benutzung und Ausleihe kostenlos. Schulfremde Personen k\u00f6nnen nach vorheriger Anmeldung beim Schulleiter \u2013 gem\u00e4\u00df Hausordnung \u2013 in beschr\u00e4nktem Ma\u00df die Bibliothek nutzen.<\/p><p>\r\n\r\n<p><strong>Bestand<\/strong><br>\r\nDie Schulbibliothek umfasst Literatur zu allen Unterrichtsf\u00e4chern sowie Kinder- und Jugendb\u00fccher. Auch Tageszeitungen und Zeitschriften stehen zur Verf\u00fcgung.<\/p>\r\n\r\n<p><strong>Bibliothekseinf\u00fchrung f\u00fcr Sch\u00fclerinnen und Sch\u00fcler<\/strong><br>\r\nZu Beginn eines Schuljahres werden die Sch\u00fclerinnen und Sch\u00fcler der 5. Klassen in die Benutzung der Schulbibliothek eingef\u00fchrt. In der Einf\u00fchrungsphase der Oberstufe erhalten alle Sch\u00fclerinnen und Sch\u00fcler eine Einf\u00fchrung in die Grundz\u00fcge des wissenschaftlichen Arbeitens. Der Schwerpunkt liegt hier bei den Literaturangaben und der Zitierweise f\u00fcr die Erstellung von Referaten. Hinweise zu diesen Themen k\u00f6nnen <a href=\"https:\/\/franziskanergymnasium-kreuzburg.de\/cms\/downloads\/schulermaterialien\/\">hier <\/a>heruntergeladen werden.<\/p>\r\n\r\n<div class=\"clear\"><\/div><div class=\"gdl-divider gdl-border-x top\"><div class=\"scroll-top\"><\/div><\/div><div class=\"clear\" style=\" height:20px;\" ><\/div>\r\n<h3>Bibliothek &#8211; online<\/h3>\r\n\r\nAuch von zu Hause aus kann man in der Bibliothek recherchieren und nach Literatur f\u00fcr Referate, \u00dcbungsheften f\u00fcr Klassenarbeiten oder Kinder- und Jugendb\u00fcchern suchen. Es besteht die M\u00f6glichkeit, B\u00fccher zu reservieren und beim n\u00e4chsten Besuch abzuholen.<\/p>\r\n\r\n<strong>Wie geht das?<\/strong>\r\n\r\n<p>Im Men\u00fcband auf der rechten Seite befindet sich der Link zu web.Opac. Mit \u201eKlick\u201c darauf kommt man zum Programm LITTERAweb.opac, dem Bestandsverzeichnis unserer Schulbibliothek. Zur Anmeldung gibt man die Nummer auf dem Sch\u00fclerausweis ein: Einfach die vorangestellten Nullen sowie die letzte Zahl weglassen und schon hat man die f\u00fcnfstellige Leserinnen- bzw. Lesernummer. Das Kennwort ist zun\u00e4chst einmal das Geburtsdatum, das ohne Punkte zwischen den Zahlen eingegeben wird. Das Kennwort kann jederzeit ge\u00e4ndert werden.<\/p><p>\r\nViel Spa\u00df beim Recherchieren!\r\n<\/p>\r\n\r\n<div class=\"clear\"><\/div><div class=\"gdl-divider gdl-border-x top\"><div class=\"scroll-top\"><\/div><\/div><div class=\"clear\" style=\" height:20px;\" ><\/div>\r\n\r\n<h3>Lernmittelbibliothek<\/h3>\r\n\r\n<a attid=\"29793\"  href=\"https:\/\/franziskanergymnasium-kreuzburg.de\/cms\/wp-content\/uploads\/2021\/04\/Bild-Schulbuecher.jpg\" rel=\"lightbox[29796]\"><img decoding=\"async\" src=\"https:\/\/franziskanergymnasium-kreuzburg.de\/cms\/wp-content\/uploads\/2021\/04\/Bild-Schulbuecher-225x300.jpg\" alt=\"\" width=\"185\" class=\"alignright size-medium wp-image-29793\" srcset=\"https:\/\/franziskanergymnasium-kreuzburg.de\/cms\/wp-content\/uploads\/2021\/04\/Bild-Schulbuecher-225x300.jpg 225w, https:\/\/franziskanergymnasium-kreuzburg.de\/cms\/wp-content\/uploads\/2021\/04\/Bild-Schulbuecher-768x1024.jpg 768w, https:\/\/franziskanergymnasium-kreuzburg.de\/cms\/wp-content\/uploads\/2021\/04\/Bild-Schulbuecher.jpg 900w\" sizes=\"(max-width: 225px) 100vw, 225px\" \/><\/a><p>Die Lernmittel-Bibliothek der Schule umfasst alle Schulb\u00fccher, die im Unterricht verwendet werden. Sie befindet sich im Untergeschoss des Fachraumtraktes gegen\u00fcber der Kunst- und Werkr\u00e4ume. <\/p>\r\n<p>Jede Sch\u00fclerin und jeder Sch\u00fcler leiht am Anfang eines Schuljahres individuell auf seinen Namen die B\u00fccher aus, die f\u00fcr den Unterricht gebraucht werden. Die Ausleihe erfolgt \u00fcber das Computerprogramm \u201eLITTERA\u201c.<\/p>\r\n<p>W\u00e4hrend des laufenden Schuljahres haben alle Sch\u00fclerinnen, Sch\u00fcler und Lehrkr\u00e4fte an zwei Tagen in der Woche die Gelegenheit, zus\u00e4tzlich ben\u00f6tigte Materialien, wie z.B. Lekt\u00fcren, zu entleihen. Am Ende des Schuljahres geben die Sch\u00fclerinnen und Sch\u00fcler klassenweise ihre Schulb\u00fccher zur\u00fcck.<\/p>\r\n\r\n\r\n\r\n\r\n<p>Die Lernmittelbibliothek wird hauptamtlich betreut von Frau Anna Christina Becker. Wenn Sie ein Schulbuch ben\u00f6tigen oder abgeben m\u00f6chten, nehmen Sie gerne Kontakt auf: Mail <a href=\"mailto:becker@kreuzburg.de\">becker@kreuzburg.de<\/a> oder Telefon 06186\/ 916 -760\r\n<\/p>\r\n<div class=\"clear\"><\/div><div class=\"gdl-divider gdl-border-x top\"><div class=\"scroll-top\"><\/div><\/div><div class=\"clear\" style=\" height:20px;\" ><\/div>\r\n<a attid=\"29887\"  href=\"https:\/\/franziskanergymnasium-kreuzburg.de\/cms\/wp-content\/uploads\/2021\/05\/Neues-aus-der-Schulbibliothek-gelb.jpg\" rel=\"lightbox[29796]\"><img decoding=\"async\" src=\"https:\/\/franziskanergymnasium-kreuzburg.de\/cms\/wp-content\/uploads\/2021\/05\/Neues-aus-der-Schulbibliothek-gelb-215x300.jpg\" alt=\"\" width=\"105\" class=\"alignleft size-medium wp-image-29887\" srcset=\"https:\/\/franziskanergymnasium-kreuzburg.de\/cms\/wp-content\/uploads\/2021\/05\/Neues-aus-der-Schulbibliothek-gelb-215x300.jpg 215w, https:\/\/franziskanergymnasium-kreuzburg.de\/cms\/wp-content\/uploads\/2021\/05\/Neues-aus-der-Schulbibliothek-gelb.jpg 517w\" sizes=\"(max-width: 215px) 100vw, 215px\" \/><\/a><p><a href=\"https:\/\/franziskanergymnasium-kreuzburg.de\/cms\/bibliothek-aktuell\/\">Hier <\/a>geht\u2019s zur aktuellen Seite der Schulbibliothek<br>\r\nAuf dieser Seite sind Lesetipps und H\u00f6rproben, Aktionen und die aktuelle Ausstellung in der Schulbibliothek zu finden.<br>\r\nAu\u00dferdem kann man sich einen \u00dcberblick verschaffen, welche neuen B\u00fccher es in der Bibliothek gibt und kann sie \u00fcber den web.OPAC auch gleich reservieren. Sch\u00fclerinnen und Sch\u00fcler sind herzlich eingeladen, diese Seite ihrerseits zu f\u00fcllen, indem sie Lesetipps schreiben, Bildergeschichten oder H\u00f6rproben beisteuern.<\/p>\r\n\r\n","protected":false},"excerpt":{"rendered":"Schulbibliothek Die Schulbibliothek ist eine Einrichtung des Franziskanergymnasiums Kreuzburg. Alle Sch\u00fclerinnen und Sch\u00fcler, Lehrkr\u00e4fte und Mitarbeitende des Gymnasiums sind berechtigt, die Schulbibliothek im Rahmen der Benutzungsordnung zu besuchen. F\u00fcr sie alle ist die Benutzung und Ausleihe kostenlos. Schulfremde Personen k\u00f6nnen nach vorheriger Anmeldung beim Schulleiter \u2013 gem\u00e4\u00df Hausordnung \u2013 in beschr\u00e4nktem Ma\u00df die Bibliothek nutzen. Bestand Die Schulbibliothek umfasst Literatur zu allen Unterrichtsf\u00e4chern sowie Kinder- und Jugendb\u00fccher. Auch Tageszeitungen und Zeitschriften stehen zur Verf\u00fcgung. Bibliothekseinf\u00fchrung f\u00fcr Sch\u00fclerinnen und Sch\u00fcler Zu Beginn eines Schuljahres werden die Sch\u00fclerinnen und Sch\u00fcler der 5. Klassen in die Benutzung der Schulbibliothek eingef\u00fchrt. In der Einf\u00fchrungsphase der Oberstufe erhalten alle Sch\u00fclerinnen und Sch\u00fcler eine Einf\u00fchrung in die Grundz\u00fcge des wissenschaftlichen Arbeitens. Der Schwerpunkt liegt hier bei den Literaturangaben und der Zitierweise f\u00fcr die Erstellung von Referaten. Hinweise zu diesen Themen k\u00f6nnen hier heruntergeladen werden. Bibliothek &#8211; online Auch von zu Hause aus kann man in der Bibliothek recherchieren und nach Literatur f\u00fcr Referate, \u00dcbungsheften f\u00fcr Klassenarbeiten oder Kinder- und Jugendb\u00fcchern suchen. Es besteht die M\u00f6glichkeit, B\u00fccher zu reservieren und beim n\u00e4chsten Besuch abzuholen. Wie geht das? Im Men\u00fcband auf der rechten Seite befindet sich der Link zu web.Opac. Mit \u201eKlick\u201c darauf kommt man zum Programm LITTERAweb.opac, dem Bestandsverzeichnis unserer Schulbibliothek. Zur Anmeldung gibt man die Nummer auf dem Sch\u00fclerausweis ein: Einfach die vorangestellten Nullen sowie die letzte Zahl weglassen und schon hat man die f\u00fcnfstellige Leserinnen- bzw. Lesernummer. Das Kennwort ist zun\u00e4chst einmal das Geburtsdatum, das ohne Punkte zwischen den Zahlen eingegeben wird. Das Kennwort kann jederzeit ge\u00e4ndert werden. Viel Spa\u00df beim Recherchieren! Lernmittelbibliothek Die Lernmittel-Bibliothek der Schule umfasst alle Schulb\u00fccher, die im Unterricht verwendet werden. Sie befindet sich im Untergeschoss des Fachraumtraktes gegen\u00fcber der Kunst- und Werkr\u00e4ume. Jede Sch\u00fclerin und jeder Sch\u00fcler leiht am Anfang eines Schuljahres individuell auf seinen Namen die B\u00fccher aus, die f\u00fcr den Unterricht gebraucht werden. Die Ausleihe erfolgt \u00fcber das Computerprogramm \u201eLITTERA\u201c. W\u00e4hrend des laufenden Schuljahres haben alle Sch\u00fclerinnen, Sch\u00fcler und Lehrkr\u00e4fte an zwei Tagen in der Woche die Gelegenheit, zus\u00e4tzlich ben\u00f6tigte Materialien, wie z.B. Lekt\u00fcren, zu entleihen. Am Ende des Schuljahres geben die Sch\u00fclerinnen und Sch\u00fcler klassenweise ihre Schulb\u00fccher zur\u00fcck. Die Lernmittelbibliothek wird hauptamtlich betreut von Frau Anna Christina Becker. Wenn Sie ein Schulbuch ben\u00f6tigen oder abgeben m\u00f6chten, nehmen Sie gerne Kontakt auf: Mail becker@kreuzburg.de oder Telefon 06186\/ 916 -760 Hier geht\u2019s zur aktuellen Seite der Schulbibliothek Auf dieser Seite sind Lesetipps und H\u00f6rproben, Aktionen und die aktuelle Ausstellung in der Schulbibliothek zu finden. Au\u00dferdem kann man sich einen \u00dcberblick verschaffen, welche neuen B\u00fccher es in der Bibliothek gibt und kann sie \u00fcber den web.OPAC auch gleich reservieren. Sch\u00fclerinnen und Sch\u00fcler sind herzlich eingeladen, diese Seite ihrerseits zu f\u00fcllen, indem sie Lesetipps schreiben, Bildergeschichten oder H\u00f6rproben beisteuern.","protected":false},"author":3,"featured_media":0,"parent":0,"menu_order":0,"comment_status":"closed","ping_status":"closed","template":"","meta":{"ngg_post_thumbnail":0,"footnotes":""},"class_list":["post-29796","page","type-page","status-publish","hentry"],"publishpress_future_action":{"enabled":false,"date":"2026-04-30 14:34:08","action":"change-status","newStatus":"draft","terms":[],"taxonomy":"","extraData":[]},"publishpress_future_workflow_manual_trigger":{"enabledWorkflows":[]},"_links":{"self":[{"href":"https:\/\/franziskanergymnasium-kreuzburg.de\/cms\/wp-json\/wp\/v2\/pages\/29796","targetHints":{"allow":["GET"]}}],"collection":[{"href":"https:\/\/franziskanergymnasium-kreuzburg.de\/cms\/wp-json\/wp\/v2\/pages"}],"about":[{"href":"https:\/\/franziskanergymnasium-kreuzburg.de\/cms\/wp-json\/wp\/v2\/types\/page"}],"author":[{"embeddable":true,"href":"https:\/\/franziskanergymnasium-kreuzburg.de\/cms\/wp-json\/wp\/v2\/users\/3"}],"replies":[{"embeddable":true,"href":"https:\/\/franziskanergymnasium-kreuzburg.de\/cms\/wp-json\/wp\/v2\/comments?post=29796"}],"version-history":[{"count":16,"href":"https:\/\/franziskanergymnasium-kreuzburg.de\/cms\/wp-json\/wp\/v2\/pages\/29796\/revisions"}],"predecessor-version":[{"id":29803,"href":"https:\/\/franziskanergymnasium-kreuzburg.de\/cms\/wp-json\/wp\/v2\/pages\/29796\/revisions\/29803"}],"wp:attachment":[{"href":"https:\/\/franziskanergymnasium-kreuzburg.de\/cms\/wp-json\/wp\/v2\/media?parent=29796"}],"curies":[{"name":"wp","href":"https:\/\/api.w.org\/{rel}","templated":true}]}}