{"id":299,"date":"2013-07-25T15:32:31","date_gmt":"2013-07-25T13:32:31","guid":{"rendered":"https:\/\/franziskanergymnasium-kreuzburg.de\/cms\/?page_id=299"},"modified":"2025-02-24T18:06:03","modified_gmt":"2025-02-24T17:06:03","slug":"beratungsteam","status":"publish","type":"page","link":"https:\/\/franziskanergymnasium-kreuzburg.de\/cms\/beratungsteam\/","title":{"rendered":"Beratungsteam"},"content":{"rendered":"<P>Am Franziskanergymnasium Kreuzburg finden Sch\u00fclerinnen und Sch\u00fcler (sowie deren Eltern) in Krisensituationen zahlreiche Ansprechpartner. F\u00fcr schwierige Problemsituationen stehen die Schulseelsorgerin, die Vertrauenslehrerin, die Suchtberatungslehrerin, eine Familienbildungsreferentin und eine Psychologin bereit.<\/p><p>\r\nDiese Gruppe ber\u00e4t mit der Schulleitung, wie in konkreten Situationen geholfen werden kann. Dabei geschieht auch eine notwendige Abstimmung \u00fcber einen gemeinsamen Weg aller beratenden Personen und die Schritte auf diesem Weg.<\/p><p>\r\nSelbstverst\u00e4ndlich achten alle Mitglieder des Beratungsteams auf den notwendigen Vertrauensschutz. Das Team tagt in regelm\u00e4\u00dfigen Abst\u00e4nden von etwa sechs Wochen.<\/p>\r\n\r\n<p>Eine <a attid=\"21798\" href=\"https:\/\/franziskanergymnasium-kreuzburg.de\/cms\/wp-content\/uploads\/2019\/04\/Hilfenstellen-schwarzes-Brett3.pdf\" target=\"_Blank\" rel=\"noopener noreferrer\">\u00dcbersicht externer Hilfestellen<\/a> sowie ein <a attid=\"38605\" href=\"https:\/\/franziskanergymnasium-kreuzburg.de\/cms\/wp-content\/uploads\/2024\/03\/Handlungsablauf_Beobachter_mitFotos-03_2024_neu.pdf\" target=\"_Blank\" rel=\"noopener noreferrer\">Handlungsablauf bei Vermutung von sexualisierter Bel\u00e4stigung und sexueller Gewalt<\/a> sind hier hinterlegt.<\/p>\r\n\r\n\r\n\r\n\r\n","protected":false},"excerpt":{"rendered":"Am Franziskanergymnasium Kreuzburg finden Sch\u00fclerinnen und Sch\u00fcler (sowie deren Eltern) in Krisensituationen zahlreiche Ansprechpartner. F\u00fcr schwierige Problemsituationen stehen die Schulseelsorgerin, die Vertrauenslehrerin, die Suchtberatungslehrerin, eine Familienbildungsreferentin und eine Psychologin bereit. Diese Gruppe ber\u00e4t mit der Schulleitung, wie in konkreten Situationen geholfen werden kann. Dabei geschieht auch eine notwendige Abstimmung \u00fcber einen gemeinsamen Weg aller beratenden Personen und die Schritte auf diesem Weg. Selbstverst\u00e4ndlich achten alle Mitglieder des Beratungsteams auf den notwendigen Vertrauensschutz. Das Team tagt in regelm\u00e4\u00dfigen Abst\u00e4nden von etwa sechs Wochen. Eine \u00dcbersicht externer Hilfestellen sowie ein Handlungsablauf bei Vermutung von sexualisierter Bel\u00e4stigung und sexueller Gewalt sind hier hinterlegt.","protected":false},"author":1,"featured_media":0,"parent":0,"menu_order":0,"comment_status":"closed","ping_status":"closed","template":"","meta":{"ngg_post_thumbnail":0,"footnotes":""},"class_list":["post-299","page","type-page","status-publish","hentry"],"publishpress_future_action":{"enabled":false,"date":"2026-04-11 10:59:40","action":"change-status","newStatus":"draft","terms":[],"taxonomy":"","extraData":[]},"publishpress_future_workflow_manual_trigger":{"enabledWorkflows":[]},"_links":{"self":[{"href":"https:\/\/franziskanergymnasium-kreuzburg.de\/cms\/wp-json\/wp\/v2\/pages\/299","targetHints":{"allow":["GET"]}}],"collection":[{"href":"https:\/\/franziskanergymnasium-kreuzburg.de\/cms\/wp-json\/wp\/v2\/pages"}],"about":[{"href":"https:\/\/franziskanergymnasium-kreuzburg.de\/cms\/wp-json\/wp\/v2\/types\/page"}],"author":[{"embeddable":true,"href":"https:\/\/franziskanergymnasium-kreuzburg.de\/cms\/wp-json\/wp\/v2\/users\/1"}],"replies":[{"embeddable":true,"href":"https:\/\/franziskanergymnasium-kreuzburg.de\/cms\/wp-json\/wp\/v2\/comments?post=299"}],"version-history":[{"count":29,"href":"https:\/\/franziskanergymnasium-kreuzburg.de\/cms\/wp-json\/wp\/v2\/pages\/299\/revisions"}],"predecessor-version":[{"id":42279,"href":"https:\/\/franziskanergymnasium-kreuzburg.de\/cms\/wp-json\/wp\/v2\/pages\/299\/revisions\/42279"}],"wp:attachment":[{"href":"https:\/\/franziskanergymnasium-kreuzburg.de\/cms\/wp-json\/wp\/v2\/media?parent=299"}],"curies":[{"name":"wp","href":"https:\/\/api.w.org\/{rel}","templated":true}]}}