{"id":30797,"date":"2021-10-05T13:24:49","date_gmt":"2021-10-05T11:24:49","guid":{"rendered":"https:\/\/franziskanergymnasium-kreuzburg.de\/cms\/?page_id=30797"},"modified":"2024-06-11T15:07:03","modified_gmt":"2024-06-11T13:07:03","slug":"die-steuergruppe-des-umweltmanagements","status":"publish","type":"page","link":"https:\/\/franziskanergymnasium-kreuzburg.de\/cms\/umweltmanagement\/die-steuergruppe-des-umweltmanagements\/","title":{"rendered":"Die Steuergruppe des Umweltmanagements"},"content":{"rendered":"<a attid=\"27167\"  href=\"https:\/\/franziskanergymnasium-kreuzburg.de\/cms\/wp-content\/uploads\/2020\/08\/Gockel.jpg\" rel=\"lightbox[30797]\"><img decoding=\"async\" src=\"https:\/\/franziskanergymnasium-kreuzburg.de\/cms\/wp-content\/uploads\/2020\/08\/Gockel-191x300.jpg\" alt=\"\" width=\"100\"  class=\"alignleft size-medium wp-image-27167\" srcset=\"https:\/\/franziskanergymnasium-kreuzburg.de\/cms\/wp-content\/uploads\/2020\/08\/Gockel-191x300.jpg 191w, https:\/\/franziskanergymnasium-kreuzburg.de\/cms\/wp-content\/uploads\/2020\/08\/Gockel-652x1024.jpg 652w, https:\/\/franziskanergymnasium-kreuzburg.de\/cms\/wp-content\/uploads\/2020\/08\/Gockel.jpg 713w\" sizes=\"(max-width: 191px) 100vw, 191px\" \/><\/a>\r\n\r\n<p>Auch wenn das Umweltmanagement die Kraftanstrengung der gesamten Schulgemeinde braucht, um auf dem Weg kontinuierlicher Verbesserung im Sinne der Nachhaltigkeit voranzukommen, braucht es eine Gruppe, die den \u00dcberblick beh\u00e4lt, Aufgaben verteilt und ganz im Sinne des Gr\u00fcnen Gockels das Thema in der Schule wachh\u00e4lt. Unsere Steuergruppe setzt sich wie der Drei-Ringe-Kreis gleichberechtigt zusammen aus Vertreterinnen und Vertretern der Sch\u00fclerschaft, des Lehrerkollegiums, der Eltern und der Leitung. Projektbezogen werden Expertinnen und Experten, wie unser Hausmeister, in die Arbeit der Steuergruppe hinzugezogen. F\u00fcr die Prozessbegleitung konnte Herr Siegfried Fuchs gewonnen werden, der zu den Pionieren Kirchlichen Umweltmanagements in Deutschland z\u00e4hlt und dem in seiner umfangreichen Sammlung an Beratert\u00e4tigkeiten in Kirchengemeinden, Bildungsh\u00e4usern und Bist\u00fcmern noch eine Schule fehlt.<\/p><p>\r\n\r\n<a attid=\"30928\"  href=\"https:\/\/franziskanergymnasium-kreuzburg.de\/cms\/wp-content\/uploads\/2021\/10\/Steuergruppe.jpg\" rel=\"lightbox[30797]\"><img loading=\"lazy\" decoding=\"async\" src=\"https:\/\/franziskanergymnasium-kreuzburg.de\/cms\/wp-content\/uploads\/2021\/10\/Steuergruppe-300x200.jpg\" alt=\"\" width=\"300\" height=\"200\" class=\"alignright size-medium wp-image-30928\" srcset=\"https:\/\/franziskanergymnasium-kreuzburg.de\/cms\/wp-content\/uploads\/2021\/10\/Steuergruppe-300x200.jpg 300w, https:\/\/franziskanergymnasium-kreuzburg.de\/cms\/wp-content\/uploads\/2021\/10\/Steuergruppe-768x512.jpg 768w, https:\/\/franziskanergymnasium-kreuzburg.de\/cms\/wp-content\/uploads\/2021\/10\/Steuergruppe.jpg 960w\" sizes=\"auto, (max-width: 300px) 100vw, 300px\" \/><\/a><ol>\r\n\t<p><br><br><br>\r\n<strong>In der Steuergruppe des Umweltmanagements sind neben Vertreterinnen und Vertretern von Schulleitung, Gesch\u00e4ftsf\u00fchrung, Hausmeisterei und Cafeteria auch Sch\u00fclerschaft, Elternschaft und Lehrerschaft vertreten.<\/strong>\r\n\r\n\r\n","protected":false},"excerpt":{"rendered":"Auch wenn das Umweltmanagement die Kraftanstrengung der gesamten Schulgemeinde braucht, um auf dem Weg kontinuierlicher Verbesserung im Sinne der Nachhaltigkeit voranzukommen, braucht es eine Gruppe, die den \u00dcberblick beh\u00e4lt, Aufgaben verteilt und ganz im Sinne des Gr\u00fcnen Gockels das Thema in der Schule wachh\u00e4lt. Unsere Steuergruppe setzt sich wie der Drei-Ringe-Kreis gleichberechtigt zusammen aus Vertreterinnen und Vertretern der Sch\u00fclerschaft, des Lehrerkollegiums, der Eltern und der Leitung. Projektbezogen werden Expertinnen und Experten, wie unser Hausmeister, in die Arbeit der Steuergruppe hinzugezogen. F\u00fcr die Prozessbegleitung konnte Herr Siegfried Fuchs gewonnen werden, der zu den Pionieren Kirchlichen Umweltmanagements in Deutschland z\u00e4hlt und dem in seiner umfangreichen Sammlung an Beratert\u00e4tigkeiten in Kirchengemeinden, Bildungsh\u00e4usern und Bist\u00fcmern noch eine Schule fehlt. In der Steuergruppe des Umweltmanagements sind neben Vertreterinnen und Vertretern von Schulleitung, Gesch\u00e4ftsf\u00fchrung, Hausmeisterei und Cafeteria auch Sch\u00fclerschaft, Elternschaft und Lehrerschaft vertreten.","protected":false},"author":3,"featured_media":0,"parent":30786,"menu_order":0,"comment_status":"closed","ping_status":"closed","template":"","meta":{"ngg_post_thumbnail":0,"footnotes":""},"class_list":["post-30797","page","type-page","status-publish","hentry"],"publishpress_future_action":{"enabled":false,"date":"2026-04-22 09:24:45","action":"change-status","newStatus":"draft","terms":[],"taxonomy":"","extraData":[]},"publishpress_future_workflow_manual_trigger":{"enabledWorkflows":[]},"_links":{"self":[{"href":"https:\/\/franziskanergymnasium-kreuzburg.de\/cms\/wp-json\/wp\/v2\/pages\/30797","targetHints":{"allow":["GET"]}}],"collection":[{"href":"https:\/\/franziskanergymnasium-kreuzburg.de\/cms\/wp-json\/wp\/v2\/pages"}],"about":[{"href":"https:\/\/franziskanergymnasium-kreuzburg.de\/cms\/wp-json\/wp\/v2\/types\/page"}],"author":[{"embeddable":true,"href":"https:\/\/franziskanergymnasium-kreuzburg.de\/cms\/wp-json\/wp\/v2\/users\/3"}],"replies":[{"embeddable":true,"href":"https:\/\/franziskanergymnasium-kreuzburg.de\/cms\/wp-json\/wp\/v2\/comments?post=30797"}],"version-history":[{"count":7,"href":"https:\/\/franziskanergymnasium-kreuzburg.de\/cms\/wp-json\/wp\/v2\/pages\/30797\/revisions"}],"predecessor-version":[{"id":38938,"href":"https:\/\/franziskanergymnasium-kreuzburg.de\/cms\/wp-json\/wp\/v2\/pages\/30797\/revisions\/38938"}],"up":[{"embeddable":true,"href":"https:\/\/franziskanergymnasium-kreuzburg.de\/cms\/wp-json\/wp\/v2\/pages\/30786"}],"wp:attachment":[{"href":"https:\/\/franziskanergymnasium-kreuzburg.de\/cms\/wp-json\/wp\/v2\/media?parent=30797"}],"curies":[{"name":"wp","href":"https:\/\/api.w.org\/{rel}","templated":true}]}}