{"id":30934,"date":"2021-10-05T13:55:31","date_gmt":"2021-10-05T11:55:31","guid":{"rendered":"https:\/\/franziskanergymnasium-kreuzburg.de\/cms\/?page_id=30934"},"modified":"2021-10-12T10:21:34","modified_gmt":"2021-10-12T08:21:34","slug":"umweltprogramm","status":"publish","type":"page","link":"https:\/\/franziskanergymnasium-kreuzburg.de\/cms\/umweltmanagement\/umweltprogramm\/","title":{"rendered":"Umweltprogramm"},"content":{"rendered":"<a attid=\"27167\"  href=\"https:\/\/franziskanergymnasium-kreuzburg.de\/cms\/wp-content\/uploads\/2020\/08\/Gockel.jpg\" rel=\"lightbox[30934]\"><img decoding=\"async\" src=\"https:\/\/franziskanergymnasium-kreuzburg.de\/cms\/wp-content\/uploads\/2020\/08\/Gockel-191x300.jpg\" alt=\"\" width=\"100\"  class=\"alignleft size-medium wp-image-27167\" srcset=\"https:\/\/franziskanergymnasium-kreuzburg.de\/cms\/wp-content\/uploads\/2020\/08\/Gockel-191x300.jpg 191w, https:\/\/franziskanergymnasium-kreuzburg.de\/cms\/wp-content\/uploads\/2020\/08\/Gockel-652x1024.jpg 652w, https:\/\/franziskanergymnasium-kreuzburg.de\/cms\/wp-content\/uploads\/2020\/08\/Gockel.jpg 713w\" sizes=\"(max-width: 191px) 100vw, 191px\" \/><\/a>\r\n<p>In zahlreichen Sitzungen, die coronabedingt \u00fcberwiegend per Videokonferenz stattfanden, konnte im Sommer 2021 mit der Aufstellung eines Umweltprogramms ein weiterer Meilenstein erreicht werden. Nach Auswertung der Bestandsaufnahme und intensiver Beleuchtung von St\u00e4rken und Schw\u00e4chen wurden nun ganz konkrete Ziele und Ma\u00dfnahmen festgelegt, wie wir in ersten T\u00e4tigkeitsfeldern unsere Nachhaltigkeitsbilanz deutlich verbessern k\u00f6nnen. F\u00fcr alle Ma\u00dfnahmen sind konkrete Zust\u00e4ndigkeiten und Zeitmarken festgelegt, um den Verbesserungsprozess in der Steuergruppe stetig reflektieren und anpassen zu k\u00f6nnen. Das Umweltprogramm muss nun noch vom Drei-Ringe-Kreis abschlie\u00dfend beraten und eingesetzt werden.<\/p><a attid=\"30940\"  href=\"https:\/\/franziskanergymnasium-kreuzburg.de\/cms\/wp-content\/uploads\/2021\/10\/Umweltprogramm.jpg\" rel=\"lightbox[30934]\"><img loading=\"lazy\" decoding=\"async\" src=\"https:\/\/franziskanergymnasium-kreuzburg.de\/cms\/wp-content\/uploads\/2021\/10\/Umweltprogramm-300x225.jpg\" alt=\"\" width=\"300\" height=\"225\" class=\"alignright size-medium wp-image-30940\" srcset=\"https:\/\/franziskanergymnasium-kreuzburg.de\/cms\/wp-content\/uploads\/2021\/10\/Umweltprogramm-300x225.jpg 300w, https:\/\/franziskanergymnasium-kreuzburg.de\/cms\/wp-content\/uploads\/2021\/10\/Umweltprogramm-768x576.jpg 768w, https:\/\/franziskanergymnasium-kreuzburg.de\/cms\/wp-content\/uploads\/2021\/10\/Umweltprogramm.jpg 960w\" sizes=\"auto, (max-width: 300px) 100vw, 300px\" \/><\/a>\r\n","protected":false},"excerpt":{"rendered":"In zahlreichen Sitzungen, die coronabedingt \u00fcberwiegend per Videokonferenz stattfanden, konnte im Sommer 2021 mit der Aufstellung eines Umweltprogramms ein weiterer Meilenstein erreicht werden. Nach Auswertung der Bestandsaufnahme und intensiver Beleuchtung von St\u00e4rken und Schw\u00e4chen wurden nun ganz konkrete Ziele und Ma\u00dfnahmen festgelegt, wie wir in ersten T\u00e4tigkeitsfeldern unsere Nachhaltigkeitsbilanz deutlich verbessern k\u00f6nnen. F\u00fcr alle Ma\u00dfnahmen sind konkrete Zust\u00e4ndigkeiten und Zeitmarken festgelegt, um den Verbesserungsprozess in der Steuergruppe stetig reflektieren und anpassen zu k\u00f6nnen. Das Umweltprogramm muss nun noch vom Drei-Ringe-Kreis abschlie\u00dfend beraten und eingesetzt werden.","protected":false},"author":3,"featured_media":0,"parent":30786,"menu_order":0,"comment_status":"closed","ping_status":"closed","template":"","meta":{"ngg_post_thumbnail":0,"footnotes":""},"class_list":["post-30934","page","type-page","status-publish","hentry"],"publishpress_future_action":{"enabled":false,"date":"2026-04-22 07:59:41","action":"change-status","newStatus":"draft","terms":[],"taxonomy":"","extraData":[]},"publishpress_future_workflow_manual_trigger":{"enabledWorkflows":[]},"_links":{"self":[{"href":"https:\/\/franziskanergymnasium-kreuzburg.de\/cms\/wp-json\/wp\/v2\/pages\/30934","targetHints":{"allow":["GET"]}}],"collection":[{"href":"https:\/\/franziskanergymnasium-kreuzburg.de\/cms\/wp-json\/wp\/v2\/pages"}],"about":[{"href":"https:\/\/franziskanergymnasium-kreuzburg.de\/cms\/wp-json\/wp\/v2\/types\/page"}],"author":[{"embeddable":true,"href":"https:\/\/franziskanergymnasium-kreuzburg.de\/cms\/wp-json\/wp\/v2\/users\/3"}],"replies":[{"embeddable":true,"href":"https:\/\/franziskanergymnasium-kreuzburg.de\/cms\/wp-json\/wp\/v2\/comments?post=30934"}],"version-history":[{"count":5,"href":"https:\/\/franziskanergymnasium-kreuzburg.de\/cms\/wp-json\/wp\/v2\/pages\/30934\/revisions"}],"predecessor-version":[{"id":30999,"href":"https:\/\/franziskanergymnasium-kreuzburg.de\/cms\/wp-json\/wp\/v2\/pages\/30934\/revisions\/30999"}],"up":[{"embeddable":true,"href":"https:\/\/franziskanergymnasium-kreuzburg.de\/cms\/wp-json\/wp\/v2\/pages\/30786"}],"wp:attachment":[{"href":"https:\/\/franziskanergymnasium-kreuzburg.de\/cms\/wp-json\/wp\/v2\/media?parent=30934"}],"curies":[{"name":"wp","href":"https:\/\/api.w.org\/{rel}","templated":true}]}}