{"id":30953,"date":"2021-10-08T10:40:27","date_gmt":"2021-10-08T08:40:27","guid":{"rendered":"https:\/\/franziskanergymnasium-kreuzburg.de\/cms\/?page_id=30953"},"modified":"2021-10-08T11:06:01","modified_gmt":"2021-10-08T09:06:01","slug":"umweltleitlinien","status":"publish","type":"page","link":"https:\/\/franziskanergymnasium-kreuzburg.de\/cms\/umweltmanagement\/umweltleitlinien\/","title":{"rendered":"Umweltleitlinien"},"content":{"rendered":"<img decoding=\"async\" src=\"https:\/\/franziskanergymnasium-kreuzburg.de\/cms\/wp-content\/uploads\/2020\/08\/Gockel-191x300.jpg\" alt=\"\" width=\"100\"  class=\"alignleft size-medium wp-image-27167\" srcset=\"https:\/\/franziskanergymnasium-kreuzburg.de\/cms\/wp-content\/uploads\/2020\/08\/Gockel-191x300.jpg 191w, https:\/\/franziskanergymnasium-kreuzburg.de\/cms\/wp-content\/uploads\/2020\/08\/Gockel-652x1024.jpg 652w, https:\/\/franziskanergymnasium-kreuzburg.de\/cms\/wp-content\/uploads\/2020\/08\/Gockel.jpg 713w\" sizes=\"(max-width: 191px) 100vw, 191px\" \/>\r\n<h3>Ein erster Meilenstein \u2013 Kreuzburg setzt Umweltleitlinien ein<\/h3>\r\n<p>Zum 1.Januar 2020 wurden durch den Drei-Ringe-Kreis die Umweltleitlinien eingesetzt, die die Steuergruppe des Umweltmanagements nach intensiven Gespr\u00e4chen aufgestellt hat. Sie dienen nun als Kompass der Kreuzburg, um sich noch deutlicher f\u00fcr eine nachhaltige Entwicklung unserer Erde zu engagieren. Sie konkretisieren die Anspr\u00fcche unseres schulischen Leitbildes f\u00fcr einen \u201eachtsamen und respektvollen Umgang mit der Sch\u00f6pfung\u201c und f\u00fcr die \u201eErm\u00f6glichung gerechter Lebensbedingungen f\u00fcr alle\u201c einzutreten. Alle Mitglieder der Schulgemeinde werden darin dazu aufgefordert, ihr gegenw\u00e4rtiges Denken und Handeln zu hinterfragen und mit den Ver\u00e4nderungsschritten anzufangen, die sie von anderen erwarten. <\/p>\r\n<a attid=\"30955\"  href=\"https:\/\/franziskanergymnasium-kreuzburg.de\/cms\/wp-content\/uploads\/2021\/10\/Umweltleitlinien.jpg\" rel=\"lightbox[30953]\"><img loading=\"lazy\" decoding=\"async\" src=\"https:\/\/franziskanergymnasium-kreuzburg.de\/cms\/wp-content\/uploads\/2021\/10\/Umweltleitlinien-300x182.jpg\" alt=\"\" width=\"300\" height=\"182\" class=\"alignright size-medium wp-image-30955\" srcset=\"https:\/\/franziskanergymnasium-kreuzburg.de\/cms\/wp-content\/uploads\/2021\/10\/Umweltleitlinien-300x182.jpg 300w, https:\/\/franziskanergymnasium-kreuzburg.de\/cms\/wp-content\/uploads\/2021\/10\/Umweltleitlinien-768x466.jpg 768w, https:\/\/franziskanergymnasium-kreuzburg.de\/cms\/wp-content\/uploads\/2021\/10\/Umweltleitlinien.jpg 960w\" sizes=\"auto, (max-width: 300px) 100vw, 300px\" \/><\/a>\r\n<a attid=\"30954\" href=\"https:\/\/franziskanergymnasium-kreuzburg.de\/cms\/wp-content\/uploads\/2021\/10\/Umweltleitlinien-Stand-2021.pdf\" target=\"_blank\" rel=\"noopener\">Hier geht es zu den Umweltleitlinien.<\/a>\r\n\r\n","protected":false},"excerpt":{"rendered":"Ein erster Meilenstein \u2013 Kreuzburg setzt Umweltleitlinien ein Zum 1.Januar 2020 wurden durch den Drei-Ringe-Kreis die Umweltleitlinien eingesetzt, die die Steuergruppe des Umweltmanagements nach intensiven Gespr\u00e4chen aufgestellt hat. Sie dienen nun als Kompass der Kreuzburg, um sich noch deutlicher f\u00fcr eine nachhaltige Entwicklung unserer Erde zu engagieren. Sie konkretisieren die Anspr\u00fcche unseres schulischen Leitbildes f\u00fcr einen \u201eachtsamen und respektvollen Umgang mit der Sch\u00f6pfung\u201c und f\u00fcr die \u201eErm\u00f6glichung gerechter Lebensbedingungen f\u00fcr alle\u201c einzutreten. Alle Mitglieder der Schulgemeinde werden darin dazu aufgefordert, ihr gegenw\u00e4rtiges Denken und Handeln zu hinterfragen und mit den Ver\u00e4nderungsschritten anzufangen, die sie von anderen erwarten. Hier geht es zu den Umweltleitlinien.","protected":false},"author":3,"featured_media":0,"parent":30786,"menu_order":0,"comment_status":"closed","ping_status":"closed","template":"","meta":{"ngg_post_thumbnail":0,"footnotes":""},"class_list":["post-30953","page","type-page","status-publish","hentry"],"publishpress_future_action":{"enabled":false,"date":"2026-04-22 07:59:40","action":"change-status","newStatus":"draft","terms":[],"taxonomy":"","extraData":[]},"publishpress_future_workflow_manual_trigger":{"enabledWorkflows":[]},"_links":{"self":[{"href":"https:\/\/franziskanergymnasium-kreuzburg.de\/cms\/wp-json\/wp\/v2\/pages\/30953","targetHints":{"allow":["GET"]}}],"collection":[{"href":"https:\/\/franziskanergymnasium-kreuzburg.de\/cms\/wp-json\/wp\/v2\/pages"}],"about":[{"href":"https:\/\/franziskanergymnasium-kreuzburg.de\/cms\/wp-json\/wp\/v2\/types\/page"}],"author":[{"embeddable":true,"href":"https:\/\/franziskanergymnasium-kreuzburg.de\/cms\/wp-json\/wp\/v2\/users\/3"}],"replies":[{"embeddable":true,"href":"https:\/\/franziskanergymnasium-kreuzburg.de\/cms\/wp-json\/wp\/v2\/comments?post=30953"}],"version-history":[{"count":6,"href":"https:\/\/franziskanergymnasium-kreuzburg.de\/cms\/wp-json\/wp\/v2\/pages\/30953\/revisions"}],"predecessor-version":[{"id":30967,"href":"https:\/\/franziskanergymnasium-kreuzburg.de\/cms\/wp-json\/wp\/v2\/pages\/30953\/revisions\/30967"}],"up":[{"embeddable":true,"href":"https:\/\/franziskanergymnasium-kreuzburg.de\/cms\/wp-json\/wp\/v2\/pages\/30786"}],"wp:attachment":[{"href":"https:\/\/franziskanergymnasium-kreuzburg.de\/cms\/wp-json\/wp\/v2\/media?parent=30953"}],"curies":[{"name":"wp","href":"https:\/\/api.w.org\/{rel}","templated":true}]}}