{"id":31138,"date":"2021-11-03T10:36:01","date_gmt":"2021-11-03T09:36:01","guid":{"rendered":"https:\/\/franziskanergymnasium-kreuzburg.de\/cms\/?page_id=31138"},"modified":"2025-01-18T09:59:20","modified_gmt":"2025-01-18T08:59:20","slug":"technische-ausstattung","status":"publish","type":"page","link":"https:\/\/franziskanergymnasium-kreuzburg.de\/cms\/technische-ausstattung\/","title":{"rendered":"Technische Ausstattung"},"content":{"rendered":"<p>Einen ersten Eindruck zur Anwendung von Tablets durch Sch\u00fclerinnen und Sch\u00fcler  an der Kreuzburg vermittelt nachfolgender Film:<\/p><div style=\"width: 600px;\" class=\"wp-video\"><video class=\"wp-video-shortcode\" id=\"video-31138-1\" width=\"600\" height=\"360\" preload=\"metadata\" controls=\"controls\"><source type=\"video\/mp4\" src=\"https:\/\/franziskanergymnasium-kreuzburg.de\/cms\/wp-content\/uploads\/2022\/09\/Tabletanwendung.mp4?_=1\" \/><a href=\"https:\/\/franziskanergymnasium-kreuzburg.de\/cms\/wp-content\/uploads\/2022\/09\/Tabletanwendung.mp4\">https:\/\/franziskanergymnasium-kreuzburg.de\/cms\/wp-content\/uploads\/2022\/09\/Tabletanwendung.mp4<\/a><\/video><\/div>\r\n\r\n<p><br> <a attid=\"34051\"  href=\"https:\/\/franziskanergymnasium-kreuzburg.de\/cms\/wp-content\/uploads\/2022\/09\/Logo_AfB_sgIT_2015_300-scaled.jpg\" rel=\"lightbox[31138]\"><img loading=\"lazy\" decoding=\"async\" src=\"https:\/\/franziskanergymnasium-kreuzburg.de\/cms\/wp-content\/uploads\/2022\/09\/Logo_AfB_sgIT_2015_300-300x163.jpg\" alt=\"\" width=\"300\" height=\"163\" class=\"alignright size-medium wp-image-34051\" \/><\/a><\/a>Regelm\u00e4\u00dfig im Fr\u00fchjahr findet f\u00fcr die Eltern der neuen F\u00fcnftkl\u00e4ssler:innen ein Informationsabend statt zu dem Thema: Ausstattung aller Sch\u00fclerinnen und Sch\u00fcler mit digitalen Endger\u00e4ten. <br>\r\nDie Initiative \u201emobiles lernen\u201c der gGmbH AfB, Europas gr\u00f6\u00dftem gemeinn\u00fctzigen IT-Unternehmen, konnte als Kooperatonspartner f\u00fcr den Kauf bzw. das Leasing der Ger\u00e4te gewonnen werden. Diese stellt sich an dem Abend selbst vor und erl\u00e4utert Details zu dem geplanten Convertible-Notebook sowie zu den Bezugsbedingungen. Eine Zusammenfassung des letzten Elternabends vom 24. M\u00e4rz 2022 kann <a attid=\"31139\" href=\"https:\/\/franziskanergymnasium-kreuzburg.de\/cms\/wp-content\/uploads\/2022\/09\/Elternabend-24.03.2022-Einfuehrung-von-SchuelerendgeraetenO.pdf\" target=\"_blank\" rel=\"noopener\">hier<\/a> nachgelesen werden.<br>\r\nF\u00fcr Geschwister gibt es ein besonderes <a attid=\"31144\" href=\"https:\/\/franziskanergymnasium-kreuzburg.de\/cms\/wp-content\/uploads\/2022\/09\/Elternabend-24.03.2022-Schuelerendgeraetengeschwister.pdf\" target=\"_blank\" rel=\"noopener\">Bonus-Mietmodell<\/a>.<\/p><p>\r\n\r\nEine Vielzahl h\u00e4ufig gestellter Fragen wurde in einer FAQ-Liste zusammengefasst, die <a href=\"https:\/\/franziskanergymnasium-kreuzburg.de\/cms\/wp-content\/uploads\/2021\/04\/FAQ-Liste%20Miet-%20und%20Kaufmodell%20AfB-Mobiles%20Lernen%20V23.10.21.pdf\" target=\"blank\" rel=\"noopener\">hier <\/a>nachgelesen werden kann.<\/p><p>\r\n\r\n<p>Der Einf\u00fchrung der digitalen Endger\u00e4te ging eine intensive Phase der Vorbereitung voraus, in der ein p\u00e4dagogisches Konzept erarbeitet worden ist. In diesem Zusammenhang wurde ein \u00fcberfachliches Kompetenzraster zum Aufbau von Medienkompetenz entwickelt, das inhaltlich in den verschiedenen F\u00e4chern umgesetzt wird. Dieses finden Sie im Bereich <a href=\"https:\/\/franziskanergymnasium-kreuzburg.de\/cms\/mediencurriculum\/\">Mediencurriculum<\/a>.<\/p>","protected":false},"excerpt":{"rendered":"Einen ersten Eindruck zur Anwendung von Tablets durch Sch\u00fclerinnen und Sch\u00fcler an der Kreuzburg vermittelt nachfolgender Film: Regelm\u00e4\u00dfig im Fr\u00fchjahr findet f\u00fcr die Eltern der neuen F\u00fcnftkl\u00e4ssler:innen ein Informationsabend statt zu dem Thema: Ausstattung aller Sch\u00fclerinnen und Sch\u00fcler mit digitalen Endger\u00e4ten. Die Initiative \u201emobiles lernen\u201c der gGmbH AfB, Europas gr\u00f6\u00dftem gemeinn\u00fctzigen IT-Unternehmen, konnte als Kooperatonspartner f\u00fcr den Kauf bzw. das Leasing der Ger\u00e4te gewonnen werden. Diese stellt sich an dem Abend selbst vor und erl\u00e4utert Details zu dem geplanten Convertible-Notebook sowie zu den Bezugsbedingungen. Eine Zusammenfassung des letzten Elternabends vom 24. M\u00e4rz 2022 kann hier nachgelesen werden. F\u00fcr Geschwister gibt es ein besonderes Bonus-Mietmodell. Eine Vielzahl h\u00e4ufig gestellter Fragen wurde in einer FAQ-Liste zusammengefasst, die hier nachgelesen werden kann. Der Einf\u00fchrung der digitalen Endger\u00e4te ging eine intensive Phase der Vorbereitung voraus, in der ein p\u00e4dagogisches Konzept erarbeitet worden ist. In diesem Zusammenhang wurde ein \u00fcberfachliches Kompetenzraster zum Aufbau von Medienkompetenz entwickelt, das inhaltlich in den verschiedenen F\u00e4chern umgesetzt wird. Dieses finden Sie im Bereich Mediencurriculum.","protected":false},"author":3,"featured_media":0,"parent":0,"menu_order":0,"comment_status":"closed","ping_status":"closed","template":"","meta":{"ngg_post_thumbnail":0,"footnotes":""},"class_list":["post-31138","page","type-page","status-publish","hentry"],"publishpress_future_action":{"enabled":false,"date":"2026-04-12 08:52:43","action":"change-status","newStatus":"draft","terms":[],"taxonomy":"","extraData":[]},"publishpress_future_workflow_manual_trigger":{"enabledWorkflows":[]},"_links":{"self":[{"href":"https:\/\/franziskanergymnasium-kreuzburg.de\/cms\/wp-json\/wp\/v2\/pages\/31138","targetHints":{"allow":["GET"]}}],"collection":[{"href":"https:\/\/franziskanergymnasium-kreuzburg.de\/cms\/wp-json\/wp\/v2\/pages"}],"about":[{"href":"https:\/\/franziskanergymnasium-kreuzburg.de\/cms\/wp-json\/wp\/v2\/types\/page"}],"author":[{"embeddable":true,"href":"https:\/\/franziskanergymnasium-kreuzburg.de\/cms\/wp-json\/wp\/v2\/users\/3"}],"replies":[{"embeddable":true,"href":"https:\/\/franziskanergymnasium-kreuzburg.de\/cms\/wp-json\/wp\/v2\/comments?post=31138"}],"version-history":[{"count":19,"href":"https:\/\/franziskanergymnasium-kreuzburg.de\/cms\/wp-json\/wp\/v2\/pages\/31138\/revisions"}],"predecessor-version":[{"id":42058,"href":"https:\/\/franziskanergymnasium-kreuzburg.de\/cms\/wp-json\/wp\/v2\/pages\/31138\/revisions\/42058"}],"wp:attachment":[{"href":"https:\/\/franziskanergymnasium-kreuzburg.de\/cms\/wp-json\/wp\/v2\/media?parent=31138"}],"curies":[{"name":"wp","href":"https:\/\/api.w.org\/{rel}","templated":true}]}}