{"id":313,"date":"2013-07-25T15:49:49","date_gmt":"2013-07-25T13:49:49","guid":{"rendered":"https:\/\/franziskanergymnasium-kreuzburg.de\/cms\/?page_id=313"},"modified":"2025-06-03T10:51:14","modified_gmt":"2025-06-03T08:51:14","slug":"cafeteria","status":"publish","type":"page","link":"https:\/\/franziskanergymnasium-kreuzburg.de\/cms\/cafeteria\/","title":{"rendered":"Cafeteria an der Kreuzburg"},"content":{"rendered":"<strong>Wir bieten an:<\/strong>\r\n<ul>\r\n\t<li>T\u00e4glicher Verkauf von wechselnden warmen und kalten Speisen<\/li>\r\n\t<li>T\u00e4glich wechselndes frischgekochtes Men\u00fc zum konstanten Preis <a href=\"https:\/\/franziskanergymnasium-kreuzburg.de\/cms\/wp-content\/uploads\/2013\/07\/Cafeteria2015b.jpg\" rel=\"lightbox[313]\"><img loading=\"lazy\" decoding=\"async\" class=\"alignright  wp-image-6705\" src=\"https:\/\/franziskanergymnasium-kreuzburg.de\/cms\/wp-content\/uploads\/2013\/07\/Cafeteria2015b-300x217.jpg\" alt=\"Cafeteria2015b\" width=\"250\" height=\"181\" srcset=\"https:\/\/franziskanergymnasium-kreuzburg.de\/cms\/wp-content\/uploads\/2013\/07\/Cafeteria2015b-300x217.jpg 300w, https:\/\/franziskanergymnasium-kreuzburg.de\/cms\/wp-content\/uploads\/2013\/07\/Cafeteria2015b-1024x739.jpg 1024w, https:\/\/franziskanergymnasium-kreuzburg.de\/cms\/wp-content\/uploads\/2013\/07\/Cafeteria2015b.jpg 1200w\" sizes=\"auto, (max-width: 250px) 100vw, 250px\" \/><\/a><\/li>\r\n\t<li>T\u00e4gliche frisch zubereitete Salattheke<\/li>\r\n\t<li>Mehrmals w\u00f6chentliche Nudeltheke oder andere hei\u00dfe Speisen (vorwiegend vegetarisch)<\/li>\r\n\t<li>Vegetarisches Men\u00fc auf Vorbestellung (am Vortag bis 13.00 Uhr)<\/li>\r\n\t<li>Vielfalt an belegten Br\u00f6tchen (davon 2\/3 vegetarisch)<\/li>\r\n\t<li>T\u00e4gliches Obst-Angebot bzw. Obstbecher, Milchprodukte, diverse Getr\u00e4nke, S\u00fc\u00dfwaren und Eis<\/li>\r\n\t<li>Bevorzugte Verwendung regionaler, zertifizierter Produkte (Kartoffeln aus Franken), Fleisch- und Wurstwaren aus der Region (Metzgerei Eidmann), regionale B\u00e4ckereien (Schatz und Weber), Obst- und Gem\u00fcseh\u00e4ndler (Firma Melzig), Firma Denecke und Firma Neitzer (H\u00e4ndler f\u00fcr Molkereiprodukte und Trockenwaren aus dem Umland)<\/li>\r\n\t<li><a href=\"https:\/\/franziskanergymnasium-kreuzburg.de\/cms\/wp-content\/uploads\/2013\/07\/Cafeteria2015d.jpg\" rel=\"lightbox[313]\"><img loading=\"lazy\" decoding=\"async\" class=\"alignright  wp-image-6704\" src=\"https:\/\/franziskanergymnasium-kreuzburg.de\/cms\/wp-content\/uploads\/2013\/07\/Cafeteria2015d-300x217.jpg\" alt=\"Cafeteria2015d\" width=\"250\" height=\"181\" srcset=\"https:\/\/franziskanergymnasium-kreuzburg.de\/cms\/wp-content\/uploads\/2013\/07\/Cafeteria2015d-300x217.jpg 300w, https:\/\/franziskanergymnasium-kreuzburg.de\/cms\/wp-content\/uploads\/2013\/07\/Cafeteria2015d-1024x739.jpg 1024w, https:\/\/franziskanergymnasium-kreuzburg.de\/cms\/wp-content\/uploads\/2013\/07\/Cafeteria2015d.jpg 1200w\" sizes=\"auto, (max-width: 250px) 100vw, 250px\" \/><\/a>Sorgf\u00e4ltige Produktauswahl bei regionalen H\u00e4ndlern<\/li>\r\n\t<li>Saisonale Gerichte (\u201eFrankfurter Gr\u00fcne So\u00dfe\u201c, Krautsalat, Gem\u00fcse)<\/li>\r\n\t<li>Fair gehandelte Produkte (Kaffee, S\u00fc\u00dfwaren)<\/li>\r\n\t<li>Frei zug\u00e4nglicher Wasserspender<\/li>\r\n\t<li>Freundlicher und respektvoller Umgang<\/li>\r\n\t<li>Teamorientiertes Handeln<\/li>\r\n\t<li>Unsere Cafeteria ist auch als Aufenthaltsm\u00f6glichkeit, ein Ort zum Ausruhen, zum Austauschen und als Begegnung zu sehen.<\/li>\r\n\t<li>260 Sitzpl\u00e4tze in gem\u00fctlicher Atmosph\u00e4re.<\/li>\r\n<\/ul><br><br>\r\n<strong>Verantwortlich f\u00fcr die Cafeteria:<\/strong><a href=\"https:\/\/franziskanergymnasium-kreuzburg.de\/cms\/wp-content\/uploads\/2013\/07\/Cafeteria2015a.jpg\" rel=\"lightbox[313]\"><img loading=\"lazy\" decoding=\"async\" class=\"alignright  wp-image-6706\" src=\"https:\/\/franziskanergymnasium-kreuzburg.de\/cms\/wp-content\/uploads\/2013\/07\/Cafeteria2015a-300x217.jpg\" alt=\"Cafeteria2015a\" width=\"250\" height=\"181\" srcset=\"https:\/\/franziskanergymnasium-kreuzburg.de\/cms\/wp-content\/uploads\/2013\/07\/Cafeteria2015a-300x217.jpg 300w, https:\/\/franziskanergymnasium-kreuzburg.de\/cms\/wp-content\/uploads\/2013\/07\/Cafeteria2015a-1024x739.jpg 1024w, https:\/\/franziskanergymnasium-kreuzburg.de\/cms\/wp-content\/uploads\/2013\/07\/Cafeteria2015a.jpg 1200w\" sizes=\"auto, (max-width: 250px) 100vw, 250px\" \/><\/a>\r\n<br>\r\n<strong>Gesch\u00e4ftsf\u00fchrung<\/strong><br>\r\n<ul>\r\n\t<li>Elke Hohmann<\/li>\r\n<\/ul><br>\r\n<strong>Cafeterialeitung<\/strong>\r\n<ul>\r\n\t<li>Frau Himmelein-Hildebrand \u2013 Frau Ries<\/li>\r\n<\/ul><br>\r\n<strong>Mitarbeiterinnen<\/strong>\r\n<ul>\r\n\t<li>Frau Wilfert, Frau Frey, Frau Wagner, Frau Ruppert<\/li>\r\n<\/ul><br>\r\n<strong>Eltern-Team<\/strong>\r\n<ul><a href=\"https:\/\/franziskanergymnasium-kreuzburg.de\/cms\/wp-content\/uploads\/2013\/07\/Cafeteria2015c.jpg\" rel=\"lightbox[313]\"><img loading=\"lazy\" decoding=\"async\" class=\"alignright  wp-image-6707\" src=\"https:\/\/franziskanergymnasium-kreuzburg.de\/cms\/wp-content\/uploads\/2013\/07\/Cafeteria2015c-217x300.jpg\" alt=\"Cafeteria2015c\" width=\"181\" height=\"250\" srcset=\"https:\/\/franziskanergymnasium-kreuzburg.de\/cms\/wp-content\/uploads\/2013\/07\/Cafeteria2015c-217x300.jpg 217w, https:\/\/franziskanergymnasium-kreuzburg.de\/cms\/wp-content\/uploads\/2013\/07\/Cafeteria2015c-739x1024.jpg 739w, https:\/\/franziskanergymnasium-kreuzburg.de\/cms\/wp-content\/uploads\/2013\/07\/Cafeteria2015c.jpg 866w\" sizes=\"auto, (max-width: 181px) 100vw, 181px\" \/><\/a>\r\n\t<li>In diesem Team unterst\u00fctzen mittlerweile 120 M\u00fctter, V\u00e4ter und Gro\u00dfeltern in f\u00fcnf Gruppen ehrenamtlich ca. einmal im Monat f\u00fcr 3,5 Stunden die hauptamtlichen Mitarbeiterinnen der Cafeteria bei der Zubereitung der Speisen, bei der Ausgabe und der Geschirrversorgung.<\/li>\r\n\t<li>Die aktuelle Ansprechpartnerin \/ den akuellen Ansprechpartner erreichen Sie unter: <a href=\"mailto:kuemmerer.cafeteria@fgk-projekte.de\">kuemmerer.cafeteria@fgk-projekte.de<\/a><\/li>\r\n<\/ul><br>\r\n<strong>Zahlen aus dem Alltag der Cafeteria<\/strong>\r\n<ul>\r\n\t<li>In den Pausen kommen zwischen 400 und 500 Sch\u00fclerinnen und Sch\u00fcler in die Cafeteria, um sich mit belegten Br\u00f6tchen, Geb\u00e4ck und Getr\u00e4nken zu versorgen.<\/li>\r\n\t<li>Im Durchschnitt werden pro Tag 70 &#8211; 150 Men\u00fcs verkauft.<\/li>\r\n\t<li>An den <em>Pommes-Tagen<\/em> werden 60-70 kg Pommes-Frites verkauft.<\/li>\r\n\t<li>Pro Woche gehen im Durchschnitt 200 Schnitzel, 80 Frikadellen, 400 W\u00fcrstchen, \u00fcber 650 belegte Br\u00f6tchen, 250 Kr\u00e4uter-Baguettes \u00fcber die Theke.<\/li>\r\n\t<li>An den Tagen mit vermehrten Nachmittagsunterricht kommen bis zu 600 Sch\u00fclerinnen und Sch\u00fcler mittags in die Cafeteria.<\/li>\r\n<\/ul><br>\r\n&nbsp;\r\n<table border=\"3\" bgcolor=\"#107ad6\">\r\n<tbody>\r\n<tr>\r\n<td><strong>\u00d6ffnungszeiten: 07:30 \u2013 15:00 Uhr<br>\r\nVerkaufszeiten: 08:30 \u2013 14:00 Uhr<\/strong><\/td>\r\n<\/tr>\r\n<\/tbody>\r\n<\/table>","protected":false},"excerpt":{"rendered":"Wir bieten an: T\u00e4glicher Verkauf von wechselnden warmen und kalten Speisen T\u00e4glich wechselndes frischgekochtes Men\u00fc zum konstanten Preis T\u00e4gliche frisch zubereitete Salattheke Mehrmals w\u00f6chentliche Nudeltheke oder andere hei\u00dfe Speisen (vorwiegend vegetarisch) Vegetarisches Men\u00fc auf Vorbestellung (am Vortag bis 13.00 Uhr) Vielfalt an belegten Br\u00f6tchen (davon 2\/3 vegetarisch) T\u00e4gliches Obst-Angebot bzw. Obstbecher, Milchprodukte, diverse Getr\u00e4nke, S\u00fc\u00dfwaren und Eis Bevorzugte Verwendung regionaler, zertifizierter Produkte (Kartoffeln aus Franken), Fleisch- und Wurstwaren aus der Region (Metzgerei Eidmann), regionale B\u00e4ckereien (Schatz und Weber), Obst- und Gem\u00fcseh\u00e4ndler (Firma Melzig), Firma Denecke und Firma Neitzer (H\u00e4ndler f\u00fcr Molkereiprodukte und Trockenwaren aus dem Umland) Sorgf\u00e4ltige Produktauswahl bei regionalen H\u00e4ndlern Saisonale Gerichte (\u201eFrankfurter Gr\u00fcne So\u00dfe\u201c, Krautsalat, Gem\u00fcse) Fair gehandelte Produkte (Kaffee, S\u00fc\u00dfwaren) Frei zug\u00e4nglicher Wasserspender Freundlicher und respektvoller Umgang Teamorientiertes Handeln Unsere Cafeteria ist auch als Aufenthaltsm\u00f6glichkeit, ein Ort zum Ausruhen, zum Austauschen und als Begegnung zu sehen. 260 Sitzpl\u00e4tze in gem\u00fctlicher Atmosph\u00e4re. Verantwortlich f\u00fcr die Cafeteria: Gesch\u00e4ftsf\u00fchrung Elke Hohmann Cafeterialeitung Frau Himmelein-Hildebrand \u2013 Frau Ries Mitarbeiterinnen Frau Wilfert, Frau Frey, Frau Wagner, Frau Ruppert Eltern-Team In diesem Team unterst\u00fctzen mittlerweile 120 M\u00fctter, V\u00e4ter und Gro\u00dfeltern in f\u00fcnf Gruppen ehrenamtlich ca. einmal im Monat f\u00fcr 3,5 Stunden die hauptamtlichen Mitarbeiterinnen der Cafeteria bei der Zubereitung der Speisen, bei der Ausgabe und der Geschirrversorgung. Die aktuelle Ansprechpartnerin \/ den akuellen Ansprechpartner erreichen Sie unter: kuemmerer.cafeteria@fgk-projekte.de Zahlen aus dem Alltag der Cafeteria In den Pausen kommen zwischen 400 und 500 Sch\u00fclerinnen und Sch\u00fcler in die Cafeteria, um sich mit belegten Br\u00f6tchen, Geb\u00e4ck und Getr\u00e4nken zu versorgen. Im Durchschnitt werden pro Tag 70 &#8211; 150 Men\u00fcs verkauft. An den Pommes-Tagen werden 60-70 kg Pommes-Frites verkauft. Pro Woche gehen im Durchschnitt 200 Schnitzel, 80 Frikadellen, 400 W\u00fcrstchen, \u00fcber 650 belegte Br\u00f6tchen, 250 Kr\u00e4uter-Baguettes \u00fcber die Theke. An den Tagen mit vermehrten Nachmittagsunterricht kommen bis zu 600 Sch\u00fclerinnen und Sch\u00fcler mittags in die Cafeteria. &nbsp; \u00d6ffnungszeiten: 07:30 \u2013 15:00 Uhr Verkaufszeiten: 08:30 \u2013 14:00 Uhr","protected":false},"author":1,"featured_media":0,"parent":0,"menu_order":0,"comment_status":"closed","ping_status":"closed","template":"","meta":{"ngg_post_thumbnail":0,"footnotes":""},"class_list":["post-313","page","type-page","status-publish","hentry"],"publishpress_future_action":{"enabled":false,"date":"2026-04-28 16:36:01","action":"change-status","newStatus":"draft","terms":[],"taxonomy":"","extraData":[]},"publishpress_future_workflow_manual_trigger":{"enabledWorkflows":[]},"_links":{"self":[{"href":"https:\/\/franziskanergymnasium-kreuzburg.de\/cms\/wp-json\/wp\/v2\/pages\/313","targetHints":{"allow":["GET"]}}],"collection":[{"href":"https:\/\/franziskanergymnasium-kreuzburg.de\/cms\/wp-json\/wp\/v2\/pages"}],"about":[{"href":"https:\/\/franziskanergymnasium-kreuzburg.de\/cms\/wp-json\/wp\/v2\/types\/page"}],"author":[{"embeddable":true,"href":"https:\/\/franziskanergymnasium-kreuzburg.de\/cms\/wp-json\/wp\/v2\/users\/1"}],"replies":[{"embeddable":true,"href":"https:\/\/franziskanergymnasium-kreuzburg.de\/cms\/wp-json\/wp\/v2\/comments?post=313"}],"version-history":[{"count":43,"href":"https:\/\/franziskanergymnasium-kreuzburg.de\/cms\/wp-json\/wp\/v2\/pages\/313\/revisions"}],"predecessor-version":[{"id":42632,"href":"https:\/\/franziskanergymnasium-kreuzburg.de\/cms\/wp-json\/wp\/v2\/pages\/313\/revisions\/42632"}],"wp:attachment":[{"href":"https:\/\/franziskanergymnasium-kreuzburg.de\/cms\/wp-json\/wp\/v2\/media?parent=313"}],"curies":[{"name":"wp","href":"https:\/\/api.w.org\/{rel}","templated":true}]}}