{"id":34069,"date":"2022-09-09T15:24:53","date_gmt":"2022-09-09T13:24:53","guid":{"rendered":"https:\/\/franziskanergymnasium-kreuzburg.de\/cms\/?page_id=34069"},"modified":"2022-09-29T09:29:40","modified_gmt":"2022-09-29T07:29:40","slug":"die-kreuzburg-im-film","status":"publish","type":"page","link":"https:\/\/franziskanergymnasium-kreuzburg.de\/cms\/die-kreuzburg-im-film\/","title":{"rendered":"Die Kreuzburg im Film"},"content":{"rendered":"<table style=\"border-collapse: collapse; width: 100%;\">\r\n<tbody>\r\n<tr>\r\n<td style=\"width: 100%;\">\r\n<a href=\"https:\/\/franziskanergymnasium-kreuzburg.de\/cms\/technische-ausstattung\/ \">\r\n<img loading=\"lazy\" decoding=\"async\" src=\"https:\/\/franziskanergymnasium-kreuzburg.de\/cms\/wp-content\/uploads\/2022\/09\/Film_digAusstattung.png\" alt=\"\" width=\"360\" height=\"200\" class=\"alignleft\" \/><\/a>\r\n<p>\r\n<h3>Verwendung von Tablets im Schulalltag<\/h3>\r\nEin Film \u00fcber die Verwendung von digitalen Endger\u00e4ten im Unterricht sowie Informationen zur technischen Ausstattung von Sch\u00fclerinnen und Sch\u00fclern sind<a href=\"https:\/\/franziskanergymnasium-kreuzburg.de\/cms\/technische-ausstattung\/\" target=\"blank\" rel=\"noopener\"> hier <\/a>zu finden.\r\n<\/p>\r\n<\/td>\r\n<\/tr>\r\n<tr>\r\n<td style=\"width: 100%;\">\r\n\r\n<a href=\"https:\/\/franziskanergymnasium-kreuzburg.de\/cms\/virtuelle-schulfuehrung\/ \">\r\n<img loading=\"lazy\" decoding=\"async\" src=\"https:\/\/franziskanergymnasium-kreuzburg.de\/cms\/wp-content\/uploads\/2020\/11\/Cover_Schulfuehrung2-1.jpg\" alt=\"\" width=\"360\" height=\"200\" class=\"alignright\"\/><\/a>\r\n<p><h3>Schulf\u00fchrung<\/h3>Im nebenstehenden Film f\u00fchren die beiden Sch\u00fclerinnen Vanessa K. und Emilia V. durch unsere Schule. Anlass ist der Tag der offenen T\u00fcr, der am 21. November 2020 aufgrund der Ma\u00dfnahmen zur Eind\u00e4mmung der Coronapandemie nur virtuell durchgef\u00fchrt werden konnte. Das Video richtet sich insbesondere an Sch\u00fclerinnen und Sch\u00fcler der 4. Klasse und soll einen Einblick in das Schulleben an der Kreuzburg gew\u00e4hren.<\/p><p>\r\n\r\n\r\n\tWeitere Informationen \u00fcber die Schule und zur Anmeldung f\u00fcr interessierte Familien sind<a href=\"https:\/\/franziskanergymnasium-kreuzburg.de\/cms\/informationen-zur-anmeldung\/\" target=\"blank\" rel=\"noopener\"> hier <\/a>zu finden.\r\n<\/p>\r\n\r\n\r\n\r\n<\/tr>\r\n<tr>\r\n<td style=\"width: 100%;\"> <a href=\"https:\/\/franziskanergymnasium-kreuzburg.de\/cms\/film-ueber-unsere-schule\/\"><img loading=\"lazy\" decoding=\"async\" class=\"alignleft\" src=\"https:\/\/franziskanergymnasium-kreuzburg.de\/cms\/wp-content\/uploads\/2018\/03\/Bild_Schulfilm.jpg\" alt=\"\" width=\"360\" height=\"200\"><\/a><h3>Schulfilm<\/h3>\r\nEinen \u00dcberblick \u00fcber unsere Schule gibt der nebenstehende Videoclip. Dieser wurde von Jan Konen in Zusammenarbeit mit der Foto AG (Tim B., Natalia D., Julius E., Susan H., Felix H., Adrian H., Johanna K., Florian M., Lars R., Luis R., und Hannah S.) und mit Unterst\u00fctzung von Klaus Gr\u00fcn bei den Drohnenaufnahmen gedreht. Zum ersten Mal wurde der Film bei der Akademischen Feier zum 50-j\u00e4hrigen Jubil\u00e4um am 23. Februar 2018 \u00f6ffentlich gezeigt.<\/td>\r\n<\/tr>\r\n<tr>\r\n<td style=\"width: 100%;\">\r\n\r\n<a attid=\"34079\"  href=\"https:\/\/franziskanergymnasium-kreuzburg.de\/cms\/rueckblick-auf-das-jubilaeumsjahr\/\"><img loading=\"lazy\" decoding=\"async\" src=\"https:\/\/franziskanergymnasium-kreuzburg.de\/cms\/wp-content\/uploads\/2022\/09\/Film_Jubilaeumsjahr.png\" alt=\"\" width=\"360\" height=\"200\" class=\"alignright size-full wp-image-34079\" srcset=\"https:\/\/franziskanergymnasium-kreuzburg.de\/cms\/wp-content\/uploads\/2022\/09\/Film_Jubilaeumsjahr.png 720w, https:\/\/franziskanergymnasium-kreuzburg.de\/cms\/wp-content\/uploads\/2022\/09\/Film_Jubilaeumsjahr-300x167.png 300w\" sizes=\"auto, (max-width: 360px) 100vw, 360px\" \/><\/a><h3>Jubil\u00e4umsjahr<\/h3>50 Jahre Franziskanerkloster, 50 Jahre Franziskanergymnasium und 40 Jahre Franziskanisches Bildungswerk wurden in einem ereignisreichen Schuljahr 2017\/18 gefeiert. Jonas Seibert von main.tv hat in einem Film die H\u00f6hepunkte zusammengefasst.\r\n\r\n\r\n\r\n<\/td>\r\n<\/tr>\r\n\r\n<tr>\r\n<td style=\"width: 100%;\">\r\n\r\n<a attid=\"34083\"  href=\"https:\/\/franziskanergymnasium-kreuzburg.de\/cms\/film-zur-romfahrt\/\"><img loading=\"lazy\" decoding=\"async\" src=\"https:\/\/franziskanergymnasium-kreuzburg.de\/cms\/wp-content\/uploads\/2022\/09\/Film_Romfahrt.png\" alt=\"\" width=\"360\" height=\"200\" class=\"alignleft size-full wp-image-34083\" srcset=\"https:\/\/franziskanergymnasium-kreuzburg.de\/cms\/wp-content\/uploads\/2022\/09\/Film_Romfahrt.png 720w, https:\/\/franziskanergymnasium-kreuzburg.de\/cms\/wp-content\/uploads\/2022\/09\/Film_Romfahrt-300x167.png 300w\" sizes=\"auto, (max-width: 360px) 100vw, 360px\" \/><\/a>\r\n\r\n<h3>Romfahrt<\/h3>Die Fahrt der Schulgemeinde nach Rom und Assisi 2017 bildete den H\u00f6hepunkt des 50-j\u00e4hrigen Jubil\u00e4ums der Schule.\r\nJonas Seibert, ehemaliger Sch\u00fcler der Kreuzburg, hat diese als Mitarbeiter des Funkhauses Aschaffenburg begleitet und dabei den nachfolgenden Film gedreht.\r\n\r\n<\/td>\r\n<\/tr>\r\n\r\n<tr>\r\n<td style=\"width: 100%;\">\r\n<a attid=\"34085\"  href=\"https:\/\/franziskanergymnasium-kreuzburg.de\/cms\/youtube-video-onlin\/\"><img loading=\"lazy\" decoding=\"async\" src=\"https:\/\/franziskanergymnasium-kreuzburg.de\/cms\/wp-content\/uploads\/2022\/09\/Film_HolyHappening.png\" alt=\"\" width=\"360\" height=\"200\" class=\"alignright size-full wp-image-34085\" srcset=\"https:\/\/franziskanergymnasium-kreuzburg.de\/cms\/wp-content\/uploads\/2022\/09\/Film_HolyHappening.png 720w, https:\/\/franziskanergymnasium-kreuzburg.de\/cms\/wp-content\/uploads\/2022\/09\/Film_HolyHappening-300x167.png 300w\" sizes=\"auto, (max-width: 360px) 100vw, 360px\" \/><\/a>\r\n\r\n<P><h3>Holy Happening<\/h3>Den Auftakt zum 50-j\u00e4hrigen Jubil\u00e4um der Kreuzburg bildete das Musical \u201eFrancesco und der Tanz mit dem Tod\u201c. Hier erlebten die Sch\u00fclerinnen und Sch\u00fcler in Musik und Tanz, welche Botschaft Franz von Assisi f\u00fcr sie heute noch hat. Anschlie\u00dfend zogen Darsteller und Zuschauer gemeinsam durch ein Spalier der Sch\u00fclerinnen und Sch\u00fcler der j\u00fcngeren Klassen auf den Sportplatz, wo sich alle zum Logo der Kreuzburg formierten. Mit dem Wurf bunter Farben in die H\u00f6he l\u00f6ste sich das Logo in einem spektakul\u00e4ren Bild auf.<\/p><p>\r\n\r\nAufgenommen wurde das Holy Happening mithilfe von Drohnen von Jan Konen, der durch die Foto AG unterst\u00fctzt wurde.<\/p>\r\n\r\n\r\n\r\n<\/td>\r\n<\/tr>\r\n<\/tbody>\r\n<\/table>\r\n","protected":false},"excerpt":{"rendered":"Verwendung von Tablets im Schulalltag Ein Film \u00fcber die Verwendung von digitalen Endger\u00e4ten im Unterricht sowie Informationen zur technischen Ausstattung von Sch\u00fclerinnen und Sch\u00fclern sind hier zu finden. Schulf\u00fchrungIm nebenstehenden Film f\u00fchren die beiden Sch\u00fclerinnen Vanessa K. und Emilia V. durch unsere Schule. Anlass ist der Tag der offenen T\u00fcr, der am 21. November 2020 aufgrund der Ma\u00dfnahmen zur Eind\u00e4mmung der Coronapandemie nur virtuell durchgef\u00fchrt werden konnte. Das Video richtet sich insbesondere an Sch\u00fclerinnen und Sch\u00fcler der 4. Klasse und soll einen Einblick in das Schulleben an der Kreuzburg gew\u00e4hren. Weitere Informationen \u00fcber die Schule und zur Anmeldung f\u00fcr interessierte Familien sind hier zu finden. Schulfilm Einen \u00dcberblick \u00fcber unsere Schule gibt der nebenstehende Videoclip. Dieser wurde von Jan Konen in Zusammenarbeit mit der Foto AG (Tim B., Natalia D., Julius E., Susan H., Felix H., Adrian H., Johanna K., Florian M., Lars R., Luis R., und Hannah S.) und mit Unterst\u00fctzung von Klaus Gr\u00fcn bei den Drohnenaufnahmen gedreht. Zum ersten Mal wurde der Film bei der Akademischen Feier zum 50-j\u00e4hrigen Jubil\u00e4um am 23. Februar 2018 \u00f6ffentlich gezeigt. Jubil\u00e4umsjahr50 Jahre Franziskanerkloster, 50 Jahre Franziskanergymnasium und 40 Jahre Franziskanisches Bildungswerk wurden in einem ereignisreichen Schuljahr 2017\/18 gefeiert. Jonas Seibert von main.tv hat in einem Film die H\u00f6hepunkte zusammengefasst. RomfahrtDie Fahrt der Schulgemeinde nach Rom und Assisi 2017 bildete den H\u00f6hepunkt des 50-j\u00e4hrigen Jubil\u00e4ums der Schule. Jonas Seibert, ehemaliger Sch\u00fcler der Kreuzburg, hat diese als Mitarbeiter des Funkhauses Aschaffenburg begleitet und dabei den nachfolgenden Film gedreht. Holy HappeningDen Auftakt zum 50-j\u00e4hrigen Jubil\u00e4um der Kreuzburg bildete das Musical \u201eFrancesco und der Tanz mit dem Tod\u201c. Hier erlebten die Sch\u00fclerinnen und Sch\u00fcler in Musik und Tanz, welche Botschaft Franz von Assisi f\u00fcr sie heute noch hat. Anschlie\u00dfend zogen Darsteller und Zuschauer gemeinsam durch ein Spalier der Sch\u00fclerinnen und Sch\u00fcler der j\u00fcngeren Klassen auf den Sportplatz, wo sich alle zum Logo der Kreuzburg formierten. Mit dem Wurf bunter Farben in die H\u00f6he l\u00f6ste sich das Logo in einem spektakul\u00e4ren Bild auf. Aufgenommen wurde das Holy Happening mithilfe von Drohnen von Jan Konen, der durch die Foto AG unterst\u00fctzt wurde.","protected":false},"author":3,"featured_media":0,"parent":0,"menu_order":0,"comment_status":"closed","ping_status":"closed","template":"","meta":{"ngg_post_thumbnail":0,"footnotes":""},"class_list":["post-34069","page","type-page","status-publish","hentry"],"publishpress_future_action":{"enabled":false,"date":"2026-04-12 02:36:23","action":"change-status","newStatus":"draft","terms":[],"taxonomy":"","extraData":[]},"publishpress_future_workflow_manual_trigger":{"enabledWorkflows":[]},"_links":{"self":[{"href":"https:\/\/franziskanergymnasium-kreuzburg.de\/cms\/wp-json\/wp\/v2\/pages\/34069","targetHints":{"allow":["GET"]}}],"collection":[{"href":"https:\/\/franziskanergymnasium-kreuzburg.de\/cms\/wp-json\/wp\/v2\/pages"}],"about":[{"href":"https:\/\/franziskanergymnasium-kreuzburg.de\/cms\/wp-json\/wp\/v2\/types\/page"}],"author":[{"embeddable":true,"href":"https:\/\/franziskanergymnasium-kreuzburg.de\/cms\/wp-json\/wp\/v2\/users\/3"}],"replies":[{"embeddable":true,"href":"https:\/\/franziskanergymnasium-kreuzburg.de\/cms\/wp-json\/wp\/v2\/comments?post=34069"}],"version-history":[{"count":23,"href":"https:\/\/franziskanergymnasium-kreuzburg.de\/cms\/wp-json\/wp\/v2\/pages\/34069\/revisions"}],"predecessor-version":[{"id":34178,"href":"https:\/\/franziskanergymnasium-kreuzburg.de\/cms\/wp-json\/wp\/v2\/pages\/34069\/revisions\/34178"}],"wp:attachment":[{"href":"https:\/\/franziskanergymnasium-kreuzburg.de\/cms\/wp-json\/wp\/v2\/media?parent=34069"}],"curies":[{"name":"wp","href":"https:\/\/api.w.org\/{rel}","templated":true}]}}