{"id":34688,"date":"2022-11-17T12:14:44","date_gmt":"2022-11-17T11:14:44","guid":{"rendered":"https:\/\/franziskanergymnasium-kreuzburg.de\/cms\/?page_id=34688"},"modified":"2022-11-17T12:18:52","modified_gmt":"2022-11-17T11:18:52","slug":"schuelerprojekte-der-offenen-werkstatt","status":"publish","type":"page","link":"https:\/\/franziskanergymnasium-kreuzburg.de\/cms\/schuelerprojekte-der-offenen-werkstatt\/","title":{"rendered":"Sch\u00fclerprojekte der offenen Werkstatt"},"content":{"rendered":"<p>Das Schuljahresende bedeutet f\u00fcr die Offene Werkstatt, Bilanz zu ziehen. Im vergangenen Schuljahr 2021\/22 waren dies beispielsweise ein sich selbst bew\u00e4sserndes Gew\u00e4chshaus, ein Umwelt-\/Pflanzenspiel, ein Reisespiel \u201eCactus\u201c und ein Spiel mit r\u00f6mischen Legionen, dessen Spielsteine aus Marmor angefertigt wurden. Ebenso wurde ein ma\u00dfstabsgerechtes Modell eines Familienanwesens erstellt.   \r\nIm vorausgegangenen Jahr entstanden z.B. ein ma\u00dfstabsgerechtes Modell unserer Schule und das Gesellschaftsspiel \u201cSchieb dich ins Ziel\u201d. <\/p>\r\n\r\n<a attid=\"34689\"  href=\"https:\/\/franziskanergymnasium-kreuzburg.de\/cms\/wp-content\/uploads\/2022\/11\/Off-werk.jpg\" rel=\"lightbox[34688]\"><img loading=\"lazy\" decoding=\"async\" src=\"https:\/\/franziskanergymnasium-kreuzburg.de\/cms\/wp-content\/uploads\/2022\/11\/Off-werk-225x300.jpg\" alt=\"\" width=\"225\" height=\"300\" class=\"alignnone size-medium wp-image-34689\" srcset=\"https:\/\/franziskanergymnasium-kreuzburg.de\/cms\/wp-content\/uploads\/2022\/11\/Off-werk-225x300.jpg 225w, https:\/\/franziskanergymnasium-kreuzburg.de\/cms\/wp-content\/uploads\/2022\/11\/Off-werk.jpg 768w\" sizes=\"auto, (max-width: 225px) 100vw, 225px\" \/><\/a>\r\n\r\n<a attid=\"34699\"  href=\"https:\/\/franziskanergymnasium-kreuzburg.de\/cms\/wp-content\/uploads\/2022\/11\/OW-Cactus.jpg\" rel=\"lightbox[34688]\"><img loading=\"lazy\" decoding=\"async\" src=\"https:\/\/franziskanergymnasium-kreuzburg.de\/cms\/wp-content\/uploads\/2022\/11\/OW-Cactus-300x225.jpg\" alt=\"\" width=\"300\" height=\"225\" class=\"alignnone size-medium wp-image-34699\" srcset=\"https:\/\/franziskanergymnasium-kreuzburg.de\/cms\/wp-content\/uploads\/2022\/11\/OW-Cactus-300x225.jpg 300w, https:\/\/franziskanergymnasium-kreuzburg.de\/cms\/wp-content\/uploads\/2022\/11\/OW-Cactus-1024x768.jpg 1024w, https:\/\/franziskanergymnasium-kreuzburg.de\/cms\/wp-content\/uploads\/2022\/11\/OW-Cactus-768x576.jpg 768w, https:\/\/franziskanergymnasium-kreuzburg.de\/cms\/wp-content\/uploads\/2022\/11\/OW-Cactus.jpg 1200w\" sizes=\"auto, (max-width: 300px) 100vw, 300px\" \/><\/a>\r\n\r\n<a attid=\"34694\"  href=\"https:\/\/franziskanergymnasium-kreuzburg.de\/cms\/wp-content\/uploads\/2022\/11\/OW-Spiel.jpg\" rel=\"lightbox[34688]\"><img loading=\"lazy\" decoding=\"async\" src=\"https:\/\/franziskanergymnasium-kreuzburg.de\/cms\/wp-content\/uploads\/2022\/11\/OW-Spiel-300x225.jpg\" alt=\"\" width=\"300\" height=\"225\" class=\"alignnone size-medium wp-image-34694\" srcset=\"https:\/\/franziskanergymnasium-kreuzburg.de\/cms\/wp-content\/uploads\/2022\/11\/OW-Spiel-300x225.jpg 300w, https:\/\/franziskanergymnasium-kreuzburg.de\/cms\/wp-content\/uploads\/2022\/11\/OW-Spiel-768x576.jpg 768w, https:\/\/franziskanergymnasium-kreuzburg.de\/cms\/wp-content\/uploads\/2022\/11\/OW-Spiel.jpg 1024w\" sizes=\"auto, (max-width: 300px) 100vw, 300px\" \/><\/a>\r\n\r\n\r\n<a attid=\"34691\"  href=\"https:\/\/franziskanergymnasium-kreuzburg.de\/cms\/wp-content\/uploads\/2022\/11\/OffWerk.jpg\" rel=\"lightbox[34688]\"><img loading=\"lazy\" decoding=\"async\" src=\"https:\/\/franziskanergymnasium-kreuzburg.de\/cms\/wp-content\/uploads\/2022\/11\/OffWerk-300x225.jpg\" alt=\"\" width=\"300\" height=\"225\" class=\"alignnone size-medium wp-image-34691\" srcset=\"https:\/\/franziskanergymnasium-kreuzburg.de\/cms\/wp-content\/uploads\/2022\/11\/OffWerk-300x225.jpg 300w, https:\/\/franziskanergymnasium-kreuzburg.de\/cms\/wp-content\/uploads\/2022\/11\/OffWerk-1024x768.jpg 1024w, https:\/\/franziskanergymnasium-kreuzburg.de\/cms\/wp-content\/uploads\/2022\/11\/OffWerk-768x576.jpg 768w, https:\/\/franziskanergymnasium-kreuzburg.de\/cms\/wp-content\/uploads\/2022\/11\/OffWerk.jpg 1200w\" sizes=\"auto, (max-width: 300px) 100vw, 300px\" \/><\/a>\r\n\r\n<a attid=\"34695\"  href=\"https:\/\/franziskanergymnasium-kreuzburg.de\/cms\/wp-content\/uploads\/2022\/11\/Off-werk3.jpg\" rel=\"lightbox[34688]\"><img loading=\"lazy\" decoding=\"async\" src=\"https:\/\/franziskanergymnasium-kreuzburg.de\/cms\/wp-content\/uploads\/2022\/11\/Off-werk3-300x225.jpg\" alt=\"\" width=\"300\" height=\"225\" class=\"alignnone size-medium wp-image-34695\" srcset=\"https:\/\/franziskanergymnasium-kreuzburg.de\/cms\/wp-content\/uploads\/2022\/11\/Off-werk3-300x225.jpg 300w, https:\/\/franziskanergymnasium-kreuzburg.de\/cms\/wp-content\/uploads\/2022\/11\/Off-werk3-1024x768.jpg 1024w, https:\/\/franziskanergymnasium-kreuzburg.de\/cms\/wp-content\/uploads\/2022\/11\/Off-werk3-768x576.jpg 768w, https:\/\/franziskanergymnasium-kreuzburg.de\/cms\/wp-content\/uploads\/2022\/11\/Off-werk3.jpg 1200w\" sizes=\"auto, (max-width: 300px) 100vw, 300px\" \/><\/a>\r\n\r\n<a attid=\"34690\"  href=\"https:\/\/franziskanergymnasium-kreuzburg.de\/cms\/wp-content\/uploads\/2022\/11\/Off-Werk2.jpg\" rel=\"lightbox[34688]\"><img loading=\"lazy\" decoding=\"async\" src=\"https:\/\/franziskanergymnasium-kreuzburg.de\/cms\/wp-content\/uploads\/2022\/11\/Off-Werk2-225x300.jpg\" alt=\"\" width=\"225\" height=\"300\" class=\"alignnone size-medium wp-image-34690\" srcset=\"https:\/\/franziskanergymnasium-kreuzburg.de\/cms\/wp-content\/uploads\/2022\/11\/Off-Werk2-225x300.jpg 225w, https:\/\/franziskanergymnasium-kreuzburg.de\/cms\/wp-content\/uploads\/2022\/11\/Off-Werk2.jpg 768w\" sizes=\"auto, (max-width: 225px) 100vw, 225px\" \/><\/a>\r\n\r\n\r\n<a attid=\"34693\"  href=\"https:\/\/franziskanergymnasium-kreuzburg.de\/cms\/wp-content\/uploads\/2022\/11\/OW-SchiebDichInsZiel.jpg\" rel=\"lightbox[34688]\"><img loading=\"lazy\" decoding=\"async\" src=\"https:\/\/franziskanergymnasium-kreuzburg.de\/cms\/wp-content\/uploads\/2022\/11\/OW-SchiebDichInsZiel-225x300.jpg\" alt=\"\" width=\"225\" height=\"300\" class=\"alignnone size-medium wp-image-34693\" srcset=\"https:\/\/franziskanergymnasium-kreuzburg.de\/cms\/wp-content\/uploads\/2022\/11\/OW-SchiebDichInsZiel-225x300.jpg 225w, https:\/\/franziskanergymnasium-kreuzburg.de\/cms\/wp-content\/uploads\/2022\/11\/OW-SchiebDichInsZiel-768x1024.jpg 768w, https:\/\/franziskanergymnasium-kreuzburg.de\/cms\/wp-content\/uploads\/2022\/11\/OW-SchiebDichInsZiel.jpg 900w\" sizes=\"auto, (max-width: 225px) 100vw, 225px\" \/><\/a>\r\n\r\n\r\n\r\n","protected":false},"excerpt":{"rendered":"Das Schuljahresende bedeutet f\u00fcr die Offene Werkstatt, Bilanz zu ziehen. Im vergangenen Schuljahr 2021\/22 waren dies beispielsweise ein sich selbst bew\u00e4sserndes Gew\u00e4chshaus, ein Umwelt-\/Pflanzenspiel, ein Reisespiel \u201eCactus\u201c und ein Spiel mit r\u00f6mischen Legionen, dessen Spielsteine aus Marmor angefertigt wurden. Ebenso wurde ein ma\u00dfstabsgerechtes Modell eines Familienanwesens erstellt. Im vorausgegangenen Jahr entstanden z.B. ein ma\u00dfstabsgerechtes Modell unserer Schule und das Gesellschaftsspiel \u201cSchieb dich ins Ziel\u201d.","protected":false},"author":3,"featured_media":0,"parent":0,"menu_order":0,"comment_status":"closed","ping_status":"closed","template":"","meta":{"ngg_post_thumbnail":0,"footnotes":""},"class_list":["post-34688","page","type-page","status-publish","hentry"],"publishpress_future_action":{"enabled":false,"date":"2026-04-28 18:19:47","action":"change-status","newStatus":"draft","terms":[],"taxonomy":"","extraData":[]},"publishpress_future_workflow_manual_trigger":{"enabledWorkflows":[]},"_links":{"self":[{"href":"https:\/\/franziskanergymnasium-kreuzburg.de\/cms\/wp-json\/wp\/v2\/pages\/34688","targetHints":{"allow":["GET"]}}],"collection":[{"href":"https:\/\/franziskanergymnasium-kreuzburg.de\/cms\/wp-json\/wp\/v2\/pages"}],"about":[{"href":"https:\/\/franziskanergymnasium-kreuzburg.de\/cms\/wp-json\/wp\/v2\/types\/page"}],"author":[{"embeddable":true,"href":"https:\/\/franziskanergymnasium-kreuzburg.de\/cms\/wp-json\/wp\/v2\/users\/3"}],"replies":[{"embeddable":true,"href":"https:\/\/franziskanergymnasium-kreuzburg.de\/cms\/wp-json\/wp\/v2\/comments?post=34688"}],"version-history":[{"count":4,"href":"https:\/\/franziskanergymnasium-kreuzburg.de\/cms\/wp-json\/wp\/v2\/pages\/34688\/revisions"}],"predecessor-version":[{"id":34698,"href":"https:\/\/franziskanergymnasium-kreuzburg.de\/cms\/wp-json\/wp\/v2\/pages\/34688\/revisions\/34698"}],"wp:attachment":[{"href":"https:\/\/franziskanergymnasium-kreuzburg.de\/cms\/wp-json\/wp\/v2\/media?parent=34688"}],"curies":[{"name":"wp","href":"https:\/\/api.w.org\/{rel}","templated":true}]}}