{"id":347,"date":"2013-07-26T09:51:12","date_gmt":"2013-07-26T07:51:12","guid":{"rendered":"https:\/\/franziskanergymnasium-kreuzburg.de\/cms\/?page_id=347"},"modified":"2019-05-24T10:21:19","modified_gmt":"2019-05-24T08:21:19","slug":"downloads","status":"publish","type":"page","link":"https:\/\/franziskanergymnasium-kreuzburg.de\/cms\/downloads\/","title":{"rendered":"Downloads"},"content":{"rendered":"<p>Auf diesen Seiten finden Sie gesammelt wichtige Informationen, Formulare, Antr\u00e4ge etc. zum Download.<br \/>\r\nBitte w\u00e4hlen Sie aus dem rechten Men\u00fc.<\/p>\r\n\r\n<h3>Bitte beachten Sie:<\/h3>\r\n<p>Zum &Ouml;ffnen und Ausf&uuml;llen unserer interaktiven Formulare ben&ouml;tigen Sie den kostenlosen <a href=\"https:\/\/get.adobe.com\/de\/reader\/\">Adobe Reader<\/a>.<\/p>\r\n\r\nSollten Sie Formulare nicht direkt \u00f6ffnen k\u00f6nnen, speichern Sie diese auf Ihrem PC und \u00f6ffnen Sie dann das Dokument. <br>\r\nEine andere M\u00f6glichkeit ist die Verwendung des Internet Explorers als Browser.<\/p>","protected":false},"excerpt":{"rendered":"Auf diesen Seiten finden Sie gesammelt wichtige Informationen, Formulare, Antr\u00e4ge etc. zum Download. Bitte w\u00e4hlen Sie aus dem rechten Men\u00fc. Bitte beachten Sie: Zum &Ouml;ffnen und Ausf&uuml;llen unserer interaktiven Formulare ben&ouml;tigen Sie den kostenlosen Adobe Reader. Sollten Sie Formulare nicht direkt \u00f6ffnen k\u00f6nnen, speichern Sie diese auf Ihrem PC und \u00f6ffnen Sie dann das Dokument. Eine andere M\u00f6glichkeit ist die Verwendung des Internet Explorers als Browser.","protected":false},"author":1,"featured_media":0,"parent":0,"menu_order":0,"comment_status":"closed","ping_status":"closed","template":"","meta":{"ngg_post_thumbnail":0,"footnotes":""},"class_list":["post-347","page","type-page","status-publish","hentry"],"publishpress_future_action":{"enabled":false,"date":"2026-04-30 11:38:21","action":"change-status","newStatus":"draft","terms":[],"taxonomy":"","extraData":[]},"publishpress_future_workflow_manual_trigger":{"enabledWorkflows":[]},"_links":{"self":[{"href":"https:\/\/franziskanergymnasium-kreuzburg.de\/cms\/wp-json\/wp\/v2\/pages\/347","targetHints":{"allow":["GET"]}}],"collection":[{"href":"https:\/\/franziskanergymnasium-kreuzburg.de\/cms\/wp-json\/wp\/v2\/pages"}],"about":[{"href":"https:\/\/franziskanergymnasium-kreuzburg.de\/cms\/wp-json\/wp\/v2\/types\/page"}],"author":[{"embeddable":true,"href":"https:\/\/franziskanergymnasium-kreuzburg.de\/cms\/wp-json\/wp\/v2\/users\/1"}],"replies":[{"embeddable":true,"href":"https:\/\/franziskanergymnasium-kreuzburg.de\/cms\/wp-json\/wp\/v2\/comments?post=347"}],"version-history":[{"count":15,"href":"https:\/\/franziskanergymnasium-kreuzburg.de\/cms\/wp-json\/wp\/v2\/pages\/347\/revisions"}],"predecessor-version":[{"id":22188,"href":"https:\/\/franziskanergymnasium-kreuzburg.de\/cms\/wp-json\/wp\/v2\/pages\/347\/revisions\/22188"}],"wp:attachment":[{"href":"https:\/\/franziskanergymnasium-kreuzburg.de\/cms\/wp-json\/wp\/v2\/media?parent=347"}],"curies":[{"name":"wp","href":"https:\/\/api.w.org\/{rel}","templated":true}]}}