{"id":360,"date":"2013-07-26T12:18:17","date_gmt":"2013-07-26T10:18:17","guid":{"rendered":"https:\/\/franziskanergymnasium-kreuzburg.de\/cms\/?page_id=360"},"modified":"2023-11-30T11:29:36","modified_gmt":"2023-11-30T10:29:36","slug":"freundeskreis","status":"publish","type":"page","link":"https:\/\/franziskanergymnasium-kreuzburg.de\/cms\/freundeskreis\/","title":{"rendered":"Freundeskreis der Kreuzburg e.V."},"content":{"rendered":"<p>Der Freundeskreis\u00a0 unterst\u00fctzt die Schule bei der Finanzierung der besonderen Angebote mithilfe freiwilliger Spenden.<\/p>\r\n\r\n<!--Alle Fragen rund um den Freundeskreis beantworten Ihnen die Vorstandsmitglieder gerne.<br><br>--!>\r\n\r\n<p>In der Mitgliederversammlung am 05. Oktober 2023 wurde der Vorstand des Freundeskreises neu gew\u00e4hlt. Der Gesamtvorstand setzt sich wie folgt zusammen:<\/p> \r\n<a attid=\"38126\"  href=\"https:\/\/franziskanergymnasium-kreuzburg.de\/cms\/wp-content\/uploads\/2023\/11\/Freundeskreis.jpg\" rel=\"lightbox[360]\"><img loading=\"lazy\" decoding=\"async\" src=\"https:\/\/franziskanergymnasium-kreuzburg.de\/cms\/wp-content\/uploads\/2023\/11\/Freundeskreis-300x224.jpg\" alt=\"\" width=\"300\" height=\"203\" class=\"alignright size-medium wp-image-30802\" \/><\/a>\r\n\r\n\r\n<table style=\"width: 50%;\">\r\n<tbody>\r\n<tr>\r\n<th >Amt<\/th>\r\n<th >Name<\/th><th >Vorname<\/th>\r\n<\/tr>\r\n<tr>\r\n<td>Vorsitzende<\/td>\r\n<td>Quast<\/td><td>Meike<\/td>\r\n<\/tr>\r\n<tr>\r\n<td>Stellv. Vorsitzende<\/td>\r\n<td>Ruppel<\/td>\r\n<td>Daniela<\/td>\r\n<\/tr>\r\n<tr>\r\n<td>Schatzmeister<\/td>\r\n<td>Bergmann<\/td><td>Bernd<\/td>\r\n<\/tr>\r\n<tr>\r\n<td>Schriftf\u00fchrer<\/td>\r\n<td>Weidemeyer<\/td><td>Ulf<\/td>\r\n<\/tr>\r\n<tr>\r\n<td>Beisitzerin<\/td>\r\n<td>Bergmann<\/td>\r\n<td>Birgit<\/td>\r\n<\/tr>\r\n\r\n<tr>\r\n<td>Beisitzer<\/td>\r\n<td>Zschocke<\/td><td>Michael<\/td>\r\n<\/tr>\r\n\r\n<tr>\r\n<td>Beisitzerin<\/td>\r\n<td>Statt<\/td>\r\n<td>Katharina<\/td>\r\n<\/tr>\r\n\r\n<tr>\r\n<td>Beisitzerin<\/td>\r\n<td>Dohle<\/td>\r\n<td>Diana<\/td>\r\n<\/tr>\r\n\r\n\r\n\r\n<tr>\r\n<td>Kassenpr\u00fcfer<\/td>\r\n<td>Hestermann<\/td>\r\n<td>Christian<\/td>\r\n<\/tr>\r\n<tr>\r\n<td>Kassenpr\u00fcferin<\/td>\r\n<td>Wedel<td>\r\nChristina<\/td>\r\n<\/tr>\r\n<\/tbody>\r\n<\/table>\r\n&nbsp;<br>\r\n\r\nSie erreichen den Freundeskreis unter der Mailadresse:  <a href=mailto:freundeskreis@kreuzburg.de>freundeskreis@kreuzburg.de <br> <\/a> Eine Beitrittserkl\u00e4rung, die Informationspflichten zur DSGVO und die Satzung des Freundeskreises finden Sie unter folgendem Link im Downloadbereich:  <a href=\"https:\/\/franziskanergymnasium-kreuzburg.de\/cms\/downloads\/freundeskreis-und-kooperationen\/\">https:\/\/franziskanergymnasium-kreuzburg.de\/cms\/downloads\/freundeskreis-und-kooperationen\/<\/a><br>\r\n<!--<br>Weitere Informationen erhalten Sie auf der Kommunikationsplattform des Freundeskreises <a href=\"http:\/\/www.freundeskreis-kreuzburg.blogspot.de\/\">hier<\/a>, verantwortlich f\u00fcr den Inhalt unter diesem Link ist der Freundeskreis.<br>--!><br>\r\n\r\n<p><strong>Unterst\u00fctzen Sie aktiv den Freundeskreis!\u00a0 Nur so k\u00f6nnen  weiterhin Projekte und soziale Ma\u00dfnahmen an der Schule finanziell gef\u00f6rdert werden.<\/strong><\/p><p>\r\nBankverbindung: IBAN: DE70 5065 0023 0038 1158 20 bei der Sparkasse Hanau, BIC: HELADEF1HAN.<\/p>","protected":false},"excerpt":{"rendered":"Der Freundeskreis\u00a0 unterst\u00fctzt die Schule bei der Finanzierung der besonderen Angebote mithilfe freiwilliger Spenden.","protected":false},"author":1,"featured_media":0,"parent":0,"menu_order":0,"comment_status":"closed","ping_status":"closed","template":"","meta":{"ngg_post_thumbnail":0,"footnotes":""},"class_list":["post-360","page","type-page","status-publish","hentry"],"publishpress_future_action":{"enabled":false,"date":"2026-04-28 16:37:13","action":"change-status","newStatus":"draft","terms":[],"taxonomy":"","extraData":[]},"publishpress_future_workflow_manual_trigger":{"enabledWorkflows":[]},"_links":{"self":[{"href":"https:\/\/franziskanergymnasium-kreuzburg.de\/cms\/wp-json\/wp\/v2\/pages\/360","targetHints":{"allow":["GET"]}}],"collection":[{"href":"https:\/\/franziskanergymnasium-kreuzburg.de\/cms\/wp-json\/wp\/v2\/pages"}],"about":[{"href":"https:\/\/franziskanergymnasium-kreuzburg.de\/cms\/wp-json\/wp\/v2\/types\/page"}],"author":[{"embeddable":true,"href":"https:\/\/franziskanergymnasium-kreuzburg.de\/cms\/wp-json\/wp\/v2\/users\/1"}],"replies":[{"embeddable":true,"href":"https:\/\/franziskanergymnasium-kreuzburg.de\/cms\/wp-json\/wp\/v2\/comments?post=360"}],"version-history":[{"count":62,"href":"https:\/\/franziskanergymnasium-kreuzburg.de\/cms\/wp-json\/wp\/v2\/pages\/360\/revisions"}],"predecessor-version":[{"id":38127,"href":"https:\/\/franziskanergymnasium-kreuzburg.de\/cms\/wp-json\/wp\/v2\/pages\/360\/revisions\/38127"}],"wp:attachment":[{"href":"https:\/\/franziskanergymnasium-kreuzburg.de\/cms\/wp-json\/wp\/v2\/media?parent=360"}],"curies":[{"name":"wp","href":"https:\/\/api.w.org\/{rel}","templated":true}]}}