{"id":3799,"date":"2014-08-21T10:10:21","date_gmt":"2014-08-21T08:10:21","guid":{"rendered":"http:\/\/franziskanergymnasium-kreuzburg.de\/cms\/?page_id=3799"},"modified":"2018-08-16T15:31:37","modified_gmt":"2018-08-16T13:31:37","slug":"mfm-projekt-nur-was-ich-schaetze-kann-ich-schuetzen","status":"publish","type":"page","link":"https:\/\/franziskanergymnasium-kreuzburg.de\/cms\/mfm-projekt-nur-was-ich-schaetze-kann-ich-schuetzen\/","title":{"rendered":"MFM-Projekt  &#8211;  \u201eNur was ich sch\u00e4tze, kann ich sch\u00fctzen\u201c"},"content":{"rendered":"<p>Ansprechpartnerin: <strong>G. Pape<\/strong><\/p>\r\n<div class=\"clear\"><\/div><div class=\"gdl-divider gdl-border-x top\"><div class=\"scroll-top\"><\/div><\/div>\r\n<div class=\"clear\" style=\" height:20px;\" ><\/div> \r\n<img decoding=\"async\" src=\"https:\/\/franziskanergymnasium-kreuzburg.de\/cms\/wp-content\/uploads\/2018\/05\/mfm.jpg\" alt=\"MFM\" align=\"right\" width=\"285\" \/>\r\n<p>Unter diesem Motto erg\u00e4nzen drei werteorientierte, sexualp\u00e4dagogische Projekte (www.mfm-deutschland.de) den Biologieunterricht an der Kreuzburg. Dabei steht die Wertsch\u00e4tzung des eigenen K\u00f6rpers und die verst\u00e4ndliche Darstellung auch komplexer k\u00f6rperlicher Zusammenh\u00e4nge mit Hilfe anschaulicher und sinnlich ansprechender Materialien im Vordergrund.<\/p>\r\n\r\n<p>In den 5. Klassen befassen sich die M\u00e4dchen in der \u201eZyklusshow \u2013 dem Geheimcode meines K\u00f6rpers auf der Spur\u201c und die Jungen im Projekt \u201eAgenten auf dem Weg\u201c auf spielerische, alters- und geschlechtsspezifische Weise mit den Ver\u00e4nderungen ihres K\u00f6rpers w\u00e4hrend der Pubert\u00e4t.<\/p>\r\n\r\n<img loading=\"lazy\" decoding=\"async\" class=\"alignleft  wp-image-4019\" src=\"https:\/\/franziskanergymnasium-kreuzburg.de\/cms\/wp-content\/uploads\/2014\/08\/waagemut-300x176.jpg\" alt=\"waagemut\" width=\"190\" height=\"111\" srcset=\"https:\/\/franziskanergymnasium-kreuzburg.de\/cms\/wp-content\/uploads\/2014\/08\/waagemut-300x176.jpg 300w, https:\/\/franziskanergymnasium-kreuzburg.de\/cms\/wp-content\/uploads\/2014\/08\/waagemut.jpg 341w\" sizes=\"auto, (max-width: 190px) 100vw, 190px\" \/><p>Im Jahrgang 10 wird das Projekt \u201eWaageMut\u201c durchgef\u00fchrt. Darin werden ankn\u00fcpfend an das Zyklusgeschehen vor allem die Fruchtbarkeit von Mann und Frau thematisiert, Wirkungsweisen der (hormonellen) Verh\u00fctungsmittel besprochen sowie jeweilige Vor- und Nachteile diskutiert. Dabei gibt es auch Impulse zu den Themen Beziehung und Partnerschaft. Dem Thema angemessen wird dieses Projekt, im Gegensatz zu den Projekten der 5. Klassen, im Klassenverband durchgef\u00fchrt, also mit Jungen und M\u00e4dchen gemeinsam.<\/p>","protected":false},"excerpt":{"rendered":"Ansprechpartnerin: G. Pape Unter diesem Motto erg\u00e4nzen drei werteorientierte, sexualp\u00e4dagogische Projekte (www.mfm-deutschland.de) den Biologieunterricht an der Kreuzburg. Dabei steht die Wertsch\u00e4tzung des eigenen K\u00f6rpers und die verst\u00e4ndliche Darstellung auch komplexer k\u00f6rperlicher Zusammenh\u00e4nge mit Hilfe anschaulicher und sinnlich ansprechender Materialien im Vordergrund. In den 5. Klassen befassen sich die M\u00e4dchen in der \u201eZyklusshow \u2013 dem Geheimcode meines K\u00f6rpers auf der Spur\u201c und die Jungen im Projekt \u201eAgenten auf dem Weg\u201c auf spielerische, alters- und geschlechtsspezifische Weise mit den Ver\u00e4nderungen ihres K\u00f6rpers w\u00e4hrend der Pubert\u00e4t. Im Jahrgang 10 wird das Projekt \u201eWaageMut\u201c durchgef\u00fchrt. Darin werden ankn\u00fcpfend an das Zyklusgeschehen vor allem die Fruchtbarkeit von Mann und Frau thematisiert, Wirkungsweisen der (hormonellen) Verh\u00fctungsmittel besprochen sowie jeweilige Vor- und Nachteile diskutiert. Dabei gibt es auch Impulse zu den Themen Beziehung und Partnerschaft. Dem Thema angemessen wird dieses Projekt, im Gegensatz zu den Projekten der 5. Klassen, im Klassenverband durchgef\u00fchrt, also mit Jungen und M\u00e4dchen gemeinsam.","protected":false},"author":3,"featured_media":0,"parent":0,"menu_order":0,"comment_status":"closed","ping_status":"closed","template":"","meta":{"ngg_post_thumbnail":0,"footnotes":""},"class_list":["post-3799","page","type-page","status-publish","hentry"],"publishpress_future_action":{"enabled":false,"date":"2026-05-14 15:00:48","action":"change-status","newStatus":"draft","terms":[],"taxonomy":"","extraData":[]},"publishpress_future_workflow_manual_trigger":{"enabledWorkflows":[]},"_links":{"self":[{"href":"https:\/\/franziskanergymnasium-kreuzburg.de\/cms\/wp-json\/wp\/v2\/pages\/3799","targetHints":{"allow":["GET"]}}],"collection":[{"href":"https:\/\/franziskanergymnasium-kreuzburg.de\/cms\/wp-json\/wp\/v2\/pages"}],"about":[{"href":"https:\/\/franziskanergymnasium-kreuzburg.de\/cms\/wp-json\/wp\/v2\/types\/page"}],"author":[{"embeddable":true,"href":"https:\/\/franziskanergymnasium-kreuzburg.de\/cms\/wp-json\/wp\/v2\/users\/3"}],"replies":[{"embeddable":true,"href":"https:\/\/franziskanergymnasium-kreuzburg.de\/cms\/wp-json\/wp\/v2\/comments?post=3799"}],"version-history":[{"count":14,"href":"https:\/\/franziskanergymnasium-kreuzburg.de\/cms\/wp-json\/wp\/v2\/pages\/3799\/revisions"}],"predecessor-version":[{"id":19628,"href":"https:\/\/franziskanergymnasium-kreuzburg.de\/cms\/wp-json\/wp\/v2\/pages\/3799\/revisions\/19628"}],"wp:attachment":[{"href":"https:\/\/franziskanergymnasium-kreuzburg.de\/cms\/wp-json\/wp\/v2\/media?parent=3799"}],"curies":[{"name":"wp","href":"https:\/\/api.w.org\/{rel}","templated":true}]}}