{"id":38209,"date":"2023-12-19T16:51:38","date_gmt":"2023-12-19T15:51:38","guid":{"rendered":"https:\/\/franziskanergymnasium-kreuzburg.de\/cms\/?page_id=38209"},"modified":"2024-09-30T08:52:34","modified_gmt":"2024-09-30T06:52:34","slug":"interne-meldestelle","status":"publish","type":"page","link":"https:\/\/franziskanergymnasium-kreuzburg.de\/cms\/interne-meldestelle\/","title":{"rendered":"Interne Meldestelle"},"content":{"rendered":"Wir m\u00f6chten Sie dar\u00fcber informieren, dass Sie ab sofort die M\u00f6glichkeit haben, Hinweise auf m\u00f6gliche Missst\u00e4nde oder Unregelm\u00e4\u00dfigkeiten in unserem Unternehmen vertraulich und unter Wahrung des Schutzes des Hinweisgebers zu melden.<br><br>\r\n\r\nFalls Sie den begr\u00fcndeten Verdacht haben, dass Mitarbeiterinnen, Mitarbeiter oder F\u00fchrungskr\u00e4fte der Franziskanergymnasium Kreuzburg gGmbH ihre Sorgfaltspflicht verletzen oder Verst\u00f6\u00dfe gegen das Hinweisgeberschutzgesetz wie zum Beispiel:<br><br>\r\n\r\n <ul>\r\n\t<li>Straftaten (Korruption, Betrug oder Untreue, etc.)<\/li>\r\n\r\n\t<li>Ordnungswidrigkeiten, die mit Geldstrafen belegt sind und deren verletzte Vorschriften dem Schutz von Leben, K\u00f6rper oder Gesundheit oder den Rechten von Besch\u00e4ftigten oder ihrer Vertretungsorgane dienen,<\/li>\r\n\r\n\t<li>Verst\u00f6\u00dfe gegen das Geldw\u00e4schegesetz,<\/li>\r\n\r\n\t<li>das Wettbewerbs-, Kartell-, Vergabe- oder Beihilferecht,<\/li>\r\n\r\n\t<li>Verst\u00f6\u00dfe gegen Vorgaben zum Umweltschutz<\/li>\r\n\r\n\t<li>Interessenkonflikte<\/li>\r\n\r\n\t<li>Verst\u00f6\u00dfe gegen Datenschutzbestimmungen<\/li>\r\n\r\n\t<li>oder sonstige Rechtsverst\u00f6\u00dfe<\/li>\r\n<\/ul>\r\n\r\n\r\n<br>\r\n\r\n\r\nbegangen werden, nutzen Sie bitte unsere <a href=\"https:\/\/franziskanergymnasium-kreuzburg.hinweisgeberschutzsystem.de\/\" rel=\"noopener\" target=\"_blank\">elektronische Meldestelle<\/a>, um entsprechende Hinweise einzureichen. Unsere Meldeplattform erm\u00f6glicht es Ihnen, diese Hinweise vollst\u00e4ndig anonym abzugeben.\r\n","protected":false},"excerpt":{"rendered":"Wir m\u00f6chten Sie dar\u00fcber informieren, dass Sie ab sofort die M\u00f6glichkeit haben, Hinweise auf m\u00f6gliche Missst\u00e4nde oder Unregelm\u00e4\u00dfigkeiten in unserem Unternehmen vertraulich und unter Wahrung des Schutzes des Hinweisgebers zu melden. Falls Sie den begr\u00fcndeten Verdacht haben, dass Mitarbeiterinnen, Mitarbeiter oder F\u00fchrungskr\u00e4fte der Franziskanergymnasium Kreuzburg gGmbH ihre Sorgfaltspflicht verletzen oder Verst\u00f6\u00dfe gegen das Hinweisgeberschutzgesetz wie zum Beispiel: Straftaten (Korruption, Betrug oder Untreue, etc.) Ordnungswidrigkeiten, die mit Geldstrafen belegt sind und deren verletzte Vorschriften dem Schutz von Leben, K\u00f6rper oder Gesundheit oder den Rechten von Besch\u00e4ftigten oder ihrer Vertretungsorgane dienen, Verst\u00f6\u00dfe gegen das Geldw\u00e4schegesetz, das Wettbewerbs-, Kartell-, Vergabe- oder Beihilferecht, Verst\u00f6\u00dfe gegen Vorgaben zum Umweltschutz Interessenkonflikte Verst\u00f6\u00dfe gegen Datenschutzbestimmungen oder sonstige Rechtsverst\u00f6\u00dfe begangen werden, nutzen Sie bitte unsere elektronische Meldestelle, um entsprechende Hinweise einzureichen. Unsere Meldeplattform erm\u00f6glicht es Ihnen, diese Hinweise vollst\u00e4ndig anonym abzugeben.","protected":false},"author":11,"featured_media":0,"parent":0,"menu_order":0,"comment_status":"closed","ping_status":"closed","template":"","meta":{"ngg_post_thumbnail":0,"footnotes":""},"class_list":["post-38209","page","type-page","status-publish","hentry"],"publishpress_future_action":{"enabled":false,"date":"2026-05-04 22:12:11","action":"change-status","newStatus":"draft","terms":[],"taxonomy":"","extraData":[]},"publishpress_future_workflow_manual_trigger":{"enabledWorkflows":[]},"_links":{"self":[{"href":"https:\/\/franziskanergymnasium-kreuzburg.de\/cms\/wp-json\/wp\/v2\/pages\/38209","targetHints":{"allow":["GET"]}}],"collection":[{"href":"https:\/\/franziskanergymnasium-kreuzburg.de\/cms\/wp-json\/wp\/v2\/pages"}],"about":[{"href":"https:\/\/franziskanergymnasium-kreuzburg.de\/cms\/wp-json\/wp\/v2\/types\/page"}],"author":[{"embeddable":true,"href":"https:\/\/franziskanergymnasium-kreuzburg.de\/cms\/wp-json\/wp\/v2\/users\/11"}],"replies":[{"embeddable":true,"href":"https:\/\/franziskanergymnasium-kreuzburg.de\/cms\/wp-json\/wp\/v2\/comments?post=38209"}],"version-history":[{"count":6,"href":"https:\/\/franziskanergymnasium-kreuzburg.de\/cms\/wp-json\/wp\/v2\/pages\/38209\/revisions"}],"predecessor-version":[{"id":41722,"href":"https:\/\/franziskanergymnasium-kreuzburg.de\/cms\/wp-json\/wp\/v2\/pages\/38209\/revisions\/41722"}],"wp:attachment":[{"href":"https:\/\/franziskanergymnasium-kreuzburg.de\/cms\/wp-json\/wp\/v2\/media?parent=38209"}],"curies":[{"name":"wp","href":"https:\/\/api.w.org\/{rel}","templated":true}]}}