{"id":3825,"date":"2014-09-06T23:31:29","date_gmt":"2014-09-06T21:31:29","guid":{"rendered":"http:\/\/franziskanergymnasium-kreuzburg.de\/cms\/?page_id=3825"},"modified":"2025-12-21T11:44:11","modified_gmt":"2025-12-21T10:44:11","slug":"anmeldung-fuer-andere-klassen","status":"publish","type":"page","link":"https:\/\/franziskanergymnasium-kreuzburg.de\/cms\/anmeldung-fuer-andere-klassen\/","title":{"rendered":"Anmeldung f\u00fcr andere Klassen"},"content":{"rendered":"<h3 class=\"gdl-header-title\" style=\"margin-bottom:10px;\">Liebe Eltern, liebe Sch\u00fcler<\/h3><br>\r\n<p>herzlichen Dank f\u00fcr Ihr Interesse an unserer Schule. F\u00fcr eine Bewerbung an unserer Schule f\u00fcllen Sie bitte das u.a. Formular aus und senden Sie es uns zusammen mit den weiteren ben\u00f6tigten Unterlagen zu. Sobald uns Ihre Anfrage erreicht, melden wir uns bei Ihnen.<\/p>\r\n<div class='w3eden'><!-- WPDM Link Template: Default Template -->\n\n<div class=\"link-template-default card mb-2\">\n    <div class=\"card-body\">\n        <div class=\"media\">\n            <div class=\"mr-3 img-48\"><img decoding=\"async\" class=\"wpdm_icon\" alt=\"Icon\" src=\"https:\/\/franziskanergymnasium-kreuzburg.de\/cms\/wp-content\/plugins\/download-manager\/assets\/file-type-icons\/pdf.svg\" \/><\/div>\n            <div class=\"media-body\">\n                <h3 class=\"package-title\"><a href='https:\/\/franziskanergymnasium-kreuzburg.de\/cms\/download\/anmeldeformular-fuer-die-klassen-6-13\/'>Anmeldeformular f\u00fcr die Klassen 6 &#8211; 13<\/a><\/h3>\n                <div class=\"text-muted text-small\"><i class=\"fas fa-copy\"><\/i> 1 Datei(en) <i class=\"fas fa-hdd ml-3\"><\/i> 110.26 KB<\/div>\n            <\/div>\n            <div class=\"ml-3\">\n                <a class='wpdm-download-link download-on-click btn btn-primary ' rel='nofollow' href='#' data-downloadurl=\"https:\/\/franziskanergymnasium-kreuzburg.de\/cms\/download\/anmeldeformular-fuer-die-klassen-6-13\/?wpdmdl=43254&refresh=69e293a75e20e1776456615\">Download<\/a>\n            <\/div>\n        <\/div>\n    <\/div>\n<\/div>\n\n<\/div>","protected":false},"excerpt":{"rendered":"Liebe Eltern, liebe Sch\u00fcler herzlichen Dank f\u00fcr Ihr Interesse an unserer Schule. F\u00fcr eine Bewerbung an unserer Schule f\u00fcllen Sie bitte das u.a. Formular aus und senden Sie es uns zusammen mit den weiteren ben\u00f6tigten Unterlagen zu. Sobald uns Ihre Anfrage erreicht, melden wir uns bei Ihnen.","protected":false},"author":1,"featured_media":0,"parent":0,"menu_order":0,"comment_status":"closed","ping_status":"closed","template":"","meta":{"ngg_post_thumbnail":0,"footnotes":""},"class_list":["post-3825","page","type-page","status-publish","hentry"],"publishpress_future_action":{"enabled":false,"date":"2026-04-24 22:10:15","action":"change-status","newStatus":"draft","terms":[],"taxonomy":"","extraData":[]},"publishpress_future_workflow_manual_trigger":{"enabledWorkflows":[]},"_links":{"self":[{"href":"https:\/\/franziskanergymnasium-kreuzburg.de\/cms\/wp-json\/wp\/v2\/pages\/3825","targetHints":{"allow":["GET"]}}],"collection":[{"href":"https:\/\/franziskanergymnasium-kreuzburg.de\/cms\/wp-json\/wp\/v2\/pages"}],"about":[{"href":"https:\/\/franziskanergymnasium-kreuzburg.de\/cms\/wp-json\/wp\/v2\/types\/page"}],"author":[{"embeddable":true,"href":"https:\/\/franziskanergymnasium-kreuzburg.de\/cms\/wp-json\/wp\/v2\/users\/1"}],"replies":[{"embeddable":true,"href":"https:\/\/franziskanergymnasium-kreuzburg.de\/cms\/wp-json\/wp\/v2\/comments?post=3825"}],"version-history":[{"count":14,"href":"https:\/\/franziskanergymnasium-kreuzburg.de\/cms\/wp-json\/wp\/v2\/pages\/3825\/revisions"}],"predecessor-version":[{"id":43256,"href":"https:\/\/franziskanergymnasium-kreuzburg.de\/cms\/wp-json\/wp\/v2\/pages\/3825\/revisions\/43256"}],"wp:attachment":[{"href":"https:\/\/franziskanergymnasium-kreuzburg.de\/cms\/wp-json\/wp\/v2\/media?parent=3825"}],"curies":[{"name":"wp","href":"https:\/\/api.w.org\/{rel}","templated":true}]}}