{"id":433,"date":"2013-07-30T19:56:11","date_gmt":"2013-07-30T17:56:11","guid":{"rendered":"https:\/\/franziskanergymnasium-kreuzburg.de\/cms\/?page_id=433"},"modified":"2024-11-16T09:09:25","modified_gmt":"2024-11-16T08:09:25","slug":"biologie","status":"publish","type":"page","link":"https:\/\/franziskanergymnasium-kreuzburg.de\/cms\/biologie\/","title":{"rendered":"Biologie"},"content":{"rendered":"Fachsprecher: <strong>M. Meyer<\/strong><div class=\"clear\"><\/div><div class=\"gdl-divider gdl-border-x top\"><div class=\"scroll-top\"><\/div><\/div>\n<div class=\"clear\" style=\" height:20px;\"><\/div>\r\n\r\n<p>F\u00fcr den Unterricht stehen 6 Experimentierr\u00e4ume zur Verf\u00fcgung, die in Absprache mit der Fachschaft Chemie genutzt werden.<br>\r\n<a attid=\"12445\"  href=\"https:\/\/franziskanergymnasium-kreuzburg.de\/cms\/wp-content\/uploads\/2013\/07\/2017Bio2.jpg\" data-rel=fancybox rel=\"lightbox[433]\"><img decoding=\"async\" src=\"https:\/\/franziskanergymnasium-kreuzburg.de\/cms\/wp-content\/uploads\/2013\/07\/2017Bio2-300x200.jpg\" alt=\"\" width=\"200\"  class=\"alignright size-medium wp-image-12445\" srcset=\"https:\/\/franziskanergymnasium-kreuzburg.de\/cms\/wp-content\/uploads\/2013\/07\/2017Bio2-300x200.jpg 300w, https:\/\/franziskanergymnasium-kreuzburg.de\/cms\/wp-content\/uploads\/2013\/07\/2017Bio2-768x512.jpg 768w, https:\/\/franziskanergymnasium-kreuzburg.de\/cms\/wp-content\/uploads\/2013\/07\/2017Bio2-1024x683.jpg 1024w, https:\/\/franziskanergymnasium-kreuzburg.de\/cms\/wp-content\/uploads\/2013\/07\/2017Bio2.jpg 1200w\" sizes=\"(max-width: 300px) 100vw, 300px\" \/><\/a>Alle R\u00e4ume sind mit entsprechender Ausstattung zum Experimentieren versehen, in den drei \u00fcberwiegend f\u00fcr die Biologie genutzten R\u00e4umen stehen dar\u00fcber hinaus noch Mikroskope in halber Klassenst\u00e4rke zur Verf\u00fcgung. Alle R\u00e4ume verf\u00fcgen \u00fcber eine komplette Medienausstattung. <br>\r\nF\u00fcr die Klassen 5 und 6 gibt es einen im Jahr 2014 neu eingerichteten, \u00fcbergro\u00dfen Unterrichtsraum mit Komplettausstattung , der es erm\u00f6glicht, auch gruppenteilig zu unterrichten und dem gr\u00f6\u00dferen Bewegungsdrang der jungen Sch\u00fclerinnen und Sch\u00fcler gerecht zu werden.<\/p><p>\r\nDar\u00fcber hinaus bietet die Schule f\u00fcr das Fach Biologie weitere au\u00dfergew\u00f6hnliche Unterrichtsangebote:\r\n <ul><li>\r\n<a href=\"http:\/\/franziskanergymnasium-kreuzburg.de\/cms\/vivarium\/\">das Schulvivarium &#8211; ein Begegnungsort mit lebenden Tieren<\/a><\/li>\r\n<a attid=\"12450\"  href=\"https:\/\/franziskanergymnasium-kreuzburg.de\/cms\/wp-content\/uploads\/2013\/07\/2017Vivarium.jpg\" data-rel=fancybox rel=\"lightbox[433]\"><img loading=\"lazy\" decoding=\"async\" src=\"https:\/\/franziskanergymnasium-kreuzburg.de\/cms\/wp-content\/uploads\/2013\/07\/2017Vivarium-300x188.jpg\" alt=\"\" width=\"300\" height=\"188\" class=\"aligncenter size-medium wp-image-12450\" srcset=\"https:\/\/franziskanergymnasium-kreuzburg.de\/cms\/wp-content\/uploads\/2013\/07\/2017Vivarium-300x188.jpg 300w, https:\/\/franziskanergymnasium-kreuzburg.de\/cms\/wp-content\/uploads\/2013\/07\/2017Vivarium-768x481.jpg 768w, https:\/\/franziskanergymnasium-kreuzburg.de\/cms\/wp-content\/uploads\/2013\/07\/2017Vivarium-1024x642.jpg 1024w, https:\/\/franziskanergymnasium-kreuzburg.de\/cms\/wp-content\/uploads\/2013\/07\/2017Vivarium.jpg 1200w\" sizes=\"auto, (max-width: 300px) 100vw, 300px\" \/><\/a>\r\n<li><a href=\"http:\/\/franziskanergymnasium-kreuzburg.de\/cms\/hymenopeterenzentrum\/\">ein schulbiologisches Hymenopteren-Zentrum<\/a> &#8211; Imkern lernen in der Schule<\/li>\r\n<a attid=\"12446\"  href=\"https:\/\/franziskanergymnasium-kreuzburg.de\/cms\/wp-content\/uploads\/2013\/07\/2017Bio3.jpg\" data-rel=fancybox rel=\"lightbox[433]\"><img loading=\"lazy\" decoding=\"async\" src=\"https:\/\/franziskanergymnasium-kreuzburg.de\/cms\/wp-content\/uploads\/2013\/07\/2017Bio3-300x225.jpg\" alt=\"\" width=\"300\" height=\"225\" class=\"aligncenter size-medium wp-image-12446\" srcset=\"https:\/\/franziskanergymnasium-kreuzburg.de\/cms\/wp-content\/uploads\/2013\/07\/2017Bio3-300x225.jpg 300w, https:\/\/franziskanergymnasium-kreuzburg.de\/cms\/wp-content\/uploads\/2013\/07\/2017Bio3-768x576.jpg 768w, https:\/\/franziskanergymnasium-kreuzburg.de\/cms\/wp-content\/uploads\/2013\/07\/2017Bio3-1024x768.jpg 1024w, https:\/\/franziskanergymnasium-kreuzburg.de\/cms\/wp-content\/uploads\/2013\/07\/2017Bio3.jpg 1200w\" sizes=\"auto, (max-width: 300px) 100vw, 300px\" \/><\/a> \r\n<li><a href=\"http:\/\/franziskanergymnasium-kreuzburg.de\/cms\/schulmuseum\/\">ein Naturkundliches Museum<\/a> &#8211; von Vogeleiern \u00fcber Schmetterlinge bis zu Krokodil und Elch.<\/li><a attid=\"12449\"  href=\"https:\/\/franziskanergymnasium-kreuzburg.de\/cms\/wp-content\/uploads\/2013\/07\/2017Museum1.jpg\" data-rel=fancybox rel=\"lightbox[433]\"><img loading=\"lazy\" decoding=\"async\" src=\"https:\/\/franziskanergymnasium-kreuzburg.de\/cms\/wp-content\/uploads\/2013\/07\/2017Museum1-300x200.jpg\" alt=\"\" width=\"300\" height=\"200\" class=\"aligncenter size-medium wp-image-12449\" srcset=\"https:\/\/franziskanergymnasium-kreuzburg.de\/cms\/wp-content\/uploads\/2013\/07\/2017Museum1-300x200.jpg 300w, https:\/\/franziskanergymnasium-kreuzburg.de\/cms\/wp-content\/uploads\/2013\/07\/2017Museum1-768x512.jpg 768w, https:\/\/franziskanergymnasium-kreuzburg.de\/cms\/wp-content\/uploads\/2013\/07\/2017Museum1-1024x683.jpg 1024w, https:\/\/franziskanergymnasium-kreuzburg.de\/cms\/wp-content\/uploads\/2013\/07\/2017Museum1.jpg 1200w\" sizes=\"auto, (max-width: 300px) 100vw, 300px\" \/><\/a><\/ul><br>\r\n\r\n<p>Au\u00dferdem finden f\u00fcr die Sch\u00fcler der Leistungskurse in der Q2 (\u00d6kologie) die \u00d6kotage statt. Hierbei machen die Sch\u00fclerinnen und Sch\u00fcler an zwei Tagen praktische Erfahrungen im Gel\u00e4nde, indem sie z. B. Gew\u00e4sser n\u00e4her untersuchen, bodenkundliche Untersuchungen t\u00e4tigen oder tier- und pflanzensoziologische Kartierungen unterschiedlicher Biotope anfertigen und miteinander vergleichen.<br>\r\nAuch ein Besuch im Frankfurter Zoo zur Beobachtung des Sozialverhaltens der Primaten im Rahmen des Themas \u201eNeurophysiologie und Verhalten\u201c wird von vielen unterrichtenden Biologiekollegen immer wieder gerne durchgef\u00fchrt. <\/p>\r\n\r\n<div class='w3eden'><!-- WPDM Link Template: Default Template -->\n\n<div class=\"link-template-default card mb-2\">\n    <div class=\"card-body\">\n        <div class=\"media\">\n            <div class=\"mr-3 img-48\"><img decoding=\"async\" class=\"wpdm_icon\" alt=\"Icon\" src=\"https:\/\/franziskanergymnasium-kreuzburg.de\/cms\/wp-content\/plugins\/download-manager\/assets\/file-type-icons\/pdf.svg\" \/><\/div>\n            <div class=\"media-body\">\n                <h3 class=\"package-title\"><a href='https:\/\/franziskanergymnasium-kreuzburg.de\/cms\/download\/schulisches-fachcurriculum-biologie\/'>Schulisches Fachcurriculum Biologie<\/a><\/h3>\n                <div class=\"text-muted text-small\"><i class=\"fas fa-copy\"><\/i> 1 Datei(en) <i class=\"fas fa-hdd ml-3\"><\/i> 1.15 MB<\/div>\n            <\/div>\n            <div class=\"ml-3\">\n                <a class='wpdm-download-link download-on-click btn btn-primary ' rel='nofollow' href='#' data-downloadurl=\"https:\/\/franziskanergymnasium-kreuzburg.de\/cms\/download\/schulisches-fachcurriculum-biologie\/?wpdmdl=41933&refresh=69ea2448d03b91776952392\">Download<\/a>\n            <\/div>\n        <\/div>\n    <\/div>\n<\/div>\n\n<\/div>\r\n","protected":false},"excerpt":{"rendered":"F\u00fcr den Unterricht stehen 6 Experimentierr\u00e4ume zur Verf\u00fcgung, die in Absprache mit der Fachschaft Chemie genutzt werden. Alle R\u00e4ume sind mit entsprechender Ausstattung zum Experimentieren versehen, in den drei \u00fcberwiegend f\u00fcr die Biologie genutzten R\u00e4umen stehen dar\u00fcber hinaus noch Mikroskope in halber Klassenst\u00e4rke zur Verf\u00fcgung. Alle R\u00e4ume verf\u00fcgen \u00fcber eine komplette Medienausstattung. F\u00fcr die Klassen 5 und 6 gibt es einen im Jahr 2014 neu eingerichteten, \u00fcbergro\u00dfen Unterrichtsraum mit Komplettausstattung , der es erm\u00f6glicht, auch gruppenteilig zu unterrichten und dem gr\u00f6\u00dferen Bewegungsdrang der jungen Sch\u00fclerinnen und Sch\u00fcler gerecht zu werden. Dar\u00fcber hinaus bietet die Schule f\u00fcr das Fach Biologie weitere au\u00dfergew\u00f6hnliche Unterrichtsangebote: das Schulvivarium &#8211; ein Begegnungsort mit lebenden Tieren ein schulbiologisches Hymenopteren-Zentrum &#8211; Imkern lernen in der Schule ein Naturkundliches Museum &#8211; von Vogeleiern \u00fcber Schmetterlinge bis zu Krokodil und Elch. Au\u00dferdem finden f\u00fcr die Sch\u00fcler der Leistungskurse in der Q2 (\u00d6kologie) die \u00d6kotage statt. Hierbei machen die Sch\u00fclerinnen und Sch\u00fcler an zwei Tagen praktische Erfahrungen im Gel\u00e4nde, indem sie z. B. Gew\u00e4sser n\u00e4her untersuchen, bodenkundliche Untersuchungen t\u00e4tigen oder tier- und pflanzensoziologische Kartierungen unterschiedlicher Biotope anfertigen und miteinander vergleichen. Auch ein Besuch im Frankfurter Zoo zur Beobachtung des Sozialverhaltens der Primaten im Rahmen des Themas \u201eNeurophysiologie und Verhalten\u201c wird von vielen unterrichtenden Biologiekollegen immer wieder gerne durchgef\u00fchrt.","protected":false},"author":1,"featured_media":0,"parent":0,"menu_order":0,"comment_status":"closed","ping_status":"closed","template":"","meta":{"ngg_post_thumbnail":0,"footnotes":""},"class_list":["post-433","page","type-page","status-publish","hentry"],"publishpress_future_action":{"enabled":false,"date":"2026-04-30 15:53:12","action":"change-status","newStatus":"draft","terms":[],"taxonomy":"","extraData":[]},"publishpress_future_workflow_manual_trigger":{"enabledWorkflows":[]},"_links":{"self":[{"href":"https:\/\/franziskanergymnasium-kreuzburg.de\/cms\/wp-json\/wp\/v2\/pages\/433","targetHints":{"allow":["GET"]}}],"collection":[{"href":"https:\/\/franziskanergymnasium-kreuzburg.de\/cms\/wp-json\/wp\/v2\/pages"}],"about":[{"href":"https:\/\/franziskanergymnasium-kreuzburg.de\/cms\/wp-json\/wp\/v2\/types\/page"}],"author":[{"embeddable":true,"href":"https:\/\/franziskanergymnasium-kreuzburg.de\/cms\/wp-json\/wp\/v2\/users\/1"}],"replies":[{"embeddable":true,"href":"https:\/\/franziskanergymnasium-kreuzburg.de\/cms\/wp-json\/wp\/v2\/comments?post=433"}],"version-history":[{"count":14,"href":"https:\/\/franziskanergymnasium-kreuzburg.de\/cms\/wp-json\/wp\/v2\/pages\/433\/revisions"}],"predecessor-version":[{"id":41934,"href":"https:\/\/franziskanergymnasium-kreuzburg.de\/cms\/wp-json\/wp\/v2\/pages\/433\/revisions\/41934"}],"wp:attachment":[{"href":"https:\/\/franziskanergymnasium-kreuzburg.de\/cms\/wp-json\/wp\/v2\/media?parent=433"}],"curies":[{"name":"wp","href":"https:\/\/api.w.org\/{rel}","templated":true}]}}