{"id":435,"date":"2013-07-30T20:00:41","date_gmt":"2013-07-30T18:00:41","guid":{"rendered":"https:\/\/franziskanergymnasium-kreuzburg.de\/cms\/?page_id=435"},"modified":"2025-08-13T16:28:21","modified_gmt":"2025-08-13T14:28:21","slug":"chemie","status":"publish","type":"page","link":"https:\/\/franziskanergymnasium-kreuzburg.de\/cms\/chemie\/","title":{"rendered":"Chemie"},"content":{"rendered":"Fachsprecherin: <strong>N. Karl<\/strong><div class=\"clear\"><\/div><div class=\"gdl-divider gdl-border-x top\"><div class=\"scroll-top\"><\/div><\/div>\n<div class=\"clear\" style=\" height:20px;\"><\/div>\r\n\r\n<p><a attid=\"12457\"  href=\"https:\/\/franziskanergymnasium-kreuzburg.de\/cms\/wp-content\/uploads\/2013\/07\/2017Chemie1.jpg\" data-rel=fancybox rel=\"lightbox[435]\"><img decoding=\"async\" src=\"https:\/\/franziskanergymnasium-kreuzburg.de\/cms\/wp-content\/uploads\/2013\/07\/2017Chemie1-300x200.jpg\" alt=\"\" width=\"220\" class=\"alignright size-medium wp-image-12457\" srcset=\"https:\/\/franziskanergymnasium-kreuzburg.de\/cms\/wp-content\/uploads\/2013\/07\/2017Chemie1-300x200.jpg 300w, https:\/\/franziskanergymnasium-kreuzburg.de\/cms\/wp-content\/uploads\/2013\/07\/2017Chemie1-768x512.jpg 768w, https:\/\/franziskanergymnasium-kreuzburg.de\/cms\/wp-content\/uploads\/2013\/07\/2017Chemie1-1024x683.jpg 1024w, https:\/\/franziskanergymnasium-kreuzburg.de\/cms\/wp-content\/uploads\/2013\/07\/2017Chemie1.jpg 1200w\" sizes=\"(max-width: 300px) 100vw, 300px\" \/><\/a>Gemeinsam mit der Biologie werden sechs Fachr\u00e4ume genutzt. Davon stehen drei f\u00fcr den Chemieunterricht in Klassen-, drei weitere f\u00fcr den Fachunterricht in Kursst\u00e4rke (21-24 Pl\u00e4tze) zur Verf\u00fcgung. Nachdem die Planungen f\u00fcr den Umbau des H\u00f6rsaals voranschreiten, werden voraussichtlich noch 2017 <strong>alle <\/strong>Fachr\u00e4ume f\u00fcr Sch\u00fclerexperimente nutzbar sein. Dazu geh\u00f6ren Strom- und Gasversorgung f\u00fcr alle Sch\u00fclertische, umfangreiches Sch\u00fcler\u00fcbungsmaterial in den Materialschr\u00e4nken wie auch eine sehr gut best\u00fcckte Chemiekaliensammlung. Alle R\u00e4ume sind rundum mit Internetanschluss, Computer, Pr\u00e4senter und Beamer ausgestattet. <\/p>\r\n<p>An der Chemie interessierte Sch\u00fclerinnen und Sch\u00fcler haben die M\u00f6glichkeit, sich beim \u201eJugend-forscht-Wettbewerb\u201c einzubringen. Die zugeh\u00f6rige AG findet w\u00f6chentlich f\u00fcr zwei Schulstunden statt und wird zurzeit von einem Chemie- und einem Biologie\/Physikkollegen betreut (siehe<a href=\"http:\/\/franziskanergymnasium-kreuzburg.de\/cms\/arbeitsgemeinschaften\/\"> AGs<\/a>) und hat schon diverse Sieger zu verzeichnen. <\/p>\r\n<a attid=\"12456\"  href=\"https:\/\/franziskanergymnasium-kreuzburg.de\/cms\/wp-content\/uploads\/2013\/07\/2017Cemie-TdoT.jpg\" data-rel=fancybox rel=\"lightbox[435]\"><img decoding=\"async\" src=\"https:\/\/franziskanergymnasium-kreuzburg.de\/cms\/wp-content\/uploads\/2013\/07\/2017Cemie-TdoT-300x129.jpg\" alt=\"\" width=\"330\"  class=\"alignright size-medium wp-image-12456\" srcset=\"https:\/\/franziskanergymnasium-kreuzburg.de\/cms\/wp-content\/uploads\/2013\/07\/2017Cemie-TdoT-300x129.jpg 300w, https:\/\/franziskanergymnasium-kreuzburg.de\/cms\/wp-content\/uploads\/2013\/07\/2017Cemie-TdoT-768x330.jpg 768w, https:\/\/franziskanergymnasium-kreuzburg.de\/cms\/wp-content\/uploads\/2013\/07\/2017Cemie-TdoT-1024x440.jpg 1024w, https:\/\/franziskanergymnasium-kreuzburg.de\/cms\/wp-content\/uploads\/2013\/07\/2017Cemie-TdoT.jpg 1400w\" sizes=\"(max-width: 300px) 100vw, 300px\" \/><\/a><p>Ein Highlight neben den von Lehrkr\u00e4ften individuell durchgef\u00fchrten au\u00dferschulischen Lehrveranstaltungen (wie z. B. nach\u2026..) stellt die seit vielen Jahren auf dem Programm unseres \u201eTags der offenen T\u00fcr\u201c befindliche Experimentalshow dar, die zuletzt von den Sch\u00fclerinnen und Sch\u00fclern der Chemie-Leistungskurse pr\u00e4sentiert wurde. <\/p>\r\n<p style=\"margin-top:80px;\">\r\n<div class='w3eden'><!-- WPDM Link Template: Default Template -->\n\n<div class=\"link-template-default card mb-2\">\n    <div class=\"card-body\">\n        <div class=\"media\">\n            <div class=\"mr-3 img-48\"><img decoding=\"async\" class=\"wpdm_icon\" alt=\"Icon\" src=\"https:\/\/franziskanergymnasium-kreuzburg.de\/cms\/wp-content\/plugins\/download-manager\/assets\/file-type-icons\/pdf.svg\" \/><\/div>\n            <div class=\"media-body\">\n                <h3 class=\"package-title\"><a href='https:\/\/franziskanergymnasium-kreuzburg.de\/cms\/download\/schulisches-fachcurriculum-chemie\/'>Schulisches Fachcurriculum Chemie<\/a><\/h3>\n                <div class=\"text-muted text-small\"><i class=\"fas fa-copy\"><\/i> 1 Datei(en) <i class=\"fas fa-hdd ml-3\"><\/i> 380.23 KB<\/div>\n            <\/div>\n            <div class=\"ml-3\">\n                <a class='wpdm-download-link download-on-click btn btn-primary ' rel='nofollow' href='#' data-downloadurl=\"https:\/\/franziskanergymnasium-kreuzburg.de\/cms\/download\/schulisches-fachcurriculum-chemie\/?wpdmdl=42758&refresh=69d4edc2a008f1775562178\">Download<\/a>\n            <\/div>\n        <\/div>\n    <\/div>\n<\/div>\n\n<\/div><\/p>","protected":false},"excerpt":{"rendered":"Gemeinsam mit der Biologie werden sechs Fachr\u00e4ume genutzt. Davon stehen drei f\u00fcr den Chemieunterricht in Klassen-, drei weitere f\u00fcr den Fachunterricht in Kursst\u00e4rke (21-24 Pl\u00e4tze) zur Verf\u00fcgung. Nachdem die Planungen f\u00fcr den Umbau des H\u00f6rsaals voranschreiten, werden voraussichtlich noch 2017 alle Fachr\u00e4ume f\u00fcr Sch\u00fclerexperimente nutzbar sein. Dazu geh\u00f6ren Strom- und Gasversorgung f\u00fcr alle Sch\u00fclertische, umfangreiches Sch\u00fcler\u00fcbungsmaterial in den Materialschr\u00e4nken wie auch eine sehr gut best\u00fcckte Chemiekaliensammlung. Alle R\u00e4ume sind rundum mit Internetanschluss, Computer, Pr\u00e4senter und Beamer ausgestattet. An der Chemie interessierte Sch\u00fclerinnen und Sch\u00fcler haben die M\u00f6glichkeit, sich beim \u201eJugend-forscht-Wettbewerb\u201c einzubringen. Die zugeh\u00f6rige AG findet w\u00f6chentlich f\u00fcr zwei Schulstunden statt und wird zurzeit von einem Chemie- und einem Biologie\/Physikkollegen betreut (siehe AGs) und hat schon diverse Sieger zu verzeichnen. Ein Highlight neben den von Lehrkr\u00e4ften individuell durchgef\u00fchrten au\u00dferschulischen Lehrveranstaltungen (wie z. B. nach\u2026..) stellt die seit vielen Jahren auf dem Programm unseres \u201eTags der offenen T\u00fcr\u201c befindliche Experimentalshow dar, die zuletzt von den Sch\u00fclerinnen und Sch\u00fclern der Chemie-Leistungskurse pr\u00e4sentiert wurde.","protected":false},"author":1,"featured_media":0,"parent":0,"menu_order":0,"comment_status":"closed","ping_status":"closed","template":"","meta":{"ngg_post_thumbnail":0,"footnotes":""},"class_list":["post-435","page","type-page","status-publish","hentry"],"publishpress_future_action":{"enabled":false,"date":"2026-04-14 13:42:58","action":"change-status","newStatus":"draft","terms":[],"taxonomy":"","extraData":[]},"publishpress_future_workflow_manual_trigger":{"enabledWorkflows":[]},"_links":{"self":[{"href":"https:\/\/franziskanergymnasium-kreuzburg.de\/cms\/wp-json\/wp\/v2\/pages\/435","targetHints":{"allow":["GET"]}}],"collection":[{"href":"https:\/\/franziskanergymnasium-kreuzburg.de\/cms\/wp-json\/wp\/v2\/pages"}],"about":[{"href":"https:\/\/franziskanergymnasium-kreuzburg.de\/cms\/wp-json\/wp\/v2\/types\/page"}],"author":[{"embeddable":true,"href":"https:\/\/franziskanergymnasium-kreuzburg.de\/cms\/wp-json\/wp\/v2\/users\/1"}],"replies":[{"embeddable":true,"href":"https:\/\/franziskanergymnasium-kreuzburg.de\/cms\/wp-json\/wp\/v2\/comments?post=435"}],"version-history":[{"count":19,"href":"https:\/\/franziskanergymnasium-kreuzburg.de\/cms\/wp-json\/wp\/v2\/pages\/435\/revisions"}],"predecessor-version":[{"id":42763,"href":"https:\/\/franziskanergymnasium-kreuzburg.de\/cms\/wp-json\/wp\/v2\/pages\/435\/revisions\/42763"}],"wp:attachment":[{"href":"https:\/\/franziskanergymnasium-kreuzburg.de\/cms\/wp-json\/wp\/v2\/media?parent=435"}],"curies":[{"name":"wp","href":"https:\/\/api.w.org\/{rel}","templated":true}]}}