{"id":43671,"date":"2026-05-11T13:33:22","date_gmt":"2026-05-11T11:33:22","guid":{"rendered":"https:\/\/franziskanergymnasium-kreuzburg.de\/cms\/?page_id=43671"},"modified":"2026-05-11T13:33:22","modified_gmt":"2026-05-11T11:33:22","slug":"franziskuskapitel","status":"publish","type":"page","link":"https:\/\/franziskanergymnasium-kreuzburg.de\/cms\/franziskuskapitel\/","title":{"rendered":"Franziskuskapitel"},"content":{"rendered":"<p>Das Wirken der Franziskanerbr\u00fcder hat unsere Schule \u00fcber viele Jahre gepr\u00e4gt, inspiriert und begleitet \u2013 daf\u00fcr sind wir zutiefst dankbar.<\/p>\r\n<p>Mit der Konstituierung des Franziskuskapitels im Sommer 2025 bleibt der franziskanische Geist an der Kreuzburg lebendig. Das Gremium, entstanden aus einem Impuls des SEB-Seminars 2024, f\u00fchlt sich den franziskanischen Werten in besonderer Weise verbunden und setzt sich daf\u00fcr ein, diese f\u00fcr kommende Generationen zu bewahren und weiterzuentwickeln.<\/p>\r\n<p>Als beratendes und beobachtendes Gremium bringt das Franziskuskapitel eine wertvolle Perspektive ein. Es regt zur Reflexion an und unterst\u00fctzt dabei, franziskanische Spiritualit\u00e4t in ihren vielf\u00e4ltigen Ausdrucksformen gemeinsam mit der Kreuzburgfamilie weiterzuentwickeln.<\/p>\r\n<p>Dem Kapitel geh\u00f6ren der Stiftungsvorstand, die Schulseelsorge sowie vom Stiftungsrat berufene, der Kreuzburg eng verbundene Pers\u00f6nlichkeiten (Lehrkr\u00e4fte, Ehemalige, Eltern) an. Die Mitarbeit ist ehrenamtlich und jeweils auf drei Jahre angelegt.<\/p>\r\n<p>Der Abschied der Br\u00fcder war kein Schlussstrich, sondern ein \u00dcbergang. Die Kreuzburg bleibt ein Ort, an dem junge Menschen im franziskanischen Geist lernen, wachsen und Verantwortung \u00fcbernehmen. Das Franziskuskapitel begleitet diesen Weg beratend und best\u00e4rkend.<\/p>\r\n","protected":false},"excerpt":{"rendered":"Das Wirken der Franziskanerbr\u00fcder hat unsere Schule \u00fcber viele Jahre gepr\u00e4gt, inspiriert und begleitet \u2013 daf\u00fcr sind wir zutiefst dankbar. Mit der Konstituierung des Franziskuskapitels im Sommer 2025 bleibt der franziskanische Geist an der Kreuzburg lebendig. Das Gremium, entstanden aus einem Impuls des SEB-Seminars 2024, f\u00fchlt sich den franziskanischen Werten in besonderer Weise verbunden und setzt sich daf\u00fcr ein, diese f\u00fcr kommende Generationen zu bewahren und weiterzuentwickeln. Als beratendes und beobachtendes Gremium bringt das Franziskuskapitel eine wertvolle Perspektive ein. Es regt zur Reflexion an und unterst\u00fctzt dabei, franziskanische Spiritualit\u00e4t in ihren vielf\u00e4ltigen Ausdrucksformen gemeinsam mit der Kreuzburgfamilie weiterzuentwickeln. Dem Kapitel geh\u00f6ren der Stiftungsvorstand, die Schulseelsorge sowie vom Stiftungsrat berufene, der Kreuzburg eng verbundene Pers\u00f6nlichkeiten (Lehrkr\u00e4fte, Ehemalige, Eltern) an. Die Mitarbeit ist ehrenamtlich und jeweils auf drei Jahre angelegt. Der Abschied der Br\u00fcder war kein Schlussstrich, sondern ein \u00dcbergang. Die Kreuzburg bleibt ein Ort, an dem junge Menschen im franziskanischen Geist lernen, wachsen und Verantwortung \u00fcbernehmen. Das Franziskuskapitel begleitet diesen Weg beratend und best\u00e4rkend.","protected":false},"author":1,"featured_media":0,"parent":0,"menu_order":0,"comment_status":"closed","ping_status":"closed","template":"","meta":{"ngg_post_thumbnail":0,"footnotes":""},"class_list":["post-43671","page","type-page","status-publish","hentry"],"publishpress_future_action":{"enabled":false,"date":"2026-05-20 18:38:28","action":"change-status","newStatus":"draft","terms":[],"taxonomy":"","extraData":[]},"publishpress_future_workflow_manual_trigger":{"enabledWorkflows":[]},"_links":{"self":[{"href":"https:\/\/franziskanergymnasium-kreuzburg.de\/cms\/wp-json\/wp\/v2\/pages\/43671","targetHints":{"allow":["GET"]}}],"collection":[{"href":"https:\/\/franziskanergymnasium-kreuzburg.de\/cms\/wp-json\/wp\/v2\/pages"}],"about":[{"href":"https:\/\/franziskanergymnasium-kreuzburg.de\/cms\/wp-json\/wp\/v2\/types\/page"}],"author":[{"embeddable":true,"href":"https:\/\/franziskanergymnasium-kreuzburg.de\/cms\/wp-json\/wp\/v2\/users\/1"}],"replies":[{"embeddable":true,"href":"https:\/\/franziskanergymnasium-kreuzburg.de\/cms\/wp-json\/wp\/v2\/comments?post=43671"}],"version-history":[{"count":1,"href":"https:\/\/franziskanergymnasium-kreuzburg.de\/cms\/wp-json\/wp\/v2\/pages\/43671\/revisions"}],"predecessor-version":[{"id":43672,"href":"https:\/\/franziskanergymnasium-kreuzburg.de\/cms\/wp-json\/wp\/v2\/pages\/43671\/revisions\/43672"}],"wp:attachment":[{"href":"https:\/\/franziskanergymnasium-kreuzburg.de\/cms\/wp-json\/wp\/v2\/media?parent=43671"}],"curies":[{"name":"wp","href":"https:\/\/api.w.org\/{rel}","templated":true}]}}