{"id":438,"date":"2013-07-30T20:04:55","date_gmt":"2013-07-30T18:04:55","guid":{"rendered":"https:\/\/franziskanergymnasium-kreuzburg.de\/cms\/?page_id=438"},"modified":"2024-11-14T09:04:22","modified_gmt":"2024-11-14T08:04:22","slug":"mathematik","status":"publish","type":"page","link":"https:\/\/franziskanergymnasium-kreuzburg.de\/cms\/mathematik\/","title":{"rendered":"Mathematik"},"content":{"rendered":"Fachsprecher: <strong>G. Illing<\/strong><div class=\"clear\"><\/div><div class=\"gdl-divider gdl-border-x top\"><div class=\"scroll-top\"><\/div><\/div>\n<div class=\"clear\" style=\" height:20px;\"><\/div>\r\n\r\n<a href=\"https:\/\/franziskanergymnasium-kreuzburg.de\/cms\/wp-content\/uploads\/2013\/07\/2017Mathe1.jpg\" rel=\"lightbox[438]\"><img decoding=\"async\" class=\"alignright size-medium wp-image-12464\" src=\"https:\/\/franziskanergymnasium-kreuzburg.de\/cms\/wp-content\/uploads\/2013\/07\/2017Mathe1-300x200.jpg\" alt=\"\" width=\"250\" srcset=\"https:\/\/franziskanergymnasium-kreuzburg.de\/cms\/wp-content\/uploads\/2013\/07\/2017Mathe1-300x200.jpg 300w, https:\/\/franziskanergymnasium-kreuzburg.de\/cms\/wp-content\/uploads\/2013\/07\/2017Mathe1-768x512.jpg 768w, https:\/\/franziskanergymnasium-kreuzburg.de\/cms\/wp-content\/uploads\/2013\/07\/2017Mathe1-1024x683.jpg 1024w, https:\/\/franziskanergymnasium-kreuzburg.de\/cms\/wp-content\/uploads\/2013\/07\/2017Mathe1.jpg 1200w\" sizes=\"(max-width: 300px) 100vw, 300px\" \/><\/a><p align=\"justify\">Mathematik ist ein Fach, das die Gem\u00fcter spaltet. F\u00fcr die einen ist es ein notwendiges \u00dcbel, ein Fach, das belegt werden muss, um das Abitur zu bestehen. F\u00fcr die anderen dagegen bietet es vielf\u00e4ltige M\u00f6glichkeiten, sich logischen Herausforderungen zu stellen und die Faszination f\u00fcr die Analyse komplexer Situationen, deren Strukturierung und Probleml\u00f6sung zu erleben. Diese beiden Seiten versuchen wir in unserer Fachschaft Mathematik in den Blick zu nehmen.<\/p><br>\r\n<a href=\"https:\/\/franziskanergymnasium-kreuzburg.de\/cms\/wp-content\/uploads\/2013\/07\/2017Mathe3.jpg\" rel=\"lightbox[438]\"><img loading=\"lazy\" decoding=\"async\" class=\"alignleft size-medium wp-image-12466\" src=\"https:\/\/franziskanergymnasium-kreuzburg.de\/cms\/wp-content\/uploads\/2013\/07\/2017Mathe3-300x169.jpg\" alt=\"\" width=\"300\" height=\"169\" srcset=\"https:\/\/franziskanergymnasium-kreuzburg.de\/cms\/wp-content\/uploads\/2013\/07\/2017Mathe3-300x169.jpg 300w, https:\/\/franziskanergymnasium-kreuzburg.de\/cms\/wp-content\/uploads\/2013\/07\/2017Mathe3-768x432.jpg 768w, https:\/\/franziskanergymnasium-kreuzburg.de\/cms\/wp-content\/uploads\/2013\/07\/2017Mathe3-1024x576.jpg 1024w, https:\/\/franziskanergymnasium-kreuzburg.de\/cms\/wp-content\/uploads\/2013\/07\/2017Mathe3.jpg 1400w\" sizes=\"auto, (max-width: 300px) 100vw, 300px\" \/><\/a><p align=\"justify\">Das passiert zun\u00e4chst in unserem Unterricht, in dem wir Lernarrangements schaffen, die die  <strong>F\u00f6rderung und Forderung der Sch\u00fclerinnen und Sch\u00fcler<\/strong> erm\u00f6glichen. Unterst\u00fctzt werden wir dabei auch durch unsere hervorragende mediale Ausstattung. Dokumentenkamera, Beamer und Dockingstationen f\u00fcr das Tablet einschlie\u00dflich Internetzugang befinden sich in allen Klassenr\u00e4umen und erleichtern so auch die Visualisierung mathematischer Sachverhalte und die Nutzung mathematischer Werkzeuge wie Geogebra oder Excel.<\/p> <br>\r\n<p align=\"justify\">\u00dcber den Unterricht hinaus werden f\u00fcr leistungsschw\u00e4chere Sch\u00fclerinnen und Sch\u00fcler M\u00f6glichkeiten und R\u00e4ume geschaffen, um mathematische Fragen zu kl\u00e4ren und um L\u00fccken zu schlie\u00dfen. Unser Angebot <strong>\u201eSch\u00fclern helfen Sch\u00fclern\u201c<\/strong> bietet ein \u00dcben auf Augenh\u00f6he. In diesem Rahmen stellen sich \u00e4ltere, mathematisch begeisterte Sch\u00fclerinnen und Sch\u00fcler zu Verf\u00fcgung und \u00fcben in kleineren Gruppen mit den Sch\u00fclerinnen und Sch\u00fclern einer bestimmten Klassenstufe.<\/p><br>\r\n<p align=\"justify\"><strong>Wettbewerbe<\/strong> bieten einen Blick \u00fcber den Tellerrand. Zum einen fordern sie die Sch\u00fclerinnen und Sch\u00fcler weit \u00fcber den Schulstoff hinaus und zum anderen bieten sie die Gelegenheit, Gleichgesinnte anderer Schulen zu treffen.<\/p><br>\r\n\r\n\r\n<a href=\"https:\/\/franziskanergymnasium-kreuzburg.de\/cms\/wp-content\/uploads\/2013\/07\/2017Mathe2.jpg\" rel=\"lightbox[438]\"><img loading=\"lazy\" decoding=\"async\" class=\"alignright size-medium wp-image-12468\" src=\"https:\/\/franziskanergymnasium-kreuzburg.de\/cms\/wp-content\/uploads\/2013\/07\/2017Mathe2-300x178.jpg\" alt=\"\" width=\"300\" height=\"178\" srcset=\"https:\/\/franziskanergymnasium-kreuzburg.de\/cms\/wp-content\/uploads\/2013\/07\/2017Mathe2-300x178.jpg 300w, https:\/\/franziskanergymnasium-kreuzburg.de\/cms\/wp-content\/uploads\/2013\/07\/2017Mathe2-768x456.jpg 768w, https:\/\/franziskanergymnasium-kreuzburg.de\/cms\/wp-content\/uploads\/2013\/07\/2017Mathe2-1024x608.jpg 1024w, https:\/\/franziskanergymnasium-kreuzburg.de\/cms\/wp-content\/uploads\/2013\/07\/2017Mathe2.jpg 1301w\" sizes=\"auto, (max-width: 300px) 100vw, 300px\" \/><\/a><p align=\"justify\">Diese T\u00fcr \u00f6ffnet die <strong>Mathematikolympiade<\/strong>. Hier kann man sich mit anderen im mathematischen Wettkampf freiwillig messen, ohne den Notendruck zu sp\u00fcren. In den sp\u00e4teren Runden treffen die erfolgreichen Teilnehmer auch hessen- bzw. bundesweit auf Sch\u00fclerinnen und Sch\u00fcler anderer Schulen.<\/p><br><p align=\"justify\">Obligatorisch f\u00fcr alle Sch\u00fclerinnen und Sch\u00fcler der achten Klassen ist der <strong>Hessische Landeswettbewerb Mathematik<\/strong>; hier haben schon etliche Kreuzburgsch\u00fclerinnen und -sch\u00fcler erfolgreich teilgenommen.<\/p><br>\r\n<p align=\"justify\">Zum Knobeln l\u00e4dt auch der <strong>K\u00e4nguruwettbewerb<\/strong> ein. Wir f\u00fchren diesen regelm\u00e4\u00dfig in der sechsten Jahrgangsstufe durch. Hier werden unsere Sch\u00fclerinnen und Sch\u00fcler mit andersartigen Aufgabenstellungen konfrontiert, die bei Erfolg sogar tolle Preise bescheren. Auf freiwilliger Basis ist dieser Wettbewerb f\u00fcr alle Jahrgangsstufen ge\u00f6ffnet.<\/p><br>\r\n<p align=\"justify\">Der <strong>\u201eTag der Mathematik\u201c<\/strong> fordert unsere Mathematikleistungskurse. Dieser Wettbewerb findet jedes Jahr an einem Samstag im M\u00e4rz statt. Hier k\u00f6nnen sich unsere Leistungskurssch\u00fclerinnen und -sch\u00fcler mit Interessierten anderer Schulen aus dem Frankfurter Umland messen.<\/p><br>\r\n<p align=\"justify\">Alle diese Wettbewerbe haben nat\u00fcrlich viele erfolgreiche Teilnehmer, die in jedem Schuljahr durch die Fachsprecher und ein Schulleitungsmitglied an einer Ehrungsfeier gew\u00fcrdigt werden.<\/p><br>\r\n<p align=\"justify\">Wir sind stolz auf diejenigen Sch\u00fclerinnen und Sch\u00fcler, die sich \u00fcber den normalen Unterricht hinaus im Bereich Mathematik vielf\u00e4ltig engagieren und f\u00f6rdern dieses Engagement mit allen uns zur Verf\u00fcgung stehenden Kr\u00e4ften.<\/p>\r\n<div class='w3eden'><!-- WPDM Link Template: Default Template -->\n\n<div class=\"link-template-default card mb-2\">\n    <div class=\"card-body\">\n        <div class=\"media\">\n            <div class=\"mr-3 img-48\"><img decoding=\"async\" class=\"wpdm_icon\" alt=\"Icon\" src=\"https:\/\/franziskanergymnasium-kreuzburg.de\/cms\/wp-content\/plugins\/download-manager\/assets\/file-type-icons\/pdf.svg\" \/><\/div>\n            <div class=\"media-body\">\n                <h3 class=\"package-title\"><a href='https:\/\/franziskanergymnasium-kreuzburg.de\/cms\/download\/schulisches-fachcurriculum-mathematik\/'>Schulisches Fachcurriculum Mathematik<\/a><\/h3>\n                <div class=\"text-muted text-small\"><i class=\"fas fa-copy\"><\/i> 1 Datei(en) <i class=\"fas fa-hdd ml-3\"><\/i> 321.76 KB<\/div>\n            <\/div>\n            <div class=\"ml-3\">\n                <a class='wpdm-download-link download-on-click btn btn-primary ' rel='nofollow' href='#' data-downloadurl=\"https:\/\/franziskanergymnasium-kreuzburg.de\/cms\/download\/schulisches-fachcurriculum-mathematik\/?wpdmdl=41857&refresh=69ea0c80166221776946304\">Download<\/a>\n            <\/div>\n        <\/div>\n    <\/div>\n<\/div>\n\n<\/div>","protected":false},"excerpt":{"rendered":"Mathematik ist ein Fach, das die Gem\u00fcter spaltet. F\u00fcr die einen ist es ein notwendiges \u00dcbel, ein Fach, das belegt werden muss, um das Abitur zu bestehen. F\u00fcr die anderen dagegen bietet es vielf\u00e4ltige M\u00f6glichkeiten, sich logischen Herausforderungen zu stellen und die Faszination f\u00fcr die Analyse komplexer Situationen, deren Strukturierung und Probleml\u00f6sung zu erleben. Diese beiden Seiten versuchen wir in unserer Fachschaft Mathematik in den Blick zu nehmen. Das passiert zun\u00e4chst in unserem Unterricht, in dem wir Lernarrangements schaffen, die die F\u00f6rderung und Forderung der Sch\u00fclerinnen und Sch\u00fcler erm\u00f6glichen. Unterst\u00fctzt werden wir dabei auch durch unsere hervorragende mediale Ausstattung. Dokumentenkamera, Beamer und Dockingstationen f\u00fcr das Tablet einschlie\u00dflich Internetzugang befinden sich in allen Klassenr\u00e4umen und erleichtern so auch die Visualisierung mathematischer Sachverhalte und die Nutzung mathematischer Werkzeuge wie Geogebra oder Excel. \u00dcber den Unterricht hinaus werden f\u00fcr leistungsschw\u00e4chere Sch\u00fclerinnen und Sch\u00fcler M\u00f6glichkeiten und R\u00e4ume geschaffen, um mathematische Fragen zu kl\u00e4ren und um L\u00fccken zu schlie\u00dfen. Unser Angebot \u201eSch\u00fclern helfen Sch\u00fclern\u201c bietet ein \u00dcben auf Augenh\u00f6he. In diesem Rahmen stellen sich \u00e4ltere, mathematisch begeisterte Sch\u00fclerinnen und Sch\u00fcler zu Verf\u00fcgung und \u00fcben in kleineren Gruppen mit den Sch\u00fclerinnen und Sch\u00fclern einer bestimmten Klassenstufe. Wettbewerbe bieten einen Blick \u00fcber den Tellerrand. Zum einen fordern sie die Sch\u00fclerinnen und Sch\u00fcler weit \u00fcber den Schulstoff hinaus und zum anderen bieten sie die Gelegenheit, Gleichgesinnte anderer Schulen zu treffen. Diese T\u00fcr \u00f6ffnet die Mathematikolympiade. Hier kann man sich mit anderen im mathematischen Wettkampf freiwillig messen, ohne den Notendruck zu sp\u00fcren. In den sp\u00e4teren Runden treffen die erfolgreichen Teilnehmer auch hessen- bzw. bundesweit auf Sch\u00fclerinnen und Sch\u00fcler anderer Schulen.Obligatorisch f\u00fcr alle Sch\u00fclerinnen und Sch\u00fcler der achten Klassen ist der Hessische Landeswettbewerb Mathematik; hier haben schon etliche Kreuzburgsch\u00fclerinnen und -sch\u00fcler erfolgreich teilgenommen. Zum Knobeln l\u00e4dt auch der K\u00e4nguruwettbewerb ein. Wir f\u00fchren diesen regelm\u00e4\u00dfig in der sechsten Jahrgangsstufe durch. Hier werden unsere Sch\u00fclerinnen und Sch\u00fcler mit andersartigen Aufgabenstellungen konfrontiert, die bei Erfolg sogar tolle Preise bescheren. Auf freiwilliger Basis ist dieser Wettbewerb f\u00fcr alle Jahrgangsstufen ge\u00f6ffnet. Der \u201eTag der Mathematik\u201c fordert unsere Mathematikleistungskurse. Dieser Wettbewerb findet jedes Jahr an einem Samstag im M\u00e4rz statt. Hier k\u00f6nnen sich unsere Leistungskurssch\u00fclerinnen und -sch\u00fcler mit Interessierten anderer Schulen aus dem Frankfurter Umland messen. Alle diese Wettbewerbe haben nat\u00fcrlich viele erfolgreiche Teilnehmer, die in jedem Schuljahr durch die Fachsprecher und ein Schulleitungsmitglied an einer Ehrungsfeier gew\u00fcrdigt werden. Wir sind stolz auf diejenigen Sch\u00fclerinnen und Sch\u00fcler, die sich \u00fcber den normalen Unterricht hinaus im Bereich Mathematik vielf\u00e4ltig engagieren und f\u00f6rdern dieses Engagement mit allen uns zur Verf\u00fcgung stehenden Kr\u00e4ften.","protected":false},"author":1,"featured_media":0,"parent":0,"menu_order":0,"comment_status":"closed","ping_status":"closed","template":"","meta":{"ngg_post_thumbnail":0,"footnotes":""},"class_list":["post-438","page","type-page","status-publish","hentry"],"publishpress_future_action":{"enabled":false,"date":"2026-04-30 14:11:44","action":"change-status","newStatus":"draft","terms":[],"taxonomy":"","extraData":[]},"publishpress_future_workflow_manual_trigger":{"enabledWorkflows":[]},"_links":{"self":[{"href":"https:\/\/franziskanergymnasium-kreuzburg.de\/cms\/wp-json\/wp\/v2\/pages\/438","targetHints":{"allow":["GET"]}}],"collection":[{"href":"https:\/\/franziskanergymnasium-kreuzburg.de\/cms\/wp-json\/wp\/v2\/pages"}],"about":[{"href":"https:\/\/franziskanergymnasium-kreuzburg.de\/cms\/wp-json\/wp\/v2\/types\/page"}],"author":[{"embeddable":true,"href":"https:\/\/franziskanergymnasium-kreuzburg.de\/cms\/wp-json\/wp\/v2\/users\/1"}],"replies":[{"embeddable":true,"href":"https:\/\/franziskanergymnasium-kreuzburg.de\/cms\/wp-json\/wp\/v2\/comments?post=438"}],"version-history":[{"count":17,"href":"https:\/\/franziskanergymnasium-kreuzburg.de\/cms\/wp-json\/wp\/v2\/pages\/438\/revisions"}],"predecessor-version":[{"id":41916,"href":"https:\/\/franziskanergymnasium-kreuzburg.de\/cms\/wp-json\/wp\/v2\/pages\/438\/revisions\/41916"}],"wp:attachment":[{"href":"https:\/\/franziskanergymnasium-kreuzburg.de\/cms\/wp-json\/wp\/v2\/media?parent=438"}],"curies":[{"name":"wp","href":"https:\/\/api.w.org\/{rel}","templated":true}]}}