{"id":7721,"date":"2017-02-13T08:13:51","date_gmt":"2017-02-13T07:13:51","guid":{"rendered":"https:\/\/franziskanergymnasium-kreuzburg.de\/cms\/?page_id=7721"},"modified":"2022-11-17T10:45:38","modified_gmt":"2022-11-17T09:45:38","slug":"offene-werkstatt-in-jahrgang-6","status":"publish","type":"page","link":"https:\/\/franziskanergymnasium-kreuzburg.de\/cms\/offene-werkstatt-in-jahrgang-6\/","title":{"rendered":"Bewerbung \u2013 Offene Werkstatt in Jahrgang 6"},"content":{"rendered":"<h3>Wieso \u2013 weshalb \u2013 warum?<brY>\r\nWer nicht fragt \u2026<\/h3>\r\n\r\nAuch im kommenden Schuljahr gibt es wieder die M\u00f6glichkeit, ein ganzes Jahr in der \u201eOffenen Werkstatt\u201c an einer sich selbst gestellten Fragestellung zu arbeiten. Die Offene Werkstatt wird im Zeitfenster des Freien Lernbereichs stattfinden. <br>\r\nSch\u00fclerinnen und Sch\u00fcler der jetzigen 5. Klasse mit Interesse, in der \u201eOffenen Werkstatt\u201c zu arbeiten, k\u00f6nnen sich mit einem Anschreiben bis Ende Februar bewerben, in dem dargelegt wird, warum man in der \u201eOffenen Werkstatt\u201c arbeiten m\u00f6chte, welcher Frage man nachgehen m\u00f6chte, und wie man sich die Arbeit vorstellt. <br>\r\nDie Unterlagen werden vertraulich im Team der Begabungsf\u00f6rderung bleiben.\r\nDas Bewerbungsschreiben in einem Umschlag bei Frau Prochnow im Sekretariat abgeben.<br>\r\nFragen zur Bewerbung k\u00f6nnen gerne per Mail an <a href=\"mailto:heisler.maria@fgk-lehrer.de\">heisler.maria@fgk-lehrer.de<\/a> oder <a href=\"mailto:plackinger.stefanie@fgk-lehrer.de\">plackinger.stefanie@fgk-lehrer.de<\/a> gesendet werden.\r\n","protected":false},"excerpt":{"rendered":"Wieso \u2013 weshalb \u2013 warum? Wer nicht fragt \u2026 Auch im kommenden Schuljahr gibt es wieder die M\u00f6glichkeit, ein ganzes Jahr in der \u201eOffenen Werkstatt\u201c an einer sich selbst gestellten Fragestellung zu arbeiten. Die Offene Werkstatt wird im Zeitfenster des Freien Lernbereichs stattfinden. Sch\u00fclerinnen und Sch\u00fcler der jetzigen 5. Klasse mit Interesse, in der \u201eOffenen Werkstatt\u201c zu arbeiten, k\u00f6nnen sich mit einem Anschreiben bis Ende Februar bewerben, in dem dargelegt wird, warum man in der \u201eOffenen Werkstatt\u201c arbeiten m\u00f6chte, welcher Frage man nachgehen m\u00f6chte, und wie man sich die Arbeit vorstellt. Die Unterlagen werden vertraulich im Team der Begabungsf\u00f6rderung bleiben. Das Bewerbungsschreiben in einem Umschlag bei Frau Prochnow im Sekretariat abgeben. Fragen zur Bewerbung k\u00f6nnen gerne per Mail an heisler.maria@fgk-lehrer.de oder plackinger.stefanie@fgk-lehrer.de gesendet werden.","protected":false},"author":3,"featured_media":0,"parent":0,"menu_order":0,"comment_status":"closed","ping_status":"closed","template":"","meta":{"ngg_post_thumbnail":0,"footnotes":""},"class_list":["post-7721","page","type-page","status-publish","hentry"],"publishpress_future_action":{"enabled":false,"date":"2026-04-14 16:23:48","action":"change-status","newStatus":"draft","terms":[],"taxonomy":"","extraData":[]},"publishpress_future_workflow_manual_trigger":{"enabledWorkflows":[]},"_links":{"self":[{"href":"https:\/\/franziskanergymnasium-kreuzburg.de\/cms\/wp-json\/wp\/v2\/pages\/7721","targetHints":{"allow":["GET"]}}],"collection":[{"href":"https:\/\/franziskanergymnasium-kreuzburg.de\/cms\/wp-json\/wp\/v2\/pages"}],"about":[{"href":"https:\/\/franziskanergymnasium-kreuzburg.de\/cms\/wp-json\/wp\/v2\/types\/page"}],"author":[{"embeddable":true,"href":"https:\/\/franziskanergymnasium-kreuzburg.de\/cms\/wp-json\/wp\/v2\/users\/3"}],"replies":[{"embeddable":true,"href":"https:\/\/franziskanergymnasium-kreuzburg.de\/cms\/wp-json\/wp\/v2\/comments?post=7721"}],"version-history":[{"count":16,"href":"https:\/\/franziskanergymnasium-kreuzburg.de\/cms\/wp-json\/wp\/v2\/pages\/7721\/revisions"}],"predecessor-version":[{"id":34679,"href":"https:\/\/franziskanergymnasium-kreuzburg.de\/cms\/wp-json\/wp\/v2\/pages\/7721\/revisions\/34679"}],"wp:attachment":[{"href":"https:\/\/franziskanergymnasium-kreuzburg.de\/cms\/wp-json\/wp\/v2\/media?parent=7721"}],"curies":[{"name":"wp","href":"https:\/\/api.w.org\/{rel}","templated":true}]}}