{"id":7796,"date":"2016-02-18T14:59:41","date_gmt":"2016-02-18T13:59:41","guid":{"rendered":"https:\/\/franziskanergymnasium-kreuzburg.de\/cms\/?page_id=7796"},"modified":"2022-11-17T11:42:09","modified_gmt":"2022-11-17T10:42:09","slug":"die-offene-werkstatt","status":"publish","type":"page","link":"https:\/\/franziskanergymnasium-kreuzburg.de\/cms\/die-offene-werkstatt\/","title":{"rendered":"Die \u201eOffene Werkstatt\u201c"},"content":{"rendered":"<a attid=\"8096\"  href=\"https:\/\/franziskanergymnasium-kreuzburg.de\/cms\/wp-content\/uploads\/2016\/02\/Fotoleiste_OffeneWerkstattk.jpg\" rel=\"lightbox[7796]\"><img loading=\"lazy\" decoding=\"async\" src=\"https:\/\/franziskanergymnasium-kreuzburg.de\/cms\/wp-content\/uploads\/2016\/02\/Fotoleiste_OffeneWerkstattk-1024x173.jpg\" alt=\"Fotoleiste_OffeneWerkstattk\" width=\"960\" height=\"162\" class=\"alignnone size-large wp-image-8096\" srcset=\"https:\/\/franziskanergymnasium-kreuzburg.de\/cms\/wp-content\/uploads\/2016\/02\/Fotoleiste_OffeneWerkstattk-1024x173.jpg 1024w, https:\/\/franziskanergymnasium-kreuzburg.de\/cms\/wp-content\/uploads\/2016\/02\/Fotoleiste_OffeneWerkstattk-300x51.jpg 300w, https:\/\/franziskanergymnasium-kreuzburg.de\/cms\/wp-content\/uploads\/2016\/02\/Fotoleiste_OffeneWerkstattk-768x130.jpg 768w\" sizes=\"auto, (max-width: 960px) 100vw, 960px\" \/><\/a>Der Freie Lernbereich (FLB, siehe <a href=\"https:\/\/franziskanergymnasium-kreuzburg.de\/cms\/freier-lernbereich\/\">hier<\/a>) bietet in der Jahrgangsstufe 6 allen Sch\u00fclerinnen und Sch\u00fclern in einer w\u00f6chentlich stattfindenden Doppelstunde die M\u00f6glichkeit zu Projektunterricht mit dem Ziel, Interessen zu wecken. Hierzu w\u00e4hlen die Kinder f\u00fcr jedes Halbjahr aus einem Angebot jeweils ein Projekt aus, mit dem sie sich in jahrgangs\u00fcbergreifenden Lerngruppen zu maximal 20 Sch\u00fclern besch\u00e4ftigen. <br>\r\n\r\n\r\n<a attid=\"34681\" href=\"https:\/\/franziskanergymnasium-kreuzburg.de\/cms\/wp-content\/uploads\/2022\/11\/Flyer_Begabungsfoerderung2019.pdf\" target=\"_blank\" rel=\"noopener\"><img loading=\"lazy\" decoding=\"async\" src=\"https:\/\/franziskanergymnasium-kreuzburg.de\/cms\/wp-content\/uploads\/2022\/11\/Flyer_Begabungsfoerderung2019Titel-139x300.jpg\" alt=\"\" width=\"139\" height=\"300\" class=\"alignright size-medium wp-image-34680\" srcset=\"https:\/\/franziskanergymnasium-kreuzburg.de\/cms\/wp-content\/uploads\/2022\/11\/Flyer_Begabungsfoerderung2019Titel-139x300.jpg 139w, https:\/\/franziskanergymnasium-kreuzburg.de\/cms\/wp-content\/uploads\/2022\/11\/Flyer_Begabungsfoerderung2019Titel.jpg 383w\" sizes=\"auto, (max-width: 139px) 100vw, 139px\" \/><\/a>Im Rahmen des FLB findet zeitgleich eine Offene Werkstatt zur F\u00f6rderung von Sch\u00fclerinnen und Sch\u00fclern mit besonderen Begabungen statt. Ihr Schwerpunkt liegt darin, dem Sch\u00fcler Raum und Zeit zu geben, sich m\u00f6glichst individuell entfalten und arbeiten zu k\u00f6nnen. <br>\r\nDie Offene Werkstatt ist in ihrer organisatorischen Konzeption dem Freien Lernbereich (FLB) der Jahrgangsstufe 6 gleichgeschaltet. Sie findet parallel  zu den Projekten des FLB w\u00f6chentlich in einer Doppelstunde statt. <br>\r\nWie schon der FLB 6 seinen Schwerpunkt auf ein interessengeleitetes Arbeiten setzt, ist ein  Schwerpunkt der Offenen Werkstatt, dem Sch\u00fcler Raum und Zeit zu geben, sich m\u00f6glichst individuell entfalten und arbeiten zu k\u00f6nnen.<br>\r\nEin zweiter Schwerpunkt ist die F\u00f6rderung von Sch\u00fclern und Sch\u00fclerinnen mit besonderen Begabungen. <br>\r\nDaher richtet sich der Kurs an Sch\u00fcler und Sch\u00fclerinnen, die an sich selbst und an die an sie gerichteten Aufgaben hohe Anspr\u00fcche stellen, gleichzeitig aber auch ein hohes Ma\u00df an Wahlfreiheit und Autonomie in ihrer Arbeitsweise einfordern. Er bietet Sch\u00fclerinnen und Sch\u00fclern mit intrinsischer Lernmotivation Zeit, Raum und Unterst\u00fctzung,  interessengeleitet zu arbeiten.<br>\r\nWas erwartet die Sch\u00fcler und Sch\u00fclerinnen in der &#8222;offenen Werkstatt&#8220;?  Die Kinder in dieser Gruppe erfahren eine projektartige Erarbeitung von echten, lebensnahen Problemstellungen, denen sie individuell oder in Kleingruppen nachgehen k\u00f6nnen. Zu Beginn werden die Sch\u00fcler und Sch\u00fclerinnen mit Ideen, Erfahrungen und Innovationen in einem Wissensgebiet motiviert, so dass sie sich f\u00fcr ein eigenes Projekt oder eine vertiefende Arbeit entscheiden k\u00f6nnen. Diesem Einstieg folgt eine Phase, in der sich die Sch\u00fcler und Sch\u00fclerinnen Methoden und Arbeitstechniken aneignen, die f\u00fcr die Realisierung des Projektes notwendig sind. Dabei werden die Sch\u00fcler aber auch immer wieder in pers\u00f6nlichen Gespr\u00e4chen mit der betreuenden Lehrkraft angehalten, sich klare Ziele zu setzen,  die erreichbar sind. Die Arbeit in der &#8222;Offenen Werkstatt&#8220; wird von Frau Plackinger und Frau Heisler-Wiegelmann begleitet.<br>\r\nDurch die offene Werkstatt sollen die Kinder Erfahrungen im freien Arbeiten sammeln, die es auch in anderen Bereichen und anderen Situationen einsetzen kann. <br><br>\r\n\r\nIm Gegensatz zu den allgemein angebotenen Gruppen des Freien Lernbereichs wird diese Gruppe von Sch\u00fclern das ganze Jahr \u00fcber fest bestehen bleiben. So sind vertiefende Arbeiten m\u00f6glich und die Sch\u00fclerinnen und Sch\u00fcler erhalten Kontakt zu anderen Kindern, die \u00e4hnliche Arbeitsweisen zeigen. <br>\r\nWie jede Entscheidung <em>f\u00fcr<\/em> eine Sache, so ist dies auch eine Entscheidung <em>gegen<\/em> eine Sache, d.h. Ihr Kind wird, wie oben erw\u00e4hnt, das ganze Schuljahr in dieser Gruppe arbeiten d\u00fcrfen und andere Themen aus dem Freien Lernbereich jedoch nicht machen k\u00f6nnen.<br><br>\r\n\r\nInformationen zur Bewerbung <a href=\"https:\/\/franziskanergymnasium-kreuzburg.de\/cms\/offene-werkstatt-in-jahrgang-6\/\">hier<\/a>.\r\n","protected":false},"excerpt":{"rendered":"Der Freie Lernbereich (FLB, siehe hier) bietet in der Jahrgangsstufe 6 allen Sch\u00fclerinnen und Sch\u00fclern in einer w\u00f6chentlich stattfindenden Doppelstunde die M\u00f6glichkeit zu Projektunterricht mit dem Ziel, Interessen zu wecken. Hierzu w\u00e4hlen die Kinder f\u00fcr jedes Halbjahr aus einem Angebot jeweils ein Projekt aus, mit dem sie sich in jahrgangs\u00fcbergreifenden Lerngruppen zu maximal 20 Sch\u00fclern besch\u00e4ftigen. Im Rahmen des FLB findet zeitgleich eine Offene Werkstatt zur F\u00f6rderung von Sch\u00fclerinnen und Sch\u00fclern mit besonderen Begabungen statt. Ihr Schwerpunkt liegt darin, dem Sch\u00fcler Raum und Zeit zu geben, sich m\u00f6glichst individuell entfalten und arbeiten zu k\u00f6nnen. Die Offene Werkstatt ist in ihrer organisatorischen Konzeption dem Freien Lernbereich (FLB) der Jahrgangsstufe 6 gleichgeschaltet. Sie findet parallel zu den Projekten des FLB w\u00f6chentlich in einer Doppelstunde statt. Wie schon der FLB 6 seinen Schwerpunkt auf ein interessengeleitetes Arbeiten setzt, ist ein Schwerpunkt der Offenen Werkstatt, dem Sch\u00fcler Raum und Zeit zu geben, sich m\u00f6glichst individuell entfalten und arbeiten zu k\u00f6nnen. Ein zweiter Schwerpunkt ist die F\u00f6rderung von Sch\u00fclern und Sch\u00fclerinnen mit besonderen Begabungen. Daher richtet sich der Kurs an Sch\u00fcler und Sch\u00fclerinnen, die an sich selbst und an die an sie gerichteten Aufgaben hohe Anspr\u00fcche stellen, gleichzeitig aber auch ein hohes Ma\u00df an Wahlfreiheit und Autonomie in ihrer Arbeitsweise einfordern. Er bietet Sch\u00fclerinnen und Sch\u00fclern mit intrinsischer Lernmotivation Zeit, Raum und Unterst\u00fctzung, interessengeleitet zu arbeiten. Was erwartet die Sch\u00fcler und Sch\u00fclerinnen in der &#8222;offenen Werkstatt&#8220;? Die Kinder in dieser Gruppe erfahren eine projektartige Erarbeitung von echten, lebensnahen Problemstellungen, denen sie individuell oder in Kleingruppen nachgehen k\u00f6nnen. Zu Beginn werden die Sch\u00fcler und Sch\u00fclerinnen mit Ideen, Erfahrungen und Innovationen in einem Wissensgebiet motiviert, so dass sie sich f\u00fcr ein eigenes Projekt oder eine vertiefende Arbeit entscheiden k\u00f6nnen. Diesem Einstieg folgt eine Phase, in der sich die Sch\u00fcler und Sch\u00fclerinnen Methoden und Arbeitstechniken aneignen, die f\u00fcr die Realisierung des Projektes notwendig sind. Dabei werden die Sch\u00fcler aber auch immer wieder in pers\u00f6nlichen Gespr\u00e4chen mit der betreuenden Lehrkraft angehalten, sich klare Ziele zu setzen, die erreichbar sind. Die Arbeit in der &#8222;Offenen Werkstatt&#8220; wird von Frau Plackinger und Frau Heisler-Wiegelmann begleitet. Durch die offene Werkstatt sollen die Kinder Erfahrungen im freien Arbeiten sammeln, die es auch in anderen Bereichen und anderen Situationen einsetzen kann. Im Gegensatz zu den allgemein angebotenen Gruppen des Freien Lernbereichs wird diese Gruppe von Sch\u00fclern das ganze Jahr \u00fcber fest bestehen bleiben. So sind vertiefende Arbeiten m\u00f6glich und die Sch\u00fclerinnen und Sch\u00fcler erhalten Kontakt zu anderen Kindern, die \u00e4hnliche Arbeitsweisen zeigen. Wie jede Entscheidung f\u00fcr eine Sache, so ist dies auch eine Entscheidung gegen eine Sache, d.h. Ihr Kind wird, wie oben erw\u00e4hnt, das ganze Schuljahr in dieser Gruppe arbeiten d\u00fcrfen und andere Themen aus dem Freien Lernbereich jedoch nicht machen k\u00f6nnen. Informationen zur Bewerbung hier.","protected":false},"author":3,"featured_media":0,"parent":0,"menu_order":0,"comment_status":"closed","ping_status":"closed","template":"","meta":{"ngg_post_thumbnail":0,"footnotes":""},"class_list":["post-7796","page","type-page","status-publish","hentry"],"publishpress_future_action":{"enabled":false,"date":"2026-04-28 19:22:39","action":"change-status","newStatus":"draft","terms":[],"taxonomy":"","extraData":[]},"publishpress_future_workflow_manual_trigger":{"enabledWorkflows":[]},"_links":{"self":[{"href":"https:\/\/franziskanergymnasium-kreuzburg.de\/cms\/wp-json\/wp\/v2\/pages\/7796","targetHints":{"allow":["GET"]}}],"collection":[{"href":"https:\/\/franziskanergymnasium-kreuzburg.de\/cms\/wp-json\/wp\/v2\/pages"}],"about":[{"href":"https:\/\/franziskanergymnasium-kreuzburg.de\/cms\/wp-json\/wp\/v2\/types\/page"}],"author":[{"embeddable":true,"href":"https:\/\/franziskanergymnasium-kreuzburg.de\/cms\/wp-json\/wp\/v2\/users\/3"}],"replies":[{"embeddable":true,"href":"https:\/\/franziskanergymnasium-kreuzburg.de\/cms\/wp-json\/wp\/v2\/comments?post=7796"}],"version-history":[{"count":13,"href":"https:\/\/franziskanergymnasium-kreuzburg.de\/cms\/wp-json\/wp\/v2\/pages\/7796\/revisions"}],"predecessor-version":[{"id":34682,"href":"https:\/\/franziskanergymnasium-kreuzburg.de\/cms\/wp-json\/wp\/v2\/pages\/7796\/revisions\/34682"}],"wp:attachment":[{"href":"https:\/\/franziskanergymnasium-kreuzburg.de\/cms\/wp-json\/wp\/v2\/media?parent=7796"}],"curies":[{"name":"wp","href":"https:\/\/api.w.org\/{rel}","templated":true}]}}