{"id":8118,"date":"2016-03-21T11:27:46","date_gmt":"2016-03-21T10:27:46","guid":{"rendered":"https:\/\/franziskanergymnasium-kreuzburg.de\/cms\/?page_id=8118"},"modified":"2020-06-03T21:32:44","modified_gmt":"2020-06-03T19:32:44","slug":"schoepfungsprojekt","status":"publish","type":"page","link":"https:\/\/franziskanergymnasium-kreuzburg.de\/cms\/schoepfungsprojekt\/","title":{"rendered":"Sch\u00f6pfungsprojekt"},"content":{"rendered":"<p>Im zweiten Halbjahr der Jahrgangsstufe 5 besch\u00e4ftigen sich alle Englisch-Klassen (5c \u2013 5e) mit dem Thema: \u201eSch\u00f6pfung\u201c.<\/p><p>\r\nDas Thema wird aus unterschiedlichen Blickwinkeln (Religion, Biologie, Kunst, Musik, \u00d6kologie) kennengelernt und mit allen Sinnen erfasst.<\/p><p>\r\n<a attid=\"17156\"  href=\"https:\/\/franziskanergymnasium-kreuzburg.de\/cms\/wp-content\/uploads\/2018\/03\/2015_07_19-sommerfest_himmelskisten2.jpg\" data-rel=fancybox rel=\"lightbox[8118]\"><img loading=\"lazy\" decoding=\"async\" src=\"https:\/\/franziskanergymnasium-kreuzburg.de\/cms\/wp-content\/uploads\/2018\/03\/2015_07_19-sommerfest_himmelskisten2-300x194.jpg\" alt=\"\" width=\"300\" height=\"194\" class=\"alignright size-medium wp-image-17156\" srcset=\"https:\/\/franziskanergymnasium-kreuzburg.de\/cms\/wp-content\/uploads\/2018\/03\/2015_07_19-sommerfest_himmelskisten2-300x194.jpg 300w, https:\/\/franziskanergymnasium-kreuzburg.de\/cms\/wp-content\/uploads\/2018\/03\/2015_07_19-sommerfest_himmelskisten2-768x497.jpg 768w, https:\/\/franziskanergymnasium-kreuzburg.de\/cms\/wp-content\/uploads\/2018\/03\/2015_07_19-sommerfest_himmelskisten2-1024x663.jpg 1024w, https:\/\/franziskanergymnasium-kreuzburg.de\/cms\/wp-content\/uploads\/2018\/03\/2015_07_19-sommerfest_himmelskisten2.jpg 1200w\" sizes=\"auto, (max-width: 300px) 100vw, 300px\" \/><\/a>Im Unterricht wird der Sonnengesang von Franziskus gesungen, Sch\u00f6pfungsbilder und Himmelskisten werden gestaltet, der nach einem langem Winter wieder erwachendn Niederwald w\u00e4hrend eines Unterrichtsgangs durchstreift, aber Euch auch im Rahmen einer M\u00fcllsammelaktion mit den schmutzigen Hinterlassenschaften der Mitsch\u00fclerinnen und Mitsch\u00fcler auseinandergesetzt.<\/p><p>\r\nDie Erarbeitung dieses Themas schlie\u00dft einen Ausflug in das Senckenberg Museum in Frankfurt am Main oder in die Grube Messel ein.<\/p><p>\r\n\r\n<a attid=\"6052\"  href=\"https:\/\/franziskanergymnasium-kreuzburg.de\/cms\/wp-content\/uploads\/2015\/07\/2015_07_19-sommerfest_FLB_Sch\u00f6pfung5.jpg\" data-rel=fancybox rel=\"lightbox[8118]\"><img loading=\"lazy\" decoding=\"async\" src=\"https:\/\/franziskanergymnasium-kreuzburg.de\/cms\/wp-content\/uploads\/2015\/07\/2015_07_19-sommerfest_FLB_Sch\u00f6pfung5-300x225.jpg\" alt=\"\" width=\"300\" height=\"225\" class=\"alignleft size-medium wp-image-6052\" srcset=\"https:\/\/franziskanergymnasium-kreuzburg.de\/cms\/wp-content\/uploads\/2015\/07\/2015_07_19-sommerfest_FLB_Sch\u00f6pfung5-300x225.jpg 300w, https:\/\/franziskanergymnasium-kreuzburg.de\/cms\/wp-content\/uploads\/2015\/07\/2015_07_19-sommerfest_FLB_Sch\u00f6pfung5-1024x768.jpg 1024w, https:\/\/franziskanergymnasium-kreuzburg.de\/cms\/wp-content\/uploads\/2015\/07\/2015_07_19-sommerfest_FLB_Sch\u00f6pfung5.jpg 1200w\" sizes=\"auto, (max-width: 300px) 100vw, 300px\" \/><\/a><a attid=\"17157\"  href=\"https:\/\/franziskanergymnasium-kreuzburg.de\/cms\/wp-content\/uploads\/2018\/03\/2015_07_19-sommerfest_FLB_Schoe4pfung4.jpg\" data-rel=fancybox rel=\"lightbox[8118]\"><img loading=\"lazy\" decoding=\"async\" src=\"https:\/\/franziskanergymnasium-kreuzburg.de\/cms\/wp-content\/uploads\/2018\/03\/2015_07_19-sommerfest_FLB_Schoe4pfung4-300x225.jpg\" alt=\"\" width=\"300\" height=\"225\" class=\"alignright size-medium wp-image-17157\" srcset=\"https:\/\/franziskanergymnasium-kreuzburg.de\/cms\/wp-content\/uploads\/2018\/03\/2015_07_19-sommerfest_FLB_Schoe4pfung4-300x225.jpg 300w, https:\/\/franziskanergymnasium-kreuzburg.de\/cms\/wp-content\/uploads\/2018\/03\/2015_07_19-sommerfest_FLB_Schoe4pfung4-768x576.jpg 768w, https:\/\/franziskanergymnasium-kreuzburg.de\/cms\/wp-content\/uploads\/2018\/03\/2015_07_19-sommerfest_FLB_Schoe4pfung4-1024x768.jpg 1024w, https:\/\/franziskanergymnasium-kreuzburg.de\/cms\/wp-content\/uploads\/2018\/03\/2015_07_19-sommerfest_FLB_Schoe4pfung4.jpg 1200w\" sizes=\"auto, (max-width: 300px) 100vw, 300px\" \/><\/a> \r\n","protected":false},"excerpt":{"rendered":"Im zweiten Halbjahr der Jahrgangsstufe 5 besch\u00e4ftigen sich alle Englisch-Klassen (5c \u2013 5e) mit dem Thema: \u201eSch\u00f6pfung\u201c. Das Thema wird aus unterschiedlichen Blickwinkeln (Religion, Biologie, Kunst, Musik, \u00d6kologie) kennengelernt und mit allen Sinnen erfasst. Im Unterricht wird der Sonnengesang von Franziskus gesungen, Sch\u00f6pfungsbilder und Himmelskisten werden gestaltet, der nach einem langem Winter wieder erwachendn Niederwald w\u00e4hrend eines Unterrichtsgangs durchstreift, aber Euch auch im Rahmen einer M\u00fcllsammelaktion mit den schmutzigen Hinterlassenschaften der Mitsch\u00fclerinnen und Mitsch\u00fcler auseinandergesetzt. Die Erarbeitung dieses Themas schlie\u00dft einen Ausflug in das Senckenberg Museum in Frankfurt am Main oder in die Grube Messel ein.","protected":false},"author":3,"featured_media":0,"parent":0,"menu_order":0,"comment_status":"closed","ping_status":"closed","template":"","meta":{"ngg_post_thumbnail":0,"footnotes":""},"class_list":["post-8118","page","type-page","status-publish","hentry"],"publishpress_future_action":{"enabled":false,"date":"2026-04-28 21:15:48","action":"change-status","newStatus":"draft","terms":[],"taxonomy":"","extraData":[]},"publishpress_future_workflow_manual_trigger":{"enabledWorkflows":[]},"_links":{"self":[{"href":"https:\/\/franziskanergymnasium-kreuzburg.de\/cms\/wp-json\/wp\/v2\/pages\/8118","targetHints":{"allow":["GET"]}}],"collection":[{"href":"https:\/\/franziskanergymnasium-kreuzburg.de\/cms\/wp-json\/wp\/v2\/pages"}],"about":[{"href":"https:\/\/franziskanergymnasium-kreuzburg.de\/cms\/wp-json\/wp\/v2\/types\/page"}],"author":[{"embeddable":true,"href":"https:\/\/franziskanergymnasium-kreuzburg.de\/cms\/wp-json\/wp\/v2\/users\/3"}],"replies":[{"embeddable":true,"href":"https:\/\/franziskanergymnasium-kreuzburg.de\/cms\/wp-json\/wp\/v2\/comments?post=8118"}],"version-history":[{"count":7,"href":"https:\/\/franziskanergymnasium-kreuzburg.de\/cms\/wp-json\/wp\/v2\/pages\/8118\/revisions"}],"predecessor-version":[{"id":26634,"href":"https:\/\/franziskanergymnasium-kreuzburg.de\/cms\/wp-json\/wp\/v2\/pages\/8118\/revisions\/26634"}],"wp:attachment":[{"href":"https:\/\/franziskanergymnasium-kreuzburg.de\/cms\/wp-json\/wp\/v2\/media?parent=8118"}],"curies":[{"name":"wp","href":"https:\/\/api.w.org\/{rel}","templated":true}]}}